{"id":19385,"date":"2024-11-06T15:51:46","date_gmt":"2024-11-06T12:51:46","guid":{"rendered":"https:\/\/malinashop.lt\/produktas\/technique-balje-colour-protection-cream-horsetail-and-walnut-hull-kremas-kauke-apsauganti-plauku-spalva-1000-ml\/"},"modified":"2026-02-13T00:11:18","modified_gmt":"2026-02-12T21:11:18","slug":"technique-balje-colour-protection-cream-horsetail-and-walnut-hull-kremas-kauke-apsauganti-plauku-spalva-1000-ml","status":"publish","type":"product","link":"https:\/\/www.malinashop.lt\/en\/shop\/technique-balje-colour-protection-cream-horsetail-and-walnut-hull-kremas-kauke-apsauganti-plauku-spalva-1000-ml\/","title":{"rendered":"TECHNIQUE BALJE\u2019 COLOUR PROTECTION CREAM HORSETAIL AND WALNUT HULL kremas-kauk\u0117 apsauganti plauk\u0173 spalv\u0105 , 1000 ml"},"content":{"rendered":"<p>&#8222;TECHNIQUE BALJE\u2019 plauk\u0173 spalv\u0105 apsaugantis kremas-kauk\u0117 su asi\u016bklio ir graikini\u0173 rie\u0161ut\u0173 ekstraktais yra idealus pasirinkimas da\u017eytiems plaukams. \u0160i kauk\u0117 suteikia ry\u0161kumo, atgaivina spalv\u0105 ir suteikia plaukams \u201e\u0161ilko efekto\u201c poj\u016bt\u012f.<\/p>\n<p>Asi\u016bklio ekstraktas \u017einomas d\u0117l elastingumo ir remineralizacijos savybi\u0173, stiprina plauk\u0173 folikulus, skatina sveik\u0105 augim\u0105 ir pagerina galvos odos b\u016bkl\u0119. Jo sud\u0117tyje esantis cisteinas ir silicis suteikia plaukams blizgesio ir stiprumo.<br \/>\nGraikini\u0173 rie\u0161ut\u0173 ekstraktas apsaugo nuo UV spinduli\u0173, suteikia ilgai i\u0161liekant\u012f spindes\u012f ir \u0161velnum\u0105. Jame gausu vitamin\u0173 ir mineral\u0173, kurie maitina saus\u0105, gyvybingum\u0105 praradus\u012f plauk\u0105, atstatydami nat\u016bral\u0173 \u0161velnum\u0105.<br \/>\nNaudojimo instrukcijos:<\/p>\n<p>U\u017ed\u0117kite nedidel\u012f kauk\u0117s kiek\u012f ant \u0161amp\u016bnu i\u0161plaut\u0173 dr\u0117gn\u0173 plauk\u0173.<br \/>\nTolygiai paskirstykite per vis\u0105 plauk\u0173 ilg\u012f.<br \/>\nPalikite kelioms minut\u0117ms, kad \u012fsigert\u0173.<br \/>\nKruop\u0161\u010diai i\u0161skalaukite.<\/p>\n<p>Su TECHNIQUE BALJE\u2019 kremu-kauke j\u016bs\u0173 plaukai atrodys sveiki, \u017evilgantys ir apsaugoti!&#8221;<\/p>\n<div class=\"text-tab text-tab-id-10\">\n<p>Siuntas i\u0161siun\u010diame antradieniais ir ketvirtadieniais. Jei d\u0117l koki\u0173 nors prie\u017eas\u010di\u0173 siunta negali b\u016bti i\u0161si\u0173sta \u0161iomis dienomis ir ji yra perkeliama \u012f kit\u0105 dien\u0105, apie tai informuosime jus svetain\u0117je arba el. pa\u0161tu.<\/p>\n<p>\u201eJei turite klausim\u0173, pra\u0161ome susisiekti el. pa\u0161tu info@malinashop.lt arba telefonu +37065444002 darbo dienomis nuo 10:00 iki 16:00 val.\u201c<\/p>\n<\/div>\n<div class=\"text-tab text-tab-id-11\">\n<p>Perkant u\u017e daugiau nei 50\u20ac &#8211; pristatymas nemokamas.<\/p>\n<p>Pristatymas \u012f LPexpress pa\u0161tomat\u0105\u00a0(visoje Lietuvoje, i\u0161skyrus Kur\u0161i\u0173 Nerij\u0105).<\/p>\n<\/div>\n","protected":false},"excerpt":{"rendered":"<p>&#8222;TECHNIQUE BALJE\u2019 plauk\u0173 spalv\u0105 apsaugantis kremas-kauk\u0117 su asi\u016bklio ir graikini\u0173 rie\u0161ut\u0173 ekstraktais yra idealus pasirinkimas da\u017eytiems plaukams. \u0160i kauk\u0117 suteikia ry\u0161kumo, atgaivina&hellip;<\/p>\n","protected":false},"featured_media":18101,"template":"","meta":[],"product_brand":[519],"product_cat":[517],"product_tag":[1638],"class_list":{"0":"post-19385","1":"product","2":"type-product","3":"status-publish","4":"has-post-thumbnail","6":"product_brand-technique","7":"product_cat-plauku-kaukes-ir-kremai-ampules","8":"product_tag-technique","10":"first","11":"instock","12":"sale","13":"taxable","14":"shipping-taxable","15":"purchasable","16":"product-type-simple"},"yoast_head":"<!-- This site is optimized with the Yoast SEO plugin v27.4 - https:\/\/yoast.com\/product\/yoast-seo-wordpress\/ -->\n<title>TECHNIQUE BALJE\u2019 COLOUR PROTECTION CREAM HORSETAIL AND WALNUT HULL kremas-kauk\u0117 apsauganti plauk\u0173 spalv\u0105 , 1000 ml - MalinaShop.lt J\u016bs\u0173 sveikatai ir gro\u017eiui.<\/title>\n<meta name=\"robots\" content=\"index, follow, max-snippet:-1, max-image-preview:large, max-video-preview:-1\" \/>\n<link rel=\"canonical\" href=\"https:\/\/www.malinashop.lt\/en\/shop\/technique-balje-colour-protection-cream-horsetail-and-walnut-hull-kremas-kauke-apsauganti-plauku-spalva-1000-ml\/\" \/>\n<meta property=\"og:locale\" content=\"en_GB\" \/>\n<meta property=\"og:type\" content=\"article\" \/>\n<meta property=\"og:title\" content=\"TECHNIQUE BALJE\u2019 COLOUR PROTECTION CREAM HORSETAIL AND WALNUT HULL kremas-kauk\u0117 apsauganti plauk\u0173 spalv\u0105 , 1000 ml - MalinaShop.lt J\u016bs\u0173 sveikatai ir gro\u017eiui.\" \/>\n<meta property=\"og:url\" content=\"https:\/\/www.malinashop.lt\/en\/shop\/technique-balje-colour-protection-cream-horsetail-and-walnut-hull-kremas-kauke-apsauganti-plauku-spalva-1000-ml\/\" \/>\n<meta property=\"og:site_name\" content=\"MalinaShop.lt J\u016bs\u0173 sveikatai ir gro\u017eiui.\" \/>\n<meta property=\"article:modified_time\" content=\"2026-02-12T21:11:18+00:00\" \/>\n<meta property=\"og:image\" content=\"https:\/\/www.malinashop.lt\/wp-content\/uploads\/2024\/11\/TECHNIQUE-BALJE-COLOUR-PROTECTION-CREAM-HORSETAIL-AND-WALNUT-HULL-kremas-kauke-apsauganti-plauku-spalva-1000-ml.png\" \/>\n\t<meta property=\"og:image:width\" content=\"1000\" \/>\n\t<meta property=\"og:image:height\" content=\"1000\" \/>\n\t<meta property=\"og:image:type\" content=\"image\/png\" \/>\n<meta name=\"twitter:card\" content=\"summary_large_image\" \/>\n<script type=\"application\/ld+json\" class=\"yoast-schema-graph\">{\"@context\":\"https:\\\/\\\/schema.org\",\"@graph\":[{\"@type\":\"WebPage\",\"@id\":\"https:\\\/\\\/www.malinashop.lt\\\/lt_lt\\\/shop\\\/technique-balje-colour-protection-cream-horsetail-and-walnut-hull-kremas-kauke-apsauganti-plauku-spalva-1000-ml\\\/\",\"url\":\"https:\\\/\\\/www.malinashop.lt\\\/lt_lt\\\/shop\\\/technique-balje-colour-protection-cream-horsetail-and-walnut-hull-kremas-kauke-apsauganti-plauku-spalva-1000-ml\\\/\",\"name\":\"TECHNIQUE BALJE\u2019 COLOUR PROTECTION CREAM HORSETAIL AND WALNUT HULL kremas-kauk\u0117 apsauganti plauk\u0173 spalv\u0105 , 1000 ml - MalinaShop.lt J\u016bs\u0173 sveikatai ir gro\u017eiui.\",\"isPartOf\":{\"@id\":\"https:\\\/\\\/www.malinashop.lt\\\/#website\"},\"primaryImageOfPage\":{\"@id\":\"https:\\\/\\\/www.malinashop.lt\\\/lt_lt\\\/shop\\\/technique-balje-colour-protection-cream-horsetail-and-walnut-hull-kremas-kauke-apsauganti-plauku-spalva-1000-ml\\\/#primaryimage\"},\"image\":{\"@id\":\"https:\\\/\\\/www.malinashop.lt\\\/lt_lt\\\/shop\\\/technique-balje-colour-protection-cream-horsetail-and-walnut-hull-kremas-kauke-apsauganti-plauku-spalva-1000-ml\\\/#primaryimage\"},\"thumbnailUrl\":\"https:\\\/\\\/www.malinashop.lt\\\/wp-content\\\/uploads\\\/2024\\\/11\\\/TECHNIQUE-BALJE-COLOUR-PROTECTION-CREAM-HORSETAIL-AND-WALNUT-HULL-kremas-kauke-apsauganti-plauku-spalva-1000-ml.png\",\"datePublished\":\"2024-11-06T12:51:46+00:00\",\"dateModified\":\"2026-02-12T21:11:18+00:00\",\"breadcrumb\":{\"@id\":\"https:\\\/\\\/www.malinashop.lt\\\/lt_lt\\\/shop\\\/technique-balje-colour-protection-cream-horsetail-and-walnut-hull-kremas-kauke-apsauganti-plauku-spalva-1000-ml\\\/#breadcrumb\"},\"inLanguage\":\"en-GB\",\"potentialAction\":[{\"@type\":\"ReadAction\",\"target\":[\"https:\\\/\\\/www.malinashop.lt\\\/lt_lt\\\/shop\\\/technique-balje-colour-protection-cream-horsetail-and-walnut-hull-kremas-kauke-apsauganti-plauku-spalva-1000-ml\\\/\"]}]},{\"@type\":\"ImageObject\",\"inLanguage\":\"en-GB\",\"@id\":\"https:\\\/\\\/www.malinashop.lt\\\/lt_lt\\\/shop\\\/technique-balje-colour-protection-cream-horsetail-and-walnut-hull-kremas-kauke-apsauganti-plauku-spalva-1000-ml\\\/#primaryimage\",\"url\":\"https:\\\/\\\/www.malinashop.lt\\\/wp-content\\\/uploads\\\/2024\\\/11\\\/TECHNIQUE-BALJE-COLOUR-PROTECTION-CREAM-HORSETAIL-AND-WALNUT-HULL-kremas-kauke-apsauganti-plauku-spalva-1000-ml.png\",\"contentUrl\":\"https:\\\/\\\/www.malinashop.lt\\\/wp-content\\\/uploads\\\/2024\\\/11\\\/TECHNIQUE-BALJE-COLOUR-PROTECTION-CREAM-HORSETAIL-AND-WALNUT-HULL-kremas-kauke-apsauganti-plauku-spalva-1000-ml.png\",\"width\":1000,\"height\":1000},{\"@type\":\"BreadcrumbList\",\"@id\":\"https:\\\/\\\/www.malinashop.lt\\\/lt_lt\\\/shop\\\/technique-balje-colour-protection-cream-horsetail-and-walnut-hull-kremas-kauke-apsauganti-plauku-spalva-1000-ml\\\/#breadcrumb\",\"itemListElement\":[{\"@type\":\"ListItem\",\"position\":1,\"name\":\"Pagrindinis\",\"item\":\"https:\\\/\\\/www.malinashop.lt\\\/\"},{\"@type\":\"ListItem\",\"position\":2,\"name\":\"Parduotuv\u0117\",\"item\":\"https:\\\/\\\/www.malinashop.lt\\\/en\\\/parduotuve\\\/\"},{\"@type\":\"ListItem\",\"position\":3,\"name\":\"TECHNIQUE BALJE\u2019 COLOUR PROTECTION CREAM HORSETAIL AND WALNUT HULL kremas-kauk\u0117 apsauganti plauk\u0173 spalv\u0105 , 1000 ml\"}]},{\"@type\":\"WebSite\",\"@id\":\"https:\\\/\\\/www.malinashop.lt\\\/#website\",\"url\":\"https:\\\/\\\/www.malinashop.lt\\\/\",\"name\":\"COM Group Ecommerce\",\"description\":\"MalinaShop.lt - Gro\u017eio ir sveikatos produktai i\u0161 patikim\u0173 preki\u0173 \u017eenkl\u0173. Atraskite auk\u0161tos kokyb\u0117s kosmetik\u0105 u\u017e puiki\u0105 kain\u0105.\",\"publisher\":{\"@id\":\"https:\\\/\\\/www.malinashop.lt\\\/#organization\"},\"potentialAction\":[{\"@type\":\"SearchAction\",\"target\":{\"@type\":\"EntryPoint\",\"urlTemplate\":\"https:\\\/\\\/www.malinashop.lt\\\/?s={search_term_string}\"},\"query-input\":{\"@type\":\"PropertyValueSpecification\",\"valueRequired\":true,\"valueName\":\"search_term_string\"}}],\"inLanguage\":\"en-GB\"},{\"@type\":\"Organization\",\"@id\":\"https:\\\/\\\/www.malinashop.lt\\\/#organization\",\"name\":\"COM Group Ecommerce\",\"url\":\"https:\\\/\\\/www.malinashop.lt\\\/\",\"logo\":{\"@type\":\"ImageObject\",\"inLanguage\":\"en-GB\",\"@id\":\"https:\\\/\\\/www.malinashop.lt\\\/#\\\/schema\\\/logo\\\/image\\\/\",\"url\":\"https:\\\/\\\/www.malinashop.lt\\\/wp-content\\\/uploads\\\/2024\\\/08\\\/462559670_3787732518133670_9795632669273463_n-e1731525914575.png\",\"contentUrl\":\"https:\\\/\\\/www.malinashop.lt\\\/wp-content\\\/uploads\\\/2024\\\/08\\\/462559670_3787732518133670_9795632669273463_n-e1731525914575.png\",\"width\":180,\"height\":60,\"caption\":\"COM Group Ecommerce\"},\"image\":{\"@id\":\"https:\\\/\\\/www.malinashop.lt\\\/#\\\/schema\\\/logo\\\/image\\\/\"}}]}<\/script>\n<!-- \/ Yoast SEO plugin. -->","yoast_head_json":{"title":"TECHNIQUE BALJE\u2019 COLOUR PROTECTION CREAM HORSETAIL AND WALNUT HULL kremas-kauk\u0117 apsauganti plauk\u0173 spalv\u0105 , 1000 ml - MalinaShop.lt J\u016bs\u0173 sveikatai ir gro\u017eiui.","robots":{"index":"index","follow":"follow","max-snippet":"max-snippet:-1","max-image-preview":"max-image-preview:large","max-video-preview":"max-video-preview:-1"},"canonical":"https:\/\/www.malinashop.lt\/en\/shop\/technique-balje-colour-protection-cream-horsetail-and-walnut-hull-kremas-kauke-apsauganti-plauku-spalva-1000-ml\/","og_locale":"en_GB","og_type":"article","og_title":"TECHNIQUE BALJE\u2019 COLOUR PROTECTION CREAM HORSETAIL AND WALNUT HULL kremas-kauk\u0117 apsauganti plauk\u0173 spalv\u0105 , 1000 ml - MalinaShop.lt J\u016bs\u0173 sveikatai ir gro\u017eiui.","og_url":"https:\/\/www.malinashop.lt\/en\/shop\/technique-balje-colour-protection-cream-horsetail-and-walnut-hull-kremas-kauke-apsauganti-plauku-spalva-1000-ml\/","og_site_name":"MalinaShop.lt J\u016bs\u0173 sveikatai ir gro\u017eiui.","article_modified_time":"2026-02-12T21:11:18+00:00","og_image":[{"width":1000,"height":1000,"url":"https:\/\/www.malinashop.lt\/wp-content\/uploads\/2024\/11\/TECHNIQUE-BALJE-COLOUR-PROTECTION-CREAM-HORSETAIL-AND-WALNUT-HULL-kremas-kauke-apsauganti-plauku-spalva-1000-ml.png","type":"image\/png"}],"twitter_card":"summary_large_image","schema":{"@context":"https:\/\/schema.org","@graph":[{"@type":"WebPage","@id":"https:\/\/www.malinashop.lt\/lt_lt\/shop\/technique-balje-colour-protection-cream-horsetail-and-walnut-hull-kremas-kauke-apsauganti-plauku-spalva-1000-ml\/","url":"https:\/\/www.malinashop.lt\/lt_lt\/shop\/technique-balje-colour-protection-cream-horsetail-and-walnut-hull-kremas-kauke-apsauganti-plauku-spalva-1000-ml\/","name":"TECHNIQUE BALJE\u2019 COLOUR PROTECTION CREAM HORSETAIL AND WALNUT HULL kremas-kauk\u0117 apsauganti plauk\u0173 spalv\u0105 , 1000 ml - MalinaShop.lt J\u016bs\u0173 sveikatai ir gro\u017eiui.","isPartOf":{"@id":"https:\/\/www.malinashop.lt\/#website"},"primaryImageOfPage":{"@id":"https:\/\/www.malinashop.lt\/lt_lt\/shop\/technique-balje-colour-protection-cream-horsetail-and-walnut-hull-kremas-kauke-apsauganti-plauku-spalva-1000-ml\/#primaryimage"},"image":{"@id":"https:\/\/www.malinashop.lt\/lt_lt\/shop\/technique-balje-colour-protection-cream-horsetail-and-walnut-hull-kremas-kauke-apsauganti-plauku-spalva-1000-ml\/#primaryimage"},"thumbnailUrl":"https:\/\/www.malinashop.lt\/wp-content\/uploads\/2024\/11\/TECHNIQUE-BALJE-COLOUR-PROTECTION-CREAM-HORSETAIL-AND-WALNUT-HULL-kremas-kauke-apsauganti-plauku-spalva-1000-ml.png","datePublished":"2024-11-06T12:51:46+00:00","dateModified":"2026-02-12T21:11:18+00:00","breadcrumb":{"@id":"https:\/\/www.malinashop.lt\/lt_lt\/shop\/technique-balje-colour-protection-cream-horsetail-and-walnut-hull-kremas-kauke-apsauganti-plauku-spalva-1000-ml\/#breadcrumb"},"inLanguage":"en-GB","potentialAction":[{"@type":"ReadAction","target":["https:\/\/www.malinashop.lt\/lt_lt\/shop\/technique-balje-colour-protection-cream-horsetail-and-walnut-hull-kremas-kauke-apsauganti-plauku-spalva-1000-ml\/"]}]},{"@type":"ImageObject","inLanguage":"en-GB","@id":"https:\/\/www.malinashop.lt\/lt_lt\/shop\/technique-balje-colour-protection-cream-horsetail-and-walnut-hull-kremas-kauke-apsauganti-plauku-spalva-1000-ml\/#primaryimage","url":"https:\/\/www.malinashop.lt\/wp-content\/uploads\/2024\/11\/TECHNIQUE-BALJE-COLOUR-PROTECTION-CREAM-HORSETAIL-AND-WALNUT-HULL-kremas-kauke-apsauganti-plauku-spalva-1000-ml.png","contentUrl":"https:\/\/www.malinashop.lt\/wp-content\/uploads\/2024\/11\/TECHNIQUE-BALJE-COLOUR-PROTECTION-CREAM-HORSETAIL-AND-WALNUT-HULL-kremas-kauke-apsauganti-plauku-spalva-1000-ml.png","width":1000,"height":1000},{"@type":"BreadcrumbList","@id":"https:\/\/www.malinashop.lt\/lt_lt\/shop\/technique-balje-colour-protection-cream-horsetail-and-walnut-hull-kremas-kauke-apsauganti-plauku-spalva-1000-ml\/#breadcrumb","itemListElement":[{"@type":"ListItem","position":1,"name":"Pagrindinis","item":"https:\/\/www.malinashop.lt\/"},{"@type":"ListItem","position":2,"name":"Parduotuv\u0117","item":"https:\/\/www.malinashop.lt\/en\/parduotuve\/"},{"@type":"ListItem","position":3,"name":"TECHNIQUE BALJE\u2019 COLOUR PROTECTION CREAM HORSETAIL AND WALNUT HULL kremas-kauk\u0117 apsauganti plauk\u0173 spalv\u0105 , 1000 ml"}]},{"@type":"WebSite","@id":"https:\/\/www.malinashop.lt\/#website","url":"https:\/\/www.malinashop.lt\/","name":"COM Group Ecommerce","description":"MalinaShop.lt - Gro\u017eio ir sveikatos produktai i\u0161 patikim\u0173 preki\u0173 \u017eenkl\u0173. Atraskite auk\u0161tos kokyb\u0117s kosmetik\u0105 u\u017e puiki\u0105 kain\u0105.","publisher":{"@id":"https:\/\/www.malinashop.lt\/#organization"},"potentialAction":[{"@type":"SearchAction","target":{"@type":"EntryPoint","urlTemplate":"https:\/\/www.malinashop.lt\/?s={search_term_string}"},"query-input":{"@type":"PropertyValueSpecification","valueRequired":true,"valueName":"search_term_string"}}],"inLanguage":"en-GB"},{"@type":"Organization","@id":"https:\/\/www.malinashop.lt\/#organization","name":"COM Group Ecommerce","url":"https:\/\/www.malinashop.lt\/","logo":{"@type":"ImageObject","inLanguage":"en-GB","@id":"https:\/\/www.malinashop.lt\/#\/schema\/logo\/image\/","url":"https:\/\/www.malinashop.lt\/wp-content\/uploads\/2024\/08\/462559670_3787732518133670_9795632669273463_n-e1731525914575.png","contentUrl":"https:\/\/www.malinashop.lt\/wp-content\/uploads\/2024\/08\/462559670_3787732518133670_9795632669273463_n-e1731525914575.png","width":180,"height":60,"caption":"COM Group Ecommerce"},"image":{"@id":"https:\/\/www.malinashop.lt\/#\/schema\/logo\/image\/"}}]}},"jetpack_sharing_enabled":true,"_links":{"self":[{"href":"https:\/\/www.malinashop.lt\/en\/wp-json\/wp\/v2\/product\/19385","targetHints":{"allow":["GET"]}}],"collection":[{"href":"https:\/\/www.malinashop.lt\/en\/wp-json\/wp\/v2\/product"}],"about":[{"href":"https:\/\/www.malinashop.lt\/en\/wp-json\/wp\/v2\/types\/product"}],"version-history":[{"count":1,"href":"https:\/\/www.malinashop.lt\/en\/wp-json\/wp\/v2\/product\/19385\/revisions"}],"predecessor-version":[{"id":33293,"href":"https:\/\/www.malinashop.lt\/en\/wp-json\/wp\/v2\/product\/19385\/revisions\/33293"}],"wp:featuredmedia":[{"embeddable":true,"href":"https:\/\/www.malinashop.lt\/en\/wp-json\/wp\/v2\/media\/18101"}],"wp:attachment":[{"href":"https:\/\/www.malinashop.lt\/en\/wp-json\/wp\/v2\/media?parent=19385"}],"wp:term":[{"taxonomy":"product_brand","embeddable":true,"href":"https:\/\/www.malinashop.lt\/en\/wp-json\/wp\/v2\/product_brand?post=19385"},{"taxonomy":"product_cat","embeddable":true,"href":"https:\/\/www.malinashop.lt\/en\/wp-json\/wp\/v2\/product_cat?post=19385"},{"taxonomy":"product_tag","embeddable":true,"href":"https:\/\/www.malinashop.lt\/en\/wp-json\/wp\/v2\/product_tag?post=19385"}],"curies":[{"name":"wp","href":"https:\/\/api.w.org\/{rel}","templated":true}]}}