{"id":19358,"date":"2024-11-06T15:51:43","date_gmt":"2024-11-06T12:51:43","guid":{"rendered":"https:\/\/malinashop.lt\/produktas\/yunsey-creationyst-texture-cream-lengvos-fiksacijos-plaukams-suteikiantis-kremas-200-ml\/"},"modified":"2026-02-12T21:57:47","modified_gmt":"2026-02-12T18:57:47","slug":"yunsey-creationyst-texture-cream-lengvos-fiksacijos-plaukams-suteikiantis-kremas-200-ml","status":"publish","type":"product","link":"https:\/\/www.malinashop.lt\/en\/shop\/yunsey-creationyst-texture-cream-lengvos-fiksacijos-plaukams-suteikiantis-kremas-200-ml\/","title":{"rendered":"YUNSEY CREATIONYST TEXTURE CREAM  lengvos fiksacijos plaukams suteikiantis kremas, 200 ml"},"content":{"rendered":"<p>YUNSEY Kremas Plaukams<\/p>\n<p>YUNSEY kremas plaukams suteikia lengv\u0105 fiksacij\u0105, form\u0105 ir tekst\u016br\u0105. Jis nepalieka liku\u010di\u0173, suteikia \u0161velnumo ir blizgesio, tod\u0117l plaukai tampa lengvi iki pat galiuk\u0173. Kremas apgaubia plauk\u0105 plonyte pl\u0117vele, padedan\u010dia lengviau \u0161ukuoti ir suteikian\u010dia \u017evilgesio. Veikliosios med\u017eiagos stiprina plauko folikul\u0105 ir apsaugo nuo i\u0161saus\u0117jimo.<\/p>\n<p>Kvie\u010di\u0173 gemal\u0173 ekstraktas yra puikus antioksidantas, apsaugantis nuo laisv\u0173j\u0173 radikal\u0173 poveikio. Ekstrakte esantis organinis selenas ir karotinoidai suteikia plaukams tvirtumo ir tankumo, dr\u0117kina ir mink\u0161tina plaukus. Ekstrakte yra vitamin\u0173 E, B grup\u0117s vitamin\u0173, provitamino A, vitamin\u0173 D, P ir PP, mikro ir makroelement\u0173, lecitino, cholino bei riebal\u0173 r\u016bg\u0161\u010di\u0173, toki\u0173 kaip linolo, oleino, palmitino ir stearino. \u0160ios med\u017eiagos stiprina plauk\u0173 strukt\u016br\u0105 ir elastingum\u0105.<\/p>\n<p>Lazdyno rie\u0161ut\u0173 aliejus yra lengvos konsistencijos, neu\u017ekem\u0161a por\u0173 ir padeda sureguliuoti riebal\u0173 (sebumo) i\u0161siskyrim\u0105 bei ma\u017eina ink\u0161tir\u0173 atsiradim\u0105. Jis pasi\u017eymi antibakterin\u0117mis savyb\u0117mis, intensyviai dr\u0117kina ir mink\u0161tina saus\u0105 od\u0105, tur\u0117damas daug amino r\u016bg\u0161\u010di\u0173, ir stangrina od\u0105.<\/p>\n<p>Glicerinas pasi\u017eymi intensyviu dr\u0117kinamuoju poveikiu ir yra labai gerai toleruojamas. Jis geba suri\u0161ti vanden\u012f ir i\u0161laikyti dr\u0117gm\u0119 plaukuose, apsaugodamas juos nuo i\u0161saus\u0117jimo. Glicerinas veiksmingai i\u0161laiko dr\u0117gm\u0119 ir apsaugo plaukus nuo saus\u0117jimo.<\/p>\n<p>Naudojimas: Nedidel\u012f kiek\u012f kremo pirmiausia paskirstykite tarp deln\u0173, tada tepkite ant dr\u0117gn\u0173 plauk\u0173 ir formuokite \u0161ukuosen\u0105. YUNSEY lengvos fiksacijos plaukams suteikiantis kremas gali b\u016bti naudojamas kasdien.<\/p>\n<p><span style=\"color: var(--rz-text-color); font-family: var(--rz-font-family-primary);\">Siuntas i\u0161siun\u010diame antradieniais ir ketvirtadieniais. Jei d\u0117l koki\u0173 nors prie\u017eas\u010di\u0173 siunta negali b\u016bti i\u0161si\u0173sta \u0161iomis dienomis ir ji yra perkeliama \u012f kit\u0105 dien\u0105, apie tai informuosime jus svetain\u0117je arba el. pa\u0161tu.<\/span><\/p>\n<div class=\"text-tab text-tab-id-10\">\n<p>\u201eJei turite klausim\u0173, pra\u0161ome susisiekti el. pa\u0161tu info@malinashop.lt arba telefonu +37065444002 darbo dienomis nuo 10:00 iki 16:00 val.\u201c<\/p>\n<\/div>\n<div class=\"text-tab text-tab-id-11\">\n<p>Perkant u\u017e daugiau nei 50\u20ac &#8211; pristatymas nemokamas.<\/p>\n<p>Pristatymas \u012f LPexpress pa\u0161tomat\u0105\u00a0(visoje Lietuvoje, i\u0161skyrus Kur\u0161i\u0173 Nerij\u0105).<\/p>\n<\/div>\n","protected":false},"excerpt":{"rendered":"<p>YUNSEY Kremas Plaukams YUNSEY kremas plaukams suteikia lengv\u0105 fiksacij\u0105, form\u0105 ir tekst\u016br\u0105. Jis nepalieka liku\u010di\u0173, suteikia \u0161velnumo ir blizgesio, tod\u0117l plaukai tampa&hellip;<\/p>\n","protected":false},"featured_media":21325,"template":"","meta":[],"product_brand":[513],"product_cat":[518],"product_tag":[1143],"class_list":{"0":"post-19358","1":"product","2":"type-product","3":"status-publish","4":"has-post-thumbnail","6":"product_brand-yunsey","7":"product_cat-plauku-lakai-putos-vaskas-ir-kitos-priemones","8":"product_tag-yunsey","10":"first","11":"outofstock","12":"sale","13":"taxable","14":"shipping-taxable","15":"purchasable","16":"product-type-simple"},"yoast_head":"<!-- This site is optimized with the Yoast SEO plugin v27.4 - https:\/\/yoast.com\/product\/yoast-seo-wordpress\/ -->\n<title>YUNSEY CREATIONYST TEXTURE CREAM lengvos fiksacijos plaukams suteikiantis kremas, 200 ml - MalinaShop.lt J\u016bs\u0173 sveikatai ir gro\u017eiui.<\/title>\n<meta name=\"robots\" content=\"index, follow, max-snippet:-1, max-image-preview:large, max-video-preview:-1\" \/>\n<link rel=\"canonical\" href=\"https:\/\/www.malinashop.lt\/en\/shop\/yunsey-creationyst-texture-cream-lengvos-fiksacijos-plaukams-suteikiantis-kremas-200-ml\/\" \/>\n<meta property=\"og:locale\" content=\"en_GB\" \/>\n<meta property=\"og:type\" content=\"article\" \/>\n<meta property=\"og:title\" content=\"YUNSEY CREATIONYST TEXTURE CREAM lengvos fiksacijos plaukams suteikiantis kremas, 200 ml - MalinaShop.lt J\u016bs\u0173 sveikatai ir gro\u017eiui.\" \/>\n<meta property=\"og:url\" content=\"https:\/\/www.malinashop.lt\/en\/shop\/yunsey-creationyst-texture-cream-lengvos-fiksacijos-plaukams-suteikiantis-kremas-200-ml\/\" \/>\n<meta property=\"og:site_name\" content=\"MalinaShop.lt J\u016bs\u0173 sveikatai ir gro\u017eiui.\" \/>\n<meta property=\"article:modified_time\" content=\"2026-02-12T18:57:47+00:00\" \/>\n<meta property=\"og:image\" content=\"https:\/\/www.malinashop.lt\/wp-content\/uploads\/2024\/11\/yunsey-hand-cream-regeneruojamasis-ranku-kremas-30-ml-kopija-1.jpg\" \/>\n\t<meta property=\"og:image:width\" content=\"388\" \/>\n\t<meta property=\"og:image:height\" content=\"388\" \/>\n\t<meta property=\"og:image:type\" content=\"image\/jpeg\" \/>\n<meta name=\"twitter:card\" content=\"summary_large_image\" \/>\n<script type=\"application\/ld+json\" class=\"yoast-schema-graph\">{\"@context\":\"https:\\\/\\\/schema.org\",\"@graph\":[{\"@type\":\"WebPage\",\"@id\":\"https:\\\/\\\/www.malinashop.lt\\\/lt_lt\\\/shop\\\/yunsey-creationyst-texture-cream-lengvos-fiksacijos-plaukams-suteikiantis-kremas-200-ml\\\/\",\"url\":\"https:\\\/\\\/www.malinashop.lt\\\/lt_lt\\\/shop\\\/yunsey-creationyst-texture-cream-lengvos-fiksacijos-plaukams-suteikiantis-kremas-200-ml\\\/\",\"name\":\"YUNSEY CREATIONYST TEXTURE CREAM lengvos fiksacijos plaukams suteikiantis kremas, 200 ml - MalinaShop.lt J\u016bs\u0173 sveikatai ir gro\u017eiui.\",\"isPartOf\":{\"@id\":\"https:\\\/\\\/www.malinashop.lt\\\/#website\"},\"primaryImageOfPage\":{\"@id\":\"https:\\\/\\\/www.malinashop.lt\\\/lt_lt\\\/shop\\\/yunsey-creationyst-texture-cream-lengvos-fiksacijos-plaukams-suteikiantis-kremas-200-ml\\\/#primaryimage\"},\"image\":{\"@id\":\"https:\\\/\\\/www.malinashop.lt\\\/lt_lt\\\/shop\\\/yunsey-creationyst-texture-cream-lengvos-fiksacijos-plaukams-suteikiantis-kremas-200-ml\\\/#primaryimage\"},\"thumbnailUrl\":\"https:\\\/\\\/www.malinashop.lt\\\/wp-content\\\/uploads\\\/2024\\\/11\\\/yunsey-hand-cream-regeneruojamasis-ranku-kremas-30-ml-kopija-1.jpg\",\"datePublished\":\"2024-11-06T12:51:43+00:00\",\"dateModified\":\"2026-02-12T18:57:47+00:00\",\"breadcrumb\":{\"@id\":\"https:\\\/\\\/www.malinashop.lt\\\/lt_lt\\\/shop\\\/yunsey-creationyst-texture-cream-lengvos-fiksacijos-plaukams-suteikiantis-kremas-200-ml\\\/#breadcrumb\"},\"inLanguage\":\"en-GB\",\"potentialAction\":[{\"@type\":\"ReadAction\",\"target\":[\"https:\\\/\\\/www.malinashop.lt\\\/lt_lt\\\/shop\\\/yunsey-creationyst-texture-cream-lengvos-fiksacijos-plaukams-suteikiantis-kremas-200-ml\\\/\"]}]},{\"@type\":\"ImageObject\",\"inLanguage\":\"en-GB\",\"@id\":\"https:\\\/\\\/www.malinashop.lt\\\/lt_lt\\\/shop\\\/yunsey-creationyst-texture-cream-lengvos-fiksacijos-plaukams-suteikiantis-kremas-200-ml\\\/#primaryimage\",\"url\":\"https:\\\/\\\/www.malinashop.lt\\\/wp-content\\\/uploads\\\/2024\\\/11\\\/yunsey-hand-cream-regeneruojamasis-ranku-kremas-30-ml-kopija-1.jpg\",\"contentUrl\":\"https:\\\/\\\/www.malinashop.lt\\\/wp-content\\\/uploads\\\/2024\\\/11\\\/yunsey-hand-cream-regeneruojamasis-ranku-kremas-30-ml-kopija-1.jpg\",\"width\":388,\"height\":388},{\"@type\":\"BreadcrumbList\",\"@id\":\"https:\\\/\\\/www.malinashop.lt\\\/lt_lt\\\/shop\\\/yunsey-creationyst-texture-cream-lengvos-fiksacijos-plaukams-suteikiantis-kremas-200-ml\\\/#breadcrumb\",\"itemListElement\":[{\"@type\":\"ListItem\",\"position\":1,\"name\":\"Pagrindinis\",\"item\":\"https:\\\/\\\/www.malinashop.lt\\\/\"},{\"@type\":\"ListItem\",\"position\":2,\"name\":\"Parduotuv\u0117\",\"item\":\"https:\\\/\\\/www.malinashop.lt\\\/en\\\/parduotuve\\\/\"},{\"@type\":\"ListItem\",\"position\":3,\"name\":\"YUNSEY CREATIONYST TEXTURE CREAM lengvos fiksacijos plaukams suteikiantis kremas, 200 ml\"}]},{\"@type\":\"WebSite\",\"@id\":\"https:\\\/\\\/www.malinashop.lt\\\/#website\",\"url\":\"https:\\\/\\\/www.malinashop.lt\\\/\",\"name\":\"COM Group Ecommerce\",\"description\":\"MalinaShop.lt - Gro\u017eio ir sveikatos produktai i\u0161 patikim\u0173 preki\u0173 \u017eenkl\u0173. Atraskite auk\u0161tos kokyb\u0117s kosmetik\u0105 u\u017e puiki\u0105 kain\u0105.\",\"publisher\":{\"@id\":\"https:\\\/\\\/www.malinashop.lt\\\/#organization\"},\"potentialAction\":[{\"@type\":\"SearchAction\",\"target\":{\"@type\":\"EntryPoint\",\"urlTemplate\":\"https:\\\/\\\/www.malinashop.lt\\\/?s={search_term_string}\"},\"query-input\":{\"@type\":\"PropertyValueSpecification\",\"valueRequired\":true,\"valueName\":\"search_term_string\"}}],\"inLanguage\":\"en-GB\"},{\"@type\":\"Organization\",\"@id\":\"https:\\\/\\\/www.malinashop.lt\\\/#organization\",\"name\":\"COM Group Ecommerce\",\"url\":\"https:\\\/\\\/www.malinashop.lt\\\/\",\"logo\":{\"@type\":\"ImageObject\",\"inLanguage\":\"en-GB\",\"@id\":\"https:\\\/\\\/www.malinashop.lt\\\/#\\\/schema\\\/logo\\\/image\\\/\",\"url\":\"https:\\\/\\\/www.malinashop.lt\\\/wp-content\\\/uploads\\\/2024\\\/08\\\/462559670_3787732518133670_9795632669273463_n-e1731525914575.png\",\"contentUrl\":\"https:\\\/\\\/www.malinashop.lt\\\/wp-content\\\/uploads\\\/2024\\\/08\\\/462559670_3787732518133670_9795632669273463_n-e1731525914575.png\",\"width\":180,\"height\":60,\"caption\":\"COM Group Ecommerce\"},\"image\":{\"@id\":\"https:\\\/\\\/www.malinashop.lt\\\/#\\\/schema\\\/logo\\\/image\\\/\"}}]}<\/script>\n<!-- \/ Yoast SEO plugin. -->","yoast_head_json":{"title":"YUNSEY CREATIONYST TEXTURE CREAM lengvos fiksacijos plaukams suteikiantis kremas, 200 ml - MalinaShop.lt J\u016bs\u0173 sveikatai ir gro\u017eiui.","robots":{"index":"index","follow":"follow","max-snippet":"max-snippet:-1","max-image-preview":"max-image-preview:large","max-video-preview":"max-video-preview:-1"},"canonical":"https:\/\/www.malinashop.lt\/en\/shop\/yunsey-creationyst-texture-cream-lengvos-fiksacijos-plaukams-suteikiantis-kremas-200-ml\/","og_locale":"en_GB","og_type":"article","og_title":"YUNSEY CREATIONYST TEXTURE CREAM lengvos fiksacijos plaukams suteikiantis kremas, 200 ml - MalinaShop.lt J\u016bs\u0173 sveikatai ir gro\u017eiui.","og_url":"https:\/\/www.malinashop.lt\/en\/shop\/yunsey-creationyst-texture-cream-lengvos-fiksacijos-plaukams-suteikiantis-kremas-200-ml\/","og_site_name":"MalinaShop.lt J\u016bs\u0173 sveikatai ir gro\u017eiui.","article_modified_time":"2026-02-12T18:57:47+00:00","og_image":[{"width":388,"height":388,"url":"https:\/\/www.malinashop.lt\/wp-content\/uploads\/2024\/11\/yunsey-hand-cream-regeneruojamasis-ranku-kremas-30-ml-kopija-1.jpg","type":"image\/jpeg"}],"twitter_card":"summary_large_image","schema":{"@context":"https:\/\/schema.org","@graph":[{"@type":"WebPage","@id":"https:\/\/www.malinashop.lt\/lt_lt\/shop\/yunsey-creationyst-texture-cream-lengvos-fiksacijos-plaukams-suteikiantis-kremas-200-ml\/","url":"https:\/\/www.malinashop.lt\/lt_lt\/shop\/yunsey-creationyst-texture-cream-lengvos-fiksacijos-plaukams-suteikiantis-kremas-200-ml\/","name":"YUNSEY CREATIONYST TEXTURE CREAM lengvos fiksacijos plaukams suteikiantis kremas, 200 ml - MalinaShop.lt J\u016bs\u0173 sveikatai ir gro\u017eiui.","isPartOf":{"@id":"https:\/\/www.malinashop.lt\/#website"},"primaryImageOfPage":{"@id":"https:\/\/www.malinashop.lt\/lt_lt\/shop\/yunsey-creationyst-texture-cream-lengvos-fiksacijos-plaukams-suteikiantis-kremas-200-ml\/#primaryimage"},"image":{"@id":"https:\/\/www.malinashop.lt\/lt_lt\/shop\/yunsey-creationyst-texture-cream-lengvos-fiksacijos-plaukams-suteikiantis-kremas-200-ml\/#primaryimage"},"thumbnailUrl":"https:\/\/www.malinashop.lt\/wp-content\/uploads\/2024\/11\/yunsey-hand-cream-regeneruojamasis-ranku-kremas-30-ml-kopija-1.jpg","datePublished":"2024-11-06T12:51:43+00:00","dateModified":"2026-02-12T18:57:47+00:00","breadcrumb":{"@id":"https:\/\/www.malinashop.lt\/lt_lt\/shop\/yunsey-creationyst-texture-cream-lengvos-fiksacijos-plaukams-suteikiantis-kremas-200-ml\/#breadcrumb"},"inLanguage":"en-GB","potentialAction":[{"@type":"ReadAction","target":["https:\/\/www.malinashop.lt\/lt_lt\/shop\/yunsey-creationyst-texture-cream-lengvos-fiksacijos-plaukams-suteikiantis-kremas-200-ml\/"]}]},{"@type":"ImageObject","inLanguage":"en-GB","@id":"https:\/\/www.malinashop.lt\/lt_lt\/shop\/yunsey-creationyst-texture-cream-lengvos-fiksacijos-plaukams-suteikiantis-kremas-200-ml\/#primaryimage","url":"https:\/\/www.malinashop.lt\/wp-content\/uploads\/2024\/11\/yunsey-hand-cream-regeneruojamasis-ranku-kremas-30-ml-kopija-1.jpg","contentUrl":"https:\/\/www.malinashop.lt\/wp-content\/uploads\/2024\/11\/yunsey-hand-cream-regeneruojamasis-ranku-kremas-30-ml-kopija-1.jpg","width":388,"height":388},{"@type":"BreadcrumbList","@id":"https:\/\/www.malinashop.lt\/lt_lt\/shop\/yunsey-creationyst-texture-cream-lengvos-fiksacijos-plaukams-suteikiantis-kremas-200-ml\/#breadcrumb","itemListElement":[{"@type":"ListItem","position":1,"name":"Pagrindinis","item":"https:\/\/www.malinashop.lt\/"},{"@type":"ListItem","position":2,"name":"Parduotuv\u0117","item":"https:\/\/www.malinashop.lt\/en\/parduotuve\/"},{"@type":"ListItem","position":3,"name":"YUNSEY CREATIONYST TEXTURE CREAM lengvos fiksacijos plaukams suteikiantis kremas, 200 ml"}]},{"@type":"WebSite","@id":"https:\/\/www.malinashop.lt\/#website","url":"https:\/\/www.malinashop.lt\/","name":"COM Group Ecommerce","description":"MalinaShop.lt - Gro\u017eio ir sveikatos produktai i\u0161 patikim\u0173 preki\u0173 \u017eenkl\u0173. Atraskite auk\u0161tos kokyb\u0117s kosmetik\u0105 u\u017e puiki\u0105 kain\u0105.","publisher":{"@id":"https:\/\/www.malinashop.lt\/#organization"},"potentialAction":[{"@type":"SearchAction","target":{"@type":"EntryPoint","urlTemplate":"https:\/\/www.malinashop.lt\/?s={search_term_string}"},"query-input":{"@type":"PropertyValueSpecification","valueRequired":true,"valueName":"search_term_string"}}],"inLanguage":"en-GB"},{"@type":"Organization","@id":"https:\/\/www.malinashop.lt\/#organization","name":"COM Group Ecommerce","url":"https:\/\/www.malinashop.lt\/","logo":{"@type":"ImageObject","inLanguage":"en-GB","@id":"https:\/\/www.malinashop.lt\/#\/schema\/logo\/image\/","url":"https:\/\/www.malinashop.lt\/wp-content\/uploads\/2024\/08\/462559670_3787732518133670_9795632669273463_n-e1731525914575.png","contentUrl":"https:\/\/www.malinashop.lt\/wp-content\/uploads\/2024\/08\/462559670_3787732518133670_9795632669273463_n-e1731525914575.png","width":180,"height":60,"caption":"COM Group Ecommerce"},"image":{"@id":"https:\/\/www.malinashop.lt\/#\/schema\/logo\/image\/"}}]}},"jetpack_sharing_enabled":true,"_links":{"self":[{"href":"https:\/\/www.malinashop.lt\/en\/wp-json\/wp\/v2\/product\/19358","targetHints":{"allow":["GET"]}}],"collection":[{"href":"https:\/\/www.malinashop.lt\/en\/wp-json\/wp\/v2\/product"}],"about":[{"href":"https:\/\/www.malinashop.lt\/en\/wp-json\/wp\/v2\/types\/product"}],"version-history":[{"count":1,"href":"https:\/\/www.malinashop.lt\/en\/wp-json\/wp\/v2\/product\/19358\/revisions"}],"predecessor-version":[{"id":33170,"href":"https:\/\/www.malinashop.lt\/en\/wp-json\/wp\/v2\/product\/19358\/revisions\/33170"}],"wp:featuredmedia":[{"embeddable":true,"href":"https:\/\/www.malinashop.lt\/en\/wp-json\/wp\/v2\/media\/21325"}],"wp:attachment":[{"href":"https:\/\/www.malinashop.lt\/en\/wp-json\/wp\/v2\/media?parent=19358"}],"wp:term":[{"taxonomy":"product_brand","embeddable":true,"href":"https:\/\/www.malinashop.lt\/en\/wp-json\/wp\/v2\/product_brand?post=19358"},{"taxonomy":"product_cat","embeddable":true,"href":"https:\/\/www.malinashop.lt\/en\/wp-json\/wp\/v2\/product_cat?post=19358"},{"taxonomy":"product_tag","embeddable":true,"href":"https:\/\/www.malinashop.lt\/en\/wp-json\/wp\/v2\/product_tag?post=19358"}],"curies":[{"name":"wp","href":"https:\/\/api.w.org\/{rel}","templated":true}]}}