{"id":19336,"date":"2024-11-06T15:51:43","date_gmt":"2024-11-06T12:51:43","guid":{"rendered":"https:\/\/malinashop.lt\/produktas\/yunsey-alive-root-plauku-priemone-pakelimui-nuo-saknu-175-ml\/"},"modified":"2026-03-03T23:35:52","modified_gmt":"2026-03-03T20:35:52","slug":"yunsey-alive-root-plauku-priemone-pakelimui-nuo-saknu-175-ml","status":"publish","type":"product","link":"https:\/\/www.malinashop.lt\/en\/shop\/yunsey-alive-root-plauku-priemone-pakelimui-nuo-saknu-175-ml\/","title":{"rendered":"YUNSEY ALIVE ROOT plauk\u0173 priemon\u0117 pak\u0117li\u2026"},"content":{"rendered":"<p data-path-to-node=\"0\">YUNSEY ALIVE ROOT \u2013 \u012fsp\u016bdinga apimtis nuo pa\u010di\u0173 \u0161akn\u0173<\/p>\n<p data-path-to-node=\"3\">Suteikite savo \u0161ukuosenai gyvybingumo ir pilnumo jausm\u0105 su <b data-path-to-node=\"3\" data-index-in-node=\"59\">YUNSEY ALIVE ROOT<\/b> pur\u0161kikliu. \u0160i priemon\u0117 sukurta specialiai plauk\u0173 pak\u0117limui nuo \u0161akn\u0173, u\u017etikrinant ilgalaik\u0119 apimt\u012f, kuri i\u0161lieka vis\u0105 dien\u0105. Lengva formul\u0117 neapsunkina plauk\u0173 ir nepalieka joki\u0173 matom\u0173 \u017eymi\u0173, tod\u0117l sruogos tampa paklusnios, lengvai formuojamos ir nat\u016braliai purios.<\/p>\n<h6 data-path-to-node=\"4\">Stiprinantys ingredientai pilnesniems plaukams<\/h6>\n<p data-path-to-node=\"5\">Pur\u0161kiklis veikia ne tik kaip formavimo priemon\u0117, bet ir kaip intensyvus dr\u0117kiklis:<\/p>\n<ul data-path-to-node=\"6\">\n<li>\n<p data-path-to-node=\"6,0,0\"><b data-path-to-node=\"6,0,0\" data-index-in-node=\"0\">Kvie\u010di\u0173 baltymai:<\/b> ma\u017eos molekulin\u0117s mas\u0117s baltymai prasiskverbia \u012f pa\u017eeistus folikulus, juos maitina ir stiprina. Jie pritraukia dr\u0117gm\u0119, vizualiai padidina plauk\u0173 apimt\u012f bei sukuria lygi\u0173 ir blizgi\u0173 plauk\u0173 efekt\u0105.<\/p>\n<\/li>\n<li>\n<p data-path-to-node=\"6,1,0\"><b data-path-to-node=\"6,1,0\" data-index-in-node=\"0\">Hidrolizuotas \u0161ilkas:<\/b> praturtintas aminor\u016bg\u0161timis, jis u\u017epildo plauko mikro\u012ftr\u016bkimus ir suteikia ne\u012ftik\u0117tin\u0105 \u0161ilkin\u012f \u0161velnum\u0105. \u0160ilkas saugo sruogas nuo l\u016b\u017ein\u0117jimo ir aplinkos poveikio, suteikdamas joms sveiko elastingumo.<\/p>\n<\/li>\n<li>\n<p data-path-to-node=\"6,2,0\"><b data-path-to-node=\"6,2,0\" data-index-in-node=\"0\">Apsauga nuo saul\u0117s:<\/b> sud\u0117tyje esantys filtrai saugo plauk\u0173 pluo\u0161t\u0105 nuo blukimo ir saus\u0117jimo, kur\u012f sukelia tiesioginiai saul\u0117s spinduliai.<\/p>\n<\/li>\n<\/ul>\n<h6 data-path-to-node=\"7\">Naudojimo instrukcija<\/h6>\n<p data-path-to-node=\"8\">Tolygiai purk\u0161kite priemon\u0119 ant <b data-path-to-node=\"8\" data-index-in-node=\"32\">dr\u0117gn\u0173 plauk\u0173 \u0161akn\u0173<\/b>. Nor\u0117dami pasiekti maksimal\u0173 pak\u0117limo efekt\u0105, i\u0161d\u017eiovinkite plaukus d\u017eiovintuvu, naudodami apval\u0173 \u0161epet\u012f arba nuleid\u0119 galv\u0105 \u017eemyn. <b data-path-to-node=\"8\" data-index-in-node=\"183\">ALIVE ROOT<\/b> nuskalauti nereikia.<\/p>\n<h6 data-path-to-node=\"9\">Apie YUNSEY Professionals<\/h6>\n<p data-path-to-node=\"10\">Ispan\u0173 prek\u0117s \u017eenklas <b data-path-to-node=\"10\" data-index-in-node=\"22\">YUNSEY<\/b> sujungia profesionali\u0105 kirpykl\u0173 patirt\u012f su kasdiene prie\u017ei\u016bra. Priemon\u0117s pasi\u017eymi puikiu kokyb\u0117s ir kainos santykiu, jos veikia plaukus i\u0161 vidaus, suteikdamos jiems gyvybingumo, blizgesio ir ilgai i\u0161liekant\u012f malon\u0173 aromat\u0105.<\/p>\n","protected":false},"excerpt":{"rendered":"<p><b data-path-to-node=\"12\" data-index-in-node=\"26\">YUNSEY ALIVE ROOT<\/b> \u2013 tai apimt\u012f suteikiantis pur\u0161kiklis, kuris efektyviai pakelia plaukus nuo \u0161akn\u0173 j\u0173 nesulipindamas. Kvie\u010di\u0173 baltymais ir hidrolizuotu \u0161ilku praturtinta formul\u0117 stiprina plaukus, dr\u0117kina juos ir suteikia prabangaus spindesio. Puikus pasirinkimas norint sukurti puri\u0105 ir stiling\u0105 \u0161ukuosen\u0105.<\/p>\n","protected":false},"featured_media":18657,"template":"","meta":[],"product_brand":[513],"product_cat":[515],"product_tag":[1143],"class_list":{"0":"post-19336","1":"product","2":"type-product","3":"status-publish","4":"has-post-thumbnail","6":"product_brand-yunsey","7":"product_cat-plauku-purskikliai","8":"product_tag-yunsey","10":"first","11":"outofstock","12":"sale","13":"taxable","14":"shipping-taxable","15":"purchasable","16":"product-type-simple"},"yoast_head":"<!-- This site is optimized with the Yoast SEO plugin v27.4 - https:\/\/yoast.com\/product\/yoast-seo-wordpress\/ -->\n<title>YUNSEY ALIVE ROOT plauk\u0173 priemon\u0117 pak\u0117li\u2026 - MalinaShop.lt J\u016bs\u0173 sveikatai ir gro\u017eiui.<\/title>\n<meta name=\"description\" content=\"YUNSEY ALIVE ROOT pur\u0161kiklis: maksimali apimtis nuo \u0161akn\u0173, stiprinimas kvie\u010di\u0173 baltymais ir \u0161ilko \u0161velnumas. Nepalieka liku\u010di\u0173.\" \/>\n<meta name=\"robots\" content=\"index, follow, max-snippet:-1, max-image-preview:large, max-video-preview:-1\" \/>\n<link rel=\"canonical\" href=\"https:\/\/www.malinashop.lt\/en\/shop\/yunsey-alive-root-plauku-priemone-pakelimui-nuo-saknu-175-ml\/\" \/>\n<meta property=\"og:locale\" content=\"en_GB\" \/>\n<meta property=\"og:type\" content=\"article\" \/>\n<meta property=\"og:title\" content=\"YUNSEY ALIVE ROOT plauk\u0173 priemon\u0117 pak\u0117li\u2026 - MalinaShop.lt J\u016bs\u0173 sveikatai ir gro\u017eiui.\" \/>\n<meta property=\"og:description\" content=\"YUNSEY ALIVE ROOT pur\u0161kiklis: maksimali apimtis nuo \u0161akn\u0173, stiprinimas kvie\u010di\u0173 baltymais ir \u0161ilko \u0161velnumas. Nepalieka liku\u010di\u0173.\" \/>\n<meta property=\"og:url\" content=\"https:\/\/www.malinashop.lt\/en\/shop\/yunsey-alive-root-plauku-priemone-pakelimui-nuo-saknu-175-ml\/\" \/>\n<meta property=\"og:site_name\" content=\"MalinaShop.lt J\u016bs\u0173 sveikatai ir gro\u017eiui.\" \/>\n<meta property=\"article:modified_time\" content=\"2026-03-03T20:35:52+00:00\" \/>\n<meta property=\"og:image\" content=\"https:\/\/www.malinashop.lt\/wp-content\/uploads\/2024\/11\/YUNSEY-plauku-priemone-pakelimui-nuo-saknu-ALIVE-ROOT-175-ml.png\" \/>\n\t<meta property=\"og:image:width\" content=\"768\" \/>\n\t<meta property=\"og:image:height\" content=\"768\" \/>\n\t<meta property=\"og:image:type\" content=\"image\/png\" \/>\n<meta name=\"twitter:card\" content=\"summary_large_image\" \/>\n<script type=\"application\/ld+json\" class=\"yoast-schema-graph\">{\"@context\":\"https:\\\/\\\/schema.org\",\"@graph\":[{\"@type\":\"WebPage\",\"@id\":\"https:\\\/\\\/www.malinashop.lt\\\/en\\\/shop\\\/yunsey-alive-root-plauku-priemone-pakelimui-nuo-saknu-175-ml\\\/\",\"url\":\"https:\\\/\\\/www.malinashop.lt\\\/en\\\/shop\\\/yunsey-alive-root-plauku-priemone-pakelimui-nuo-saknu-175-ml\\\/\",\"name\":\"YUNSEY ALIVE ROOT plauk\u0173 priemon\u0117 pak\u0117li\u2026 - MalinaShop.lt J\u016bs\u0173 sveikatai ir gro\u017eiui.\",\"isPartOf\":{\"@id\":\"https:\\\/\\\/www.malinashop.lt\\\/#website\"},\"primaryImageOfPage\":{\"@id\":\"https:\\\/\\\/www.malinashop.lt\\\/en\\\/shop\\\/yunsey-alive-root-plauku-priemone-pakelimui-nuo-saknu-175-ml\\\/#primaryimage\"},\"image\":{\"@id\":\"https:\\\/\\\/www.malinashop.lt\\\/en\\\/shop\\\/yunsey-alive-root-plauku-priemone-pakelimui-nuo-saknu-175-ml\\\/#primaryimage\"},\"thumbnailUrl\":\"https:\\\/\\\/www.malinashop.lt\\\/wp-content\\\/uploads\\\/2024\\\/11\\\/YUNSEY-plauku-priemone-pakelimui-nuo-saknu-ALIVE-ROOT-175-ml.png\",\"datePublished\":\"2024-11-06T12:51:43+00:00\",\"dateModified\":\"2026-03-03T20:35:52+00:00\",\"description\":\"YUNSEY ALIVE ROOT pur\u0161kiklis: maksimali apimtis nuo \u0161akn\u0173, stiprinimas kvie\u010di\u0173 baltymais ir \u0161ilko \u0161velnumas. Nepalieka liku\u010di\u0173.\",\"breadcrumb\":{\"@id\":\"https:\\\/\\\/www.malinashop.lt\\\/en\\\/shop\\\/yunsey-alive-root-plauku-priemone-pakelimui-nuo-saknu-175-ml\\\/#breadcrumb\"},\"inLanguage\":\"en-GB\",\"potentialAction\":[{\"@type\":\"ReadAction\",\"target\":[\"https:\\\/\\\/www.malinashop.lt\\\/en\\\/shop\\\/yunsey-alive-root-plauku-priemone-pakelimui-nuo-saknu-175-ml\\\/\"]}]},{\"@type\":\"ImageObject\",\"inLanguage\":\"en-GB\",\"@id\":\"https:\\\/\\\/www.malinashop.lt\\\/en\\\/shop\\\/yunsey-alive-root-plauku-priemone-pakelimui-nuo-saknu-175-ml\\\/#primaryimage\",\"url\":\"https:\\\/\\\/www.malinashop.lt\\\/wp-content\\\/uploads\\\/2024\\\/11\\\/YUNSEY-plauku-priemone-pakelimui-nuo-saknu-ALIVE-ROOT-175-ml.png\",\"contentUrl\":\"https:\\\/\\\/www.malinashop.lt\\\/wp-content\\\/uploads\\\/2024\\\/11\\\/YUNSEY-plauku-priemone-pakelimui-nuo-saknu-ALIVE-ROOT-175-ml.png\",\"width\":768,\"height\":768},{\"@type\":\"BreadcrumbList\",\"@id\":\"https:\\\/\\\/www.malinashop.lt\\\/en\\\/shop\\\/yunsey-alive-root-plauku-priemone-pakelimui-nuo-saknu-175-ml\\\/#breadcrumb\",\"itemListElement\":[{\"@type\":\"ListItem\",\"position\":1,\"name\":\"Pagrindinis\",\"item\":\"https:\\\/\\\/www.malinashop.lt\\\/\"},{\"@type\":\"ListItem\",\"position\":2,\"name\":\"Parduotuv\u0117\",\"item\":\"https:\\\/\\\/www.malinashop.lt\\\/en\\\/parduotuve\\\/\"},{\"@type\":\"ListItem\",\"position\":3,\"name\":\"YUNSEY ALIVE ROOT plauk\u0173 priemon\u0117 pak\u0117li\u2026\"}]},{\"@type\":\"WebSite\",\"@id\":\"https:\\\/\\\/www.malinashop.lt\\\/#website\",\"url\":\"https:\\\/\\\/www.malinashop.lt\\\/\",\"name\":\"COM Group Ecommerce\",\"description\":\"MalinaShop.lt - Gro\u017eio ir sveikatos produktai i\u0161 patikim\u0173 preki\u0173 \u017eenkl\u0173. Atraskite auk\u0161tos kokyb\u0117s kosmetik\u0105 u\u017e puiki\u0105 kain\u0105.\",\"publisher\":{\"@id\":\"https:\\\/\\\/www.malinashop.lt\\\/#organization\"},\"potentialAction\":[{\"@type\":\"SearchAction\",\"target\":{\"@type\":\"EntryPoint\",\"urlTemplate\":\"https:\\\/\\\/www.malinashop.lt\\\/?s={search_term_string}\"},\"query-input\":{\"@type\":\"PropertyValueSpecification\",\"valueRequired\":true,\"valueName\":\"search_term_string\"}}],\"inLanguage\":\"en-GB\"},{\"@type\":\"Organization\",\"@id\":\"https:\\\/\\\/www.malinashop.lt\\\/#organization\",\"name\":\"COM Group Ecommerce\",\"url\":\"https:\\\/\\\/www.malinashop.lt\\\/\",\"logo\":{\"@type\":\"ImageObject\",\"inLanguage\":\"en-GB\",\"@id\":\"https:\\\/\\\/www.malinashop.lt\\\/#\\\/schema\\\/logo\\\/image\\\/\",\"url\":\"https:\\\/\\\/www.malinashop.lt\\\/wp-content\\\/uploads\\\/2024\\\/08\\\/462559670_3787732518133670_9795632669273463_n-e1731525914575.png\",\"contentUrl\":\"https:\\\/\\\/www.malinashop.lt\\\/wp-content\\\/uploads\\\/2024\\\/08\\\/462559670_3787732518133670_9795632669273463_n-e1731525914575.png\",\"width\":180,\"height\":60,\"caption\":\"COM Group Ecommerce\"},\"image\":{\"@id\":\"https:\\\/\\\/www.malinashop.lt\\\/#\\\/schema\\\/logo\\\/image\\\/\"}}]}<\/script>\n<!-- \/ Yoast SEO plugin. -->","yoast_head_json":{"title":"YUNSEY ALIVE ROOT plauk\u0173 priemon\u0117 pak\u0117li\u2026 - MalinaShop.lt J\u016bs\u0173 sveikatai ir gro\u017eiui.","description":"YUNSEY ALIVE ROOT pur\u0161kiklis: maksimali apimtis nuo \u0161akn\u0173, stiprinimas kvie\u010di\u0173 baltymais ir \u0161ilko \u0161velnumas. Nepalieka liku\u010di\u0173.","robots":{"index":"index","follow":"follow","max-snippet":"max-snippet:-1","max-image-preview":"max-image-preview:large","max-video-preview":"max-video-preview:-1"},"canonical":"https:\/\/www.malinashop.lt\/en\/shop\/yunsey-alive-root-plauku-priemone-pakelimui-nuo-saknu-175-ml\/","og_locale":"en_GB","og_type":"article","og_title":"YUNSEY ALIVE ROOT plauk\u0173 priemon\u0117 pak\u0117li\u2026 - MalinaShop.lt J\u016bs\u0173 sveikatai ir gro\u017eiui.","og_description":"YUNSEY ALIVE ROOT pur\u0161kiklis: maksimali apimtis nuo \u0161akn\u0173, stiprinimas kvie\u010di\u0173 baltymais ir \u0161ilko \u0161velnumas. Nepalieka liku\u010di\u0173.","og_url":"https:\/\/www.malinashop.lt\/en\/shop\/yunsey-alive-root-plauku-priemone-pakelimui-nuo-saknu-175-ml\/","og_site_name":"MalinaShop.lt J\u016bs\u0173 sveikatai ir gro\u017eiui.","article_modified_time":"2026-03-03T20:35:52+00:00","og_image":[{"width":768,"height":768,"url":"https:\/\/www.malinashop.lt\/wp-content\/uploads\/2024\/11\/YUNSEY-plauku-priemone-pakelimui-nuo-saknu-ALIVE-ROOT-175-ml.png","type":"image\/png"}],"twitter_card":"summary_large_image","schema":{"@context":"https:\/\/schema.org","@graph":[{"@type":"WebPage","@id":"https:\/\/www.malinashop.lt\/en\/shop\/yunsey-alive-root-plauku-priemone-pakelimui-nuo-saknu-175-ml\/","url":"https:\/\/www.malinashop.lt\/en\/shop\/yunsey-alive-root-plauku-priemone-pakelimui-nuo-saknu-175-ml\/","name":"YUNSEY ALIVE ROOT plauk\u0173 priemon\u0117 pak\u0117li\u2026 - MalinaShop.lt J\u016bs\u0173 sveikatai ir gro\u017eiui.","isPartOf":{"@id":"https:\/\/www.malinashop.lt\/#website"},"primaryImageOfPage":{"@id":"https:\/\/www.malinashop.lt\/en\/shop\/yunsey-alive-root-plauku-priemone-pakelimui-nuo-saknu-175-ml\/#primaryimage"},"image":{"@id":"https:\/\/www.malinashop.lt\/en\/shop\/yunsey-alive-root-plauku-priemone-pakelimui-nuo-saknu-175-ml\/#primaryimage"},"thumbnailUrl":"https:\/\/www.malinashop.lt\/wp-content\/uploads\/2024\/11\/YUNSEY-plauku-priemone-pakelimui-nuo-saknu-ALIVE-ROOT-175-ml.png","datePublished":"2024-11-06T12:51:43+00:00","dateModified":"2026-03-03T20:35:52+00:00","description":"YUNSEY ALIVE ROOT pur\u0161kiklis: maksimali apimtis nuo \u0161akn\u0173, stiprinimas kvie\u010di\u0173 baltymais ir \u0161ilko \u0161velnumas. Nepalieka liku\u010di\u0173.","breadcrumb":{"@id":"https:\/\/www.malinashop.lt\/en\/shop\/yunsey-alive-root-plauku-priemone-pakelimui-nuo-saknu-175-ml\/#breadcrumb"},"inLanguage":"en-GB","potentialAction":[{"@type":"ReadAction","target":["https:\/\/www.malinashop.lt\/en\/shop\/yunsey-alive-root-plauku-priemone-pakelimui-nuo-saknu-175-ml\/"]}]},{"@type":"ImageObject","inLanguage":"en-GB","@id":"https:\/\/www.malinashop.lt\/en\/shop\/yunsey-alive-root-plauku-priemone-pakelimui-nuo-saknu-175-ml\/#primaryimage","url":"https:\/\/www.malinashop.lt\/wp-content\/uploads\/2024\/11\/YUNSEY-plauku-priemone-pakelimui-nuo-saknu-ALIVE-ROOT-175-ml.png","contentUrl":"https:\/\/www.malinashop.lt\/wp-content\/uploads\/2024\/11\/YUNSEY-plauku-priemone-pakelimui-nuo-saknu-ALIVE-ROOT-175-ml.png","width":768,"height":768},{"@type":"BreadcrumbList","@id":"https:\/\/www.malinashop.lt\/en\/shop\/yunsey-alive-root-plauku-priemone-pakelimui-nuo-saknu-175-ml\/#breadcrumb","itemListElement":[{"@type":"ListItem","position":1,"name":"Pagrindinis","item":"https:\/\/www.malinashop.lt\/"},{"@type":"ListItem","position":2,"name":"Parduotuv\u0117","item":"https:\/\/www.malinashop.lt\/en\/parduotuve\/"},{"@type":"ListItem","position":3,"name":"YUNSEY ALIVE ROOT plauk\u0173 priemon\u0117 pak\u0117li\u2026"}]},{"@type":"WebSite","@id":"https:\/\/www.malinashop.lt\/#website","url":"https:\/\/www.malinashop.lt\/","name":"COM Group Ecommerce","description":"MalinaShop.lt - Gro\u017eio ir sveikatos produktai i\u0161 patikim\u0173 preki\u0173 \u017eenkl\u0173. Atraskite auk\u0161tos kokyb\u0117s kosmetik\u0105 u\u017e puiki\u0105 kain\u0105.","publisher":{"@id":"https:\/\/www.malinashop.lt\/#organization"},"potentialAction":[{"@type":"SearchAction","target":{"@type":"EntryPoint","urlTemplate":"https:\/\/www.malinashop.lt\/?s={search_term_string}"},"query-input":{"@type":"PropertyValueSpecification","valueRequired":true,"valueName":"search_term_string"}}],"inLanguage":"en-GB"},{"@type":"Organization","@id":"https:\/\/www.malinashop.lt\/#organization","name":"COM Group Ecommerce","url":"https:\/\/www.malinashop.lt\/","logo":{"@type":"ImageObject","inLanguage":"en-GB","@id":"https:\/\/www.malinashop.lt\/#\/schema\/logo\/image\/","url":"https:\/\/www.malinashop.lt\/wp-content\/uploads\/2024\/08\/462559670_3787732518133670_9795632669273463_n-e1731525914575.png","contentUrl":"https:\/\/www.malinashop.lt\/wp-content\/uploads\/2024\/08\/462559670_3787732518133670_9795632669273463_n-e1731525914575.png","width":180,"height":60,"caption":"COM Group Ecommerce"},"image":{"@id":"https:\/\/www.malinashop.lt\/#\/schema\/logo\/image\/"}}]}},"jetpack_sharing_enabled":true,"_links":{"self":[{"href":"https:\/\/www.malinashop.lt\/en\/wp-json\/wp\/v2\/product\/19336","targetHints":{"allow":["GET"]}}],"collection":[{"href":"https:\/\/www.malinashop.lt\/en\/wp-json\/wp\/v2\/product"}],"about":[{"href":"https:\/\/www.malinashop.lt\/en\/wp-json\/wp\/v2\/types\/product"}],"version-history":[{"count":4,"href":"https:\/\/www.malinashop.lt\/en\/wp-json\/wp\/v2\/product\/19336\/revisions"}],"predecessor-version":[{"id":75342,"href":"https:\/\/www.malinashop.lt\/en\/wp-json\/wp\/v2\/product\/19336\/revisions\/75342"}],"wp:featuredmedia":[{"embeddable":true,"href":"https:\/\/www.malinashop.lt\/en\/wp-json\/wp\/v2\/media\/18657"}],"wp:attachment":[{"href":"https:\/\/www.malinashop.lt\/en\/wp-json\/wp\/v2\/media?parent=19336"}],"wp:term":[{"taxonomy":"product_brand","embeddable":true,"href":"https:\/\/www.malinashop.lt\/en\/wp-json\/wp\/v2\/product_brand?post=19336"},{"taxonomy":"product_cat","embeddable":true,"href":"https:\/\/www.malinashop.lt\/en\/wp-json\/wp\/v2\/product_cat?post=19336"},{"taxonomy":"product_tag","embeddable":true,"href":"https:\/\/www.malinashop.lt\/en\/wp-json\/wp\/v2\/product_tag?post=19336"}],"curies":[{"name":"wp","href":"https:\/\/api.w.org\/{rel}","templated":true}]}}