{"id":19308,"date":"2024-11-06T15:51:40","date_gmt":"2024-11-06T12:51:40","guid":{"rendered":"https:\/\/malinashop.lt\/produktas\/yunsey-plauku-lakas-itin-stiprios-fiksacijos-creationyst-hairspray-extra-strong-750-ml\/"},"modified":"2026-03-04T00:09:31","modified_gmt":"2026-03-03T21:09:31","slug":"yunsey-plauku-lakas-itin-stiprios-fiksacijos-creationyst-hairspray-extra-strong-750-ml","status":"publish","type":"product","link":"https:\/\/www.malinashop.lt\/en\/shop\/yunsey-plauku-lakas-itin-stiprios-fiksacijos-creationyst-hairspray-extra-strong-750-ml\/","title":{"rendered":"YUNSEY plauk\u0173 lakas itin stiprios fiksacijos CREATIONYST HAIRSPRAY EXTRA STRONG, 750 ml"},"content":{"rendered":"<hr class=\"\" data-path-to-node=\"1\" \/>\n<h5 class=\"\" data-path-to-node=\"2\">YUNSEY CREATIONYST EXTRA STRONG \u2013 maksimali kontrol\u0117 ir spindesys<\/h5>\n<p data-path-to-node=\"3\"><span class=\"\">Sukurkite nepriekai\u0161ting\u0105 \u0161ukuosen\u0105,<\/span><span class=\"\"> kuri i\u0161liks nepakitusi valand\u0173 valandas su <\/span><b class=\"\" data-path-to-node=\"3\" data-index-in-node=\"80\">YUNSEY CREATIONYST EXTRA STRONG<\/b><span class=\"\"> plauk\u0173 laku.<\/span><span class=\"\"> \u0160i itin stiprios fiksacijos priemon\u0117 suteikia plaukams ry\u0161kumo ir prabangaus \u0161vyt\u0117jimo,<\/span><span class=\"\"> kartu sukurdama nematom\u0105 apsaugin\u0119 pl\u0117vel\u0119.<\/span><span class=\"\"> Ji veikia kaip skydas nuo dr\u0117gm\u0117s,<\/span><span class=\"\"> tod\u0117l j\u016bs\u0173 \u012fvaizdis i\u0161liks tobulas net ir esant sud\u0117tingoms oro s\u0105lygoms.<\/span><\/p>\n<h6 class=\"\" data-path-to-node=\"4\">Patikima fiksacija ir visapus\u0117 apsauga<\/h6>\n<p data-path-to-node=\"5\"><span class=\"\">Lakas ne tik fiksuoja,<\/span><span class=\"\"> bet ir aktyviai puosel\u0117ja j\u016bs\u0173 plaukus:<\/span><\/p>\n<ul data-path-to-node=\"6\">\n<li>\n<p data-path-to-node=\"6,0,0\"><b class=\"\" data-path-to-node=\"6,0,0\" data-index-in-node=\"0\">Ilgalaikis atsparumas:<\/b><span class=\"\"> unikali formul\u0117 u\u017etikrina fiksacij\u0105,<\/span><span class=\"\"> kuri nesilpsta kelias valandas,<\/span><span class=\"\"> ta\u010diau nepalieka joki\u0173 matom\u0173 liku\u010di\u0173.<\/span><\/p>\n<\/li>\n<li>\n<p data-path-to-node=\"6,1,0\"><b class=\"\" data-path-to-node=\"6,1,0\" data-index-in-node=\"0\">Pantenolis (Vitaminas B5):<\/b><span class=\"\"> dr\u0117kina,<\/span><span class=\"\"> saugo nuo temperat\u016bros poky\u010di\u0173 ir padeda atkurti nualintus plaukus,<\/span><span class=\"\"> suteikdamas jiems mink\u0161tumo.<\/span><\/p>\n<\/li>\n<li>\n<p data-path-to-node=\"6,2,0\"><b class=\"\" data-path-to-node=\"6,2,0\" data-index-in-node=\"0\">UV filtras:<\/b><span class=\"\"> integruota apsauga nuo saul\u0117s spinduli\u0173 saugo plauk\u0173 strukt\u016br\u0105 bei spalv\u0105 nuo i\u0161saus\u0117jimo ir blukimo.<\/span><\/p>\n<\/li>\n<li>\n<p data-path-to-node=\"6,3,0\"><b class=\"\" data-path-to-node=\"6,3,0\" data-index-in-node=\"0\">Lengvas pa\u0161alinimas:<\/b><span class=\"\"> lakas greitai d\u017ei\u016bsta ir yra itin lengvai pa\u0161alinamas tiesiog i\u0161\u0161ukuojant \u0161epe\u010diu arba plaunant galv\u0105.<\/span><\/p>\n<\/li>\n<\/ul>\n<h6 class=\"\" data-path-to-node=\"7\">Naudojimo instrukcija<\/h6>\n<p data-path-to-node=\"8\"><span class=\"\">Prie\u0161 naudojim\u0105 flakon\u0105 gerai supurtykite.<\/span><span class=\"\"> Purk\u0161kite ant suformuotos sausos \u0161ukuosenos i\u0161laikydami ma\u017edaug <\/span><b class=\"\" data-path-to-node=\"8\" data-index-in-node=\"107\">30 cm atstum\u0105<\/b><span class=\"\">.<\/span><span class=\"\"> Siekdami dar tvirtesn\u0117s fiksacijos,<\/span><span class=\"\"> lak\u0105 galite purk\u0161ti keliais sluoksniais.<\/span><\/p>\n<h6 class=\"\" data-path-to-node=\"9\">Apie YUNSEY Professionals<\/h6>\n<p data-path-to-node=\"10\"><span class=\"\">Ispan\u0173 gamintojas <\/span><b class=\"\" data-path-to-node=\"10\" data-index-in-node=\"18\">YUNSEY<\/b><span class=\"\"> si\u016blo profesionali\u0105 salon\u0173 kokyb\u0119 kiekvienai dienai.<\/span><span class=\"\"> \u0160ios priemon\u0117s veikia i\u0161 vidaus \u2013 glotnina,<\/span><span class=\"\"> maitina ir atkuria nat\u016bral\u0173 elastingum\u0105.<\/span><span class=\"\"> Naudodami <\/span><b class=\"\" data-path-to-node=\"10\" data-index-in-node=\"173\">YUNSEY<\/b><span class=\"\">,<\/span><span class=\"\"> m\u0117gausit\u0117s sveikais,<\/span><span class=\"\"> gyvybingais ir maloniai kvepian\u010diais plaukais,<\/span><span class=\"\"> tarsi k\u0105 tik b\u016btum\u0117te i\u0161\u0117j\u0119 i\u0161 kirpyklos.<\/span><\/p>\n","protected":false},"excerpt":{"rendered":"<p><b data-path-to-node=\"12\" data-index-in-node=\"26\">YUNSEY CREATIONYST EXTRA STRONG<\/b> \u2013 tai itin stiprios fiksacijos lakas, u\u017etikrinantis nepriekai\u0161ting\u0105 kontrol\u0119 ir ilgai i\u0161liekant\u012f spindes\u012f. Praturtintas pantenoliu bei UV filtrais, jis saugo plaukus nuo dr\u0117gm\u0117s ir saul\u0117s poveikio, nepalieka liku\u010di\u0173 ir yra lengvai i\u0161\u0161ukuojamas. Profesionalus sprendimas dr\u0105sioms ir patvarioms \u0161ukuosenoms.<\/p>\n","protected":false},"featured_media":18655,"template":"","meta":[],"product_brand":[513],"product_cat":[518],"product_tag":[1143],"class_list":{"0":"post-19308","1":"product","2":"type-product","3":"status-publish","4":"has-post-thumbnail","6":"product_brand-yunsey","7":"product_cat-plauku-lakai-putos-vaskas-ir-kitos-priemones","8":"product_tag-yunsey","10":"first","11":"instock","12":"sale","13":"taxable","14":"shipping-taxable","15":"purchasable","16":"product-type-simple"},"yoast_head":"<!-- This site is optimized with the Yoast SEO plugin v27.4 - https:\/\/yoast.com\/product\/yoast-seo-wordpress\/ -->\n<title>YUNSEY plauk\u0173 lakas itin stiprios fiksacijos CREATIONYST HAIRSPRAY EXTRA STRONG, 750 ml - MalinaShop.lt J\u016bs\u0173 sveikatai ir gro\u017eiui.<\/title>\n<meta name=\"description\" content=\"YUNSEY CREATIONYST EXTRA STRONG lakas: itin stipri fiksacija, atsparumas dr\u0117gmei ir UV apsauga. Su vitaminu B5. Nepalieka liku\u010di\u0173 ir lengvai i\u0161\u0161ukuojamas.\" \/>\n<meta name=\"robots\" content=\"index, follow, max-snippet:-1, max-image-preview:large, max-video-preview:-1\" \/>\n<link rel=\"canonical\" href=\"https:\/\/www.malinashop.lt\/en\/shop\/yunsey-plauku-lakas-itin-stiprios-fiksacijos-creationyst-hairspray-extra-strong-750-ml\/\" \/>\n<meta property=\"og:locale\" content=\"en_GB\" \/>\n<meta property=\"og:type\" content=\"article\" \/>\n<meta property=\"og:title\" content=\"YUNSEY plauk\u0173 lakas itin stiprios fiksacijos CREATIONYST HAIRSPRAY EXTRA STRONG, 750 ml - MalinaShop.lt J\u016bs\u0173 sveikatai ir gro\u017eiui.\" \/>\n<meta property=\"og:description\" content=\"YUNSEY CREATIONYST EXTRA STRONG lakas: itin stipri fiksacija, atsparumas dr\u0117gmei ir UV apsauga. Su vitaminu B5. Nepalieka liku\u010di\u0173 ir lengvai i\u0161\u0161ukuojamas.\" \/>\n<meta property=\"og:url\" content=\"https:\/\/www.malinashop.lt\/en\/shop\/yunsey-plauku-lakas-itin-stiprios-fiksacijos-creationyst-hairspray-extra-strong-750-ml\/\" \/>\n<meta property=\"og:site_name\" content=\"MalinaShop.lt J\u016bs\u0173 sveikatai ir gro\u017eiui.\" \/>\n<meta property=\"article:modified_time\" content=\"2026-03-03T21:09:31+00:00\" \/>\n<meta property=\"og:image\" content=\"https:\/\/www.malinashop.lt\/wp-content\/uploads\/2024\/11\/YUNSEY-plauku-lakas-itin-stiprios-fiksacijos-CREATIONYST-HAIRSPRAY-EXTRA-STRONG-750-ml.jpg\" \/>\n\t<meta property=\"og:image:width\" content=\"800\" \/>\n\t<meta property=\"og:image:height\" content=\"800\" \/>\n\t<meta property=\"og:image:type\" content=\"image\/jpeg\" \/>\n<meta name=\"twitter:card\" content=\"summary_large_image\" \/>\n<script type=\"application\/ld+json\" class=\"yoast-schema-graph\">{\"@context\":\"https:\\\/\\\/schema.org\",\"@graph\":[{\"@type\":\"WebPage\",\"@id\":\"https:\\\/\\\/www.malinashop.lt\\\/lt_lt\\\/shop\\\/yunsey-plauku-lakas-itin-stiprios-fiksacijos-creationyst-hairspray-extra-strong-750-ml\\\/\",\"url\":\"https:\\\/\\\/www.malinashop.lt\\\/lt_lt\\\/shop\\\/yunsey-plauku-lakas-itin-stiprios-fiksacijos-creationyst-hairspray-extra-strong-750-ml\\\/\",\"name\":\"YUNSEY plauk\u0173 lakas itin stiprios fiksacijos CREATIONYST HAIRSPRAY EXTRA STRONG, 750 ml - MalinaShop.lt J\u016bs\u0173 sveikatai ir gro\u017eiui.\",\"isPartOf\":{\"@id\":\"https:\\\/\\\/www.malinashop.lt\\\/#website\"},\"primaryImageOfPage\":{\"@id\":\"https:\\\/\\\/www.malinashop.lt\\\/lt_lt\\\/shop\\\/yunsey-plauku-lakas-itin-stiprios-fiksacijos-creationyst-hairspray-extra-strong-750-ml\\\/#primaryimage\"},\"image\":{\"@id\":\"https:\\\/\\\/www.malinashop.lt\\\/lt_lt\\\/shop\\\/yunsey-plauku-lakas-itin-stiprios-fiksacijos-creationyst-hairspray-extra-strong-750-ml\\\/#primaryimage\"},\"thumbnailUrl\":\"https:\\\/\\\/www.malinashop.lt\\\/wp-content\\\/uploads\\\/2024\\\/11\\\/YUNSEY-plauku-lakas-itin-stiprios-fiksacijos-CREATIONYST-HAIRSPRAY-EXTRA-STRONG-750-ml.jpg\",\"datePublished\":\"2024-11-06T12:51:40+00:00\",\"dateModified\":\"2026-03-03T21:09:31+00:00\",\"description\":\"YUNSEY CREATIONYST EXTRA STRONG lakas: itin stipri fiksacija, atsparumas dr\u0117gmei ir UV apsauga. Su vitaminu B5. Nepalieka liku\u010di\u0173 ir lengvai i\u0161\u0161ukuojamas.\",\"breadcrumb\":{\"@id\":\"https:\\\/\\\/www.malinashop.lt\\\/lt_lt\\\/shop\\\/yunsey-plauku-lakas-itin-stiprios-fiksacijos-creationyst-hairspray-extra-strong-750-ml\\\/#breadcrumb\"},\"inLanguage\":\"en-GB\",\"potentialAction\":[{\"@type\":\"ReadAction\",\"target\":[\"https:\\\/\\\/www.malinashop.lt\\\/lt_lt\\\/shop\\\/yunsey-plauku-lakas-itin-stiprios-fiksacijos-creationyst-hairspray-extra-strong-750-ml\\\/\"]}]},{\"@type\":\"ImageObject\",\"inLanguage\":\"en-GB\",\"@id\":\"https:\\\/\\\/www.malinashop.lt\\\/lt_lt\\\/shop\\\/yunsey-plauku-lakas-itin-stiprios-fiksacijos-creationyst-hairspray-extra-strong-750-ml\\\/#primaryimage\",\"url\":\"https:\\\/\\\/www.malinashop.lt\\\/wp-content\\\/uploads\\\/2024\\\/11\\\/YUNSEY-plauku-lakas-itin-stiprios-fiksacijos-CREATIONYST-HAIRSPRAY-EXTRA-STRONG-750-ml.jpg\",\"contentUrl\":\"https:\\\/\\\/www.malinashop.lt\\\/wp-content\\\/uploads\\\/2024\\\/11\\\/YUNSEY-plauku-lakas-itin-stiprios-fiksacijos-CREATIONYST-HAIRSPRAY-EXTRA-STRONG-750-ml.jpg\",\"width\":800,\"height\":800},{\"@type\":\"BreadcrumbList\",\"@id\":\"https:\\\/\\\/www.malinashop.lt\\\/lt_lt\\\/shop\\\/yunsey-plauku-lakas-itin-stiprios-fiksacijos-creationyst-hairspray-extra-strong-750-ml\\\/#breadcrumb\",\"itemListElement\":[{\"@type\":\"ListItem\",\"position\":1,\"name\":\"Pagrindinis\",\"item\":\"https:\\\/\\\/www.malinashop.lt\\\/\"},{\"@type\":\"ListItem\",\"position\":2,\"name\":\"Parduotuv\u0117\",\"item\":\"https:\\\/\\\/www.malinashop.lt\\\/en\\\/parduotuve\\\/\"},{\"@type\":\"ListItem\",\"position\":3,\"name\":\"YUNSEY plauk\u0173 lakas itin stiprios fiksacijos CREATIONYST HAIRSPRAY EXTRA STRONG, 750 ml\"}]},{\"@type\":\"WebSite\",\"@id\":\"https:\\\/\\\/www.malinashop.lt\\\/#website\",\"url\":\"https:\\\/\\\/www.malinashop.lt\\\/\",\"name\":\"COM Group Ecommerce\",\"description\":\"MalinaShop.lt - Gro\u017eio ir sveikatos produktai i\u0161 patikim\u0173 preki\u0173 \u017eenkl\u0173. Atraskite auk\u0161tos kokyb\u0117s kosmetik\u0105 u\u017e puiki\u0105 kain\u0105.\",\"publisher\":{\"@id\":\"https:\\\/\\\/www.malinashop.lt\\\/#organization\"},\"potentialAction\":[{\"@type\":\"SearchAction\",\"target\":{\"@type\":\"EntryPoint\",\"urlTemplate\":\"https:\\\/\\\/www.malinashop.lt\\\/?s={search_term_string}\"},\"query-input\":{\"@type\":\"PropertyValueSpecification\",\"valueRequired\":true,\"valueName\":\"search_term_string\"}}],\"inLanguage\":\"en-GB\"},{\"@type\":\"Organization\",\"@id\":\"https:\\\/\\\/www.malinashop.lt\\\/#organization\",\"name\":\"COM Group Ecommerce\",\"url\":\"https:\\\/\\\/www.malinashop.lt\\\/\",\"logo\":{\"@type\":\"ImageObject\",\"inLanguage\":\"en-GB\",\"@id\":\"https:\\\/\\\/www.malinashop.lt\\\/#\\\/schema\\\/logo\\\/image\\\/\",\"url\":\"https:\\\/\\\/www.malinashop.lt\\\/wp-content\\\/uploads\\\/2024\\\/08\\\/462559670_3787732518133670_9795632669273463_n-e1731525914575.png\",\"contentUrl\":\"https:\\\/\\\/www.malinashop.lt\\\/wp-content\\\/uploads\\\/2024\\\/08\\\/462559670_3787732518133670_9795632669273463_n-e1731525914575.png\",\"width\":180,\"height\":60,\"caption\":\"COM Group Ecommerce\"},\"image\":{\"@id\":\"https:\\\/\\\/www.malinashop.lt\\\/#\\\/schema\\\/logo\\\/image\\\/\"}}]}<\/script>\n<!-- \/ Yoast SEO plugin. -->","yoast_head_json":{"title":"YUNSEY plauk\u0173 lakas itin stiprios fiksacijos CREATIONYST HAIRSPRAY EXTRA STRONG, 750 ml - MalinaShop.lt J\u016bs\u0173 sveikatai ir gro\u017eiui.","description":"YUNSEY CREATIONYST EXTRA STRONG lakas: itin stipri fiksacija, atsparumas dr\u0117gmei ir UV apsauga. Su vitaminu B5. Nepalieka liku\u010di\u0173 ir lengvai i\u0161\u0161ukuojamas.","robots":{"index":"index","follow":"follow","max-snippet":"max-snippet:-1","max-image-preview":"max-image-preview:large","max-video-preview":"max-video-preview:-1"},"canonical":"https:\/\/www.malinashop.lt\/en\/shop\/yunsey-plauku-lakas-itin-stiprios-fiksacijos-creationyst-hairspray-extra-strong-750-ml\/","og_locale":"en_GB","og_type":"article","og_title":"YUNSEY plauk\u0173 lakas itin stiprios fiksacijos CREATIONYST HAIRSPRAY EXTRA STRONG, 750 ml - MalinaShop.lt J\u016bs\u0173 sveikatai ir gro\u017eiui.","og_description":"YUNSEY CREATIONYST EXTRA STRONG lakas: itin stipri fiksacija, atsparumas dr\u0117gmei ir UV apsauga. Su vitaminu B5. Nepalieka liku\u010di\u0173 ir lengvai i\u0161\u0161ukuojamas.","og_url":"https:\/\/www.malinashop.lt\/en\/shop\/yunsey-plauku-lakas-itin-stiprios-fiksacijos-creationyst-hairspray-extra-strong-750-ml\/","og_site_name":"MalinaShop.lt J\u016bs\u0173 sveikatai ir gro\u017eiui.","article_modified_time":"2026-03-03T21:09:31+00:00","og_image":[{"width":800,"height":800,"url":"https:\/\/www.malinashop.lt\/wp-content\/uploads\/2024\/11\/YUNSEY-plauku-lakas-itin-stiprios-fiksacijos-CREATIONYST-HAIRSPRAY-EXTRA-STRONG-750-ml.jpg","type":"image\/jpeg"}],"twitter_card":"summary_large_image","schema":{"@context":"https:\/\/schema.org","@graph":[{"@type":"WebPage","@id":"https:\/\/www.malinashop.lt\/lt_lt\/shop\/yunsey-plauku-lakas-itin-stiprios-fiksacijos-creationyst-hairspray-extra-strong-750-ml\/","url":"https:\/\/www.malinashop.lt\/lt_lt\/shop\/yunsey-plauku-lakas-itin-stiprios-fiksacijos-creationyst-hairspray-extra-strong-750-ml\/","name":"YUNSEY plauk\u0173 lakas itin stiprios fiksacijos CREATIONYST HAIRSPRAY EXTRA STRONG, 750 ml - MalinaShop.lt J\u016bs\u0173 sveikatai ir gro\u017eiui.","isPartOf":{"@id":"https:\/\/www.malinashop.lt\/#website"},"primaryImageOfPage":{"@id":"https:\/\/www.malinashop.lt\/lt_lt\/shop\/yunsey-plauku-lakas-itin-stiprios-fiksacijos-creationyst-hairspray-extra-strong-750-ml\/#primaryimage"},"image":{"@id":"https:\/\/www.malinashop.lt\/lt_lt\/shop\/yunsey-plauku-lakas-itin-stiprios-fiksacijos-creationyst-hairspray-extra-strong-750-ml\/#primaryimage"},"thumbnailUrl":"https:\/\/www.malinashop.lt\/wp-content\/uploads\/2024\/11\/YUNSEY-plauku-lakas-itin-stiprios-fiksacijos-CREATIONYST-HAIRSPRAY-EXTRA-STRONG-750-ml.jpg","datePublished":"2024-11-06T12:51:40+00:00","dateModified":"2026-03-03T21:09:31+00:00","description":"YUNSEY CREATIONYST EXTRA STRONG lakas: itin stipri fiksacija, atsparumas dr\u0117gmei ir UV apsauga. Su vitaminu B5. Nepalieka liku\u010di\u0173 ir lengvai i\u0161\u0161ukuojamas.","breadcrumb":{"@id":"https:\/\/www.malinashop.lt\/lt_lt\/shop\/yunsey-plauku-lakas-itin-stiprios-fiksacijos-creationyst-hairspray-extra-strong-750-ml\/#breadcrumb"},"inLanguage":"en-GB","potentialAction":[{"@type":"ReadAction","target":["https:\/\/www.malinashop.lt\/lt_lt\/shop\/yunsey-plauku-lakas-itin-stiprios-fiksacijos-creationyst-hairspray-extra-strong-750-ml\/"]}]},{"@type":"ImageObject","inLanguage":"en-GB","@id":"https:\/\/www.malinashop.lt\/lt_lt\/shop\/yunsey-plauku-lakas-itin-stiprios-fiksacijos-creationyst-hairspray-extra-strong-750-ml\/#primaryimage","url":"https:\/\/www.malinashop.lt\/wp-content\/uploads\/2024\/11\/YUNSEY-plauku-lakas-itin-stiprios-fiksacijos-CREATIONYST-HAIRSPRAY-EXTRA-STRONG-750-ml.jpg","contentUrl":"https:\/\/www.malinashop.lt\/wp-content\/uploads\/2024\/11\/YUNSEY-plauku-lakas-itin-stiprios-fiksacijos-CREATIONYST-HAIRSPRAY-EXTRA-STRONG-750-ml.jpg","width":800,"height":800},{"@type":"BreadcrumbList","@id":"https:\/\/www.malinashop.lt\/lt_lt\/shop\/yunsey-plauku-lakas-itin-stiprios-fiksacijos-creationyst-hairspray-extra-strong-750-ml\/#breadcrumb","itemListElement":[{"@type":"ListItem","position":1,"name":"Pagrindinis","item":"https:\/\/www.malinashop.lt\/"},{"@type":"ListItem","position":2,"name":"Parduotuv\u0117","item":"https:\/\/www.malinashop.lt\/en\/parduotuve\/"},{"@type":"ListItem","position":3,"name":"YUNSEY plauk\u0173 lakas itin stiprios fiksacijos CREATIONYST HAIRSPRAY EXTRA STRONG, 750 ml"}]},{"@type":"WebSite","@id":"https:\/\/www.malinashop.lt\/#website","url":"https:\/\/www.malinashop.lt\/","name":"COM Group Ecommerce","description":"MalinaShop.lt - Gro\u017eio ir sveikatos produktai i\u0161 patikim\u0173 preki\u0173 \u017eenkl\u0173. Atraskite auk\u0161tos kokyb\u0117s kosmetik\u0105 u\u017e puiki\u0105 kain\u0105.","publisher":{"@id":"https:\/\/www.malinashop.lt\/#organization"},"potentialAction":[{"@type":"SearchAction","target":{"@type":"EntryPoint","urlTemplate":"https:\/\/www.malinashop.lt\/?s={search_term_string}"},"query-input":{"@type":"PropertyValueSpecification","valueRequired":true,"valueName":"search_term_string"}}],"inLanguage":"en-GB"},{"@type":"Organization","@id":"https:\/\/www.malinashop.lt\/#organization","name":"COM Group Ecommerce","url":"https:\/\/www.malinashop.lt\/","logo":{"@type":"ImageObject","inLanguage":"en-GB","@id":"https:\/\/www.malinashop.lt\/#\/schema\/logo\/image\/","url":"https:\/\/www.malinashop.lt\/wp-content\/uploads\/2024\/08\/462559670_3787732518133670_9795632669273463_n-e1731525914575.png","contentUrl":"https:\/\/www.malinashop.lt\/wp-content\/uploads\/2024\/08\/462559670_3787732518133670_9795632669273463_n-e1731525914575.png","width":180,"height":60,"caption":"COM Group Ecommerce"},"image":{"@id":"https:\/\/www.malinashop.lt\/#\/schema\/logo\/image\/"}}]}},"jetpack_sharing_enabled":true,"_links":{"self":[{"href":"https:\/\/www.malinashop.lt\/en\/wp-json\/wp\/v2\/product\/19308","targetHints":{"allow":["GET"]}}],"collection":[{"href":"https:\/\/www.malinashop.lt\/en\/wp-json\/wp\/v2\/product"}],"about":[{"href":"https:\/\/www.malinashop.lt\/en\/wp-json\/wp\/v2\/types\/product"}],"version-history":[{"count":3,"href":"https:\/\/www.malinashop.lt\/en\/wp-json\/wp\/v2\/product\/19308\/revisions"}],"predecessor-version":[{"id":75362,"href":"https:\/\/www.malinashop.lt\/en\/wp-json\/wp\/v2\/product\/19308\/revisions\/75362"}],"wp:featuredmedia":[{"embeddable":true,"href":"https:\/\/www.malinashop.lt\/en\/wp-json\/wp\/v2\/media\/18655"}],"wp:attachment":[{"href":"https:\/\/www.malinashop.lt\/en\/wp-json\/wp\/v2\/media?parent=19308"}],"wp:term":[{"taxonomy":"product_brand","embeddable":true,"href":"https:\/\/www.malinashop.lt\/en\/wp-json\/wp\/v2\/product_brand?post=19308"},{"taxonomy":"product_cat","embeddable":true,"href":"https:\/\/www.malinashop.lt\/en\/wp-json\/wp\/v2\/product_cat?post=19308"},{"taxonomy":"product_tag","embeddable":true,"href":"https:\/\/www.malinashop.lt\/en\/wp-json\/wp\/v2\/product_tag?post=19308"}],"curies":[{"name":"wp","href":"https:\/\/api.w.org\/{rel}","templated":true}]}}