{"id":19298,"date":"2024-11-06T15:51:40","date_gmt":"2024-11-06T12:51:40","guid":{"rendered":"https:\/\/malinashop.lt\/produktas\/yunsey-spray-protector-solar-purskiklis-saugantis-nuo-saules-poveikio-300-ml\/"},"modified":"2026-03-04T00:22:18","modified_gmt":"2026-03-03T21:22:18","slug":"yunsey-spray-protector-solar-purskiklis-saugantis-nuo-saules-poveikio-300-ml","status":"publish","type":"product","link":"https:\/\/www.malinashop.lt\/en\/shop\/yunsey-spray-protector-solar-purskiklis-saugantis-nuo-saules-poveikio-300-ml\/","title":{"rendered":"YUNSEY SPRAY PROTECTOR SOLAR pur\u0161kiklis saugantis nuo saul\u0117s poveikio, 300 ml"},"content":{"rendered":"<hr class=\"\" data-path-to-node=\"1\" \/>\n<h5 class=\"\" data-path-to-node=\"2\">YUNSEY SPRAY PROTECTOR SOLAR \u2013 maksimali apsauga ir dr\u0117gm\u0117 j\u016bs\u0173 plaukams<\/h5>\n<p data-path-to-node=\"3\"><span class=\"\">U\u017etikrinkite visapus\u0119 plauk\u0173 kontrol\u0119 ir saugum\u0105 su <\/span><b class=\"\" data-path-to-node=\"3\" data-index-in-node=\"52\">YUNSEY SPRAY PROTECTOR SOLAR<\/b><span class=\"\">.<\/span><span class=\"\"> \u0160is nenuplaunamas pur\u0161kiklis sukurtas specialiai tam,<\/span><span class=\"\"> kad tapt\u0173 j\u016bs\u0173 plauk\u0173 skydu nuo negailestingos saul\u0117s kaitros.<\/span><span class=\"\"> Priemon\u0117 veikia dvejopai:<\/span><span class=\"\"> saugo plauko i\u0161or\u0119 nuo \u017ealing\u0173 UV spinduli\u0173 ir maitina plauk\u0105 i\u0161 vidaus,<\/span><span class=\"\"> neleisdama jam prarasti gyvybi\u0161kai svarbios dr\u0117gm\u0117s.<\/span><\/p>\n<h6 class=\"\" data-path-to-node=\"4\">Momentinis efektas ir sveik\u0173 plauk\u0173 paslaptis<\/h6>\n<p data-path-to-node=\"5\"><span class=\"\">Pur\u0161kiklis pasi\u017eymi lengva formule,<\/span><span class=\"\"> kuri suteikia akivaizd\u0173 rezultat\u0105 i\u0161kart po panaudojimo:<\/span><\/p>\n<ul data-path-to-node=\"6\">\n<li>\n<p data-path-to-node=\"6,0,0\"><b class=\"\" data-path-to-node=\"6,0,0\" data-index-in-node=\"0\">UV filtr\u0173 apsauga:<\/b><span class=\"\"> efektyviai blokuoja ultravioletinius spindulius,<\/span><span class=\"\"> saugodamas plauk\u0173 strukt\u016br\u0105 nuo dehidratacijos ir spalvos blukimo.<\/span><\/p>\n<\/li>\n<li>\n<p data-path-to-node=\"6,1,0\"><b class=\"\" data-path-to-node=\"6,1,0\" data-index-in-node=\"0\">Gilus maitinimas ir atk\u016brimas:<\/b><span class=\"\"> priemon\u0117 padeda atkurti i\u0161si\u0161akojusius galiukus ir sugr\u0105\u017eina sruogoms nat\u016bral\u0173 elastingum\u0105.<\/span><\/p>\n<\/li>\n<li>\n<p data-path-to-node=\"6,2,0\"><b class=\"\" data-path-to-node=\"6,2,0\" data-index-in-node=\"0\">Lengvas i\u0161\u0161ukavimas:<\/b><span class=\"\"> akimirksniu sumink\u0161tina plaukus,<\/span><span class=\"\"> tod\u0117l juos lengviau suvaldyti po maudyni\u0173 j\u016broje ar baseine.<\/span><\/p>\n<\/li>\n<li>\n<p data-path-to-node=\"6,3,0\"><b class=\"\" data-path-to-node=\"6,3,0\" data-index-in-node=\"0\">Sveikas \u0161vyt\u0117jimas:<\/b><span class=\"\"> suteikia plaukams nat\u016bralaus blizgesio bei \u0161ilko \u0161velnumo,<\/span><span class=\"\"> j\u0173 neapsunkindamas.<\/span><\/p>\n<\/li>\n<\/ul>\n<h6 class=\"\" data-path-to-node=\"7\">Naudojimo instrukcija<\/h6>\n<p data-path-to-node=\"8\"><span class=\"\">Prie\u0161 eidami \u012f saul\u0119 arba jos metu tolygiai purk\u0161kite priemon\u0119 ant <\/span><b class=\"\" data-path-to-node=\"8\" data-index-in-node=\"67\">saus\u0173 arba dr\u0117gn\u0173 plauk\u0173<\/b><span class=\"\">.<\/span><span class=\"\"> Paskirstykite per vis\u0105 ilg\u012f.<\/span> <b class=\"\" data-path-to-node=\"8\" data-index-in-node=\"122\">Produkto nuskalauti nereikia.<\/b><span class=\"\"> Galite naudoti pakartotinai po kiekvien\u0173 maudyni\u0173,<\/span><span class=\"\"> kad i\u0161laikytum\u0117te maksimali\u0105 apsaug\u0105.<\/span><\/p>\n<h6 class=\"\" data-path-to-node=\"9\">Apie YUNSEY Professionals<\/h6>\n<p data-path-to-node=\"10\"><span class=\"\">Ispan\u0173 gamintojas <\/span><b class=\"\" data-path-to-node=\"10\" data-index-in-node=\"18\">YUNSEY<\/b><span class=\"\"> si\u016blo profesionalius sprendimus,<\/span><span class=\"\"> kuriuose dera auk\u0161ta kokyb\u0117 ir inovacijos.<\/span><span class=\"\"> Priemon\u0117s sukurtos veikti plauk\u0105 i\u0161 vidaus \u2013 jos maitina,<\/span><span class=\"\"> suteikia glotnumo ir atkuria nat\u016bral\u0173 elastingum\u0105.<\/span><span class=\"\"> Su <\/span><b class=\"\" data-path-to-node=\"10\" data-index-in-node=\"213\">YUNSEY<\/b><span class=\"\"> j\u016bs\u0173 plaukai ne tik atrodys stilingai,<\/span><span class=\"\"> bet ir i\u0161liks gyvybingi bei kvep\u0117s vis\u0105 dien\u0105.<\/span><\/p>\n","protected":false},"excerpt":{"rendered":"<p><b data-path-to-node=\"12\" data-index-in-node=\"26\">YUNSEY SPRAY PROTECTOR SOLAR<\/b> \u2013 tai nenuplaunamas apsauginis pur\u0161kiklis, idealiai tinkantis naudoti b\u016bnant saul\u0117je. Jis akimirksniu dr\u0117kina plaukus, palengvina i\u0161\u0161ukavim\u0105 ir saugo nuo \u017ealingo UV spinduli\u0173 poveikio bei i\u0161saus\u0117jimo. Lengva formul\u0117 atkuria galiukus ir suteikia sruogoms nat\u016bralaus elastingumo bei sveiko blizgesio.<\/p>\n","protected":false},"featured_media":21340,"template":"","meta":[],"product_brand":[513],"product_cat":[515],"product_tag":[1143],"class_list":{"0":"post-19298","1":"product","2":"type-product","3":"status-publish","4":"has-post-thumbnail","6":"product_brand-yunsey","7":"product_cat-plauku-purskikliai","8":"product_tag-yunsey","10":"first","11":"instock","12":"sale","13":"taxable","14":"shipping-taxable","15":"purchasable","16":"product-type-simple"},"yoast_head":"<!-- This site is optimized with the Yoast SEO plugin v27.4 - https:\/\/yoast.com\/product\/yoast-seo-wordpress\/ -->\n<title>YUNSEY SPRAY PROTECTOR SOLAR pur\u0161kiklis saugantis nuo saul\u0117s poveikio, 300 ml - MalinaShop.lt J\u016bs\u0173 sveikatai ir gro\u017eiui.<\/title>\n<meta name=\"description\" content=\"YUNSEY SOLAR pur\u0161kiklis: momentin\u0117 apsauga nuo UV spinduli\u0173, dr\u0117gm\u0117s palaikymas ir lengvas i\u0161\u0161ukavimas. Saugo nuo saul\u0117s kaitros ir saus\u0117jimo.\" \/>\n<meta name=\"robots\" content=\"index, follow, max-snippet:-1, max-image-preview:large, max-video-preview:-1\" \/>\n<link rel=\"canonical\" href=\"https:\/\/www.malinashop.lt\/en\/shop\/yunsey-spray-protector-solar-purskiklis-saugantis-nuo-saules-poveikio-300-ml\/\" \/>\n<meta property=\"og:locale\" content=\"en_GB\" \/>\n<meta property=\"og:type\" content=\"article\" \/>\n<meta property=\"og:title\" content=\"YUNSEY SPRAY PROTECTOR SOLAR pur\u0161kiklis saugantis nuo saul\u0117s poveikio, 300 ml - MalinaShop.lt J\u016bs\u0173 sveikatai ir gro\u017eiui.\" \/>\n<meta property=\"og:description\" content=\"YUNSEY SOLAR pur\u0161kiklis: momentin\u0117 apsauga nuo UV spinduli\u0173, dr\u0117gm\u0117s palaikymas ir lengvas i\u0161\u0161ukavimas. Saugo nuo saul\u0117s kaitros ir saus\u0117jimo.\" \/>\n<meta property=\"og:url\" content=\"https:\/\/www.malinashop.lt\/en\/shop\/yunsey-spray-protector-solar-purskiklis-saugantis-nuo-saules-poveikio-300-ml\/\" \/>\n<meta property=\"og:site_name\" content=\"MalinaShop.lt J\u016bs\u0173 sveikatai ir gro\u017eiui.\" \/>\n<meta property=\"article:modified_time\" content=\"2026-03-03T21:22:18+00:00\" \/>\n<meta property=\"og:image\" content=\"https:\/\/www.malinashop.lt\/wp-content\/uploads\/2024\/11\/yunsey-kauke-saugantis-nuo-saules-poveikio-solar-mask-200-ml-kopija-1.png\" \/>\n\t<meta property=\"og:image:width\" content=\"388\" \/>\n\t<meta property=\"og:image:height\" content=\"388\" \/>\n\t<meta property=\"og:image:type\" content=\"image\/png\" \/>\n<meta name=\"twitter:card\" content=\"summary_large_image\" \/>\n<script type=\"application\/ld+json\" class=\"yoast-schema-graph\">{\"@context\":\"https:\\\/\\\/schema.org\",\"@graph\":[{\"@type\":\"WebPage\",\"@id\":\"https:\\\/\\\/www.malinashop.lt\\\/shop\\\/yunsey-spray-protector-solar-purskiklis-saugantis-nuo-saules-poveikio-300-ml\\\/\",\"url\":\"https:\\\/\\\/www.malinashop.lt\\\/shop\\\/yunsey-spray-protector-solar-purskiklis-saugantis-nuo-saules-poveikio-300-ml\\\/\",\"name\":\"YUNSEY SPRAY PROTECTOR SOLAR pur\u0161kiklis saugantis nuo saul\u0117s poveikio, 300 ml - MalinaShop.lt J\u016bs\u0173 sveikatai ir gro\u017eiui.\",\"isPartOf\":{\"@id\":\"https:\\\/\\\/www.malinashop.lt\\\/#website\"},\"primaryImageOfPage\":{\"@id\":\"https:\\\/\\\/www.malinashop.lt\\\/shop\\\/yunsey-spray-protector-solar-purskiklis-saugantis-nuo-saules-poveikio-300-ml\\\/#primaryimage\"},\"image\":{\"@id\":\"https:\\\/\\\/www.malinashop.lt\\\/shop\\\/yunsey-spray-protector-solar-purskiklis-saugantis-nuo-saules-poveikio-300-ml\\\/#primaryimage\"},\"thumbnailUrl\":\"https:\\\/\\\/www.malinashop.lt\\\/wp-content\\\/uploads\\\/2024\\\/11\\\/yunsey-kauke-saugantis-nuo-saules-poveikio-solar-mask-200-ml-kopija-1.png\",\"datePublished\":\"2024-11-06T12:51:40+00:00\",\"dateModified\":\"2026-03-03T21:22:18+00:00\",\"description\":\"YUNSEY SOLAR pur\u0161kiklis: momentin\u0117 apsauga nuo UV spinduli\u0173, dr\u0117gm\u0117s palaikymas ir lengvas i\u0161\u0161ukavimas. Saugo nuo saul\u0117s kaitros ir saus\u0117jimo.\",\"breadcrumb\":{\"@id\":\"https:\\\/\\\/www.malinashop.lt\\\/shop\\\/yunsey-spray-protector-solar-purskiklis-saugantis-nuo-saules-poveikio-300-ml\\\/#breadcrumb\"},\"inLanguage\":\"en-GB\",\"potentialAction\":[{\"@type\":\"ReadAction\",\"target\":[\"https:\\\/\\\/www.malinashop.lt\\\/shop\\\/yunsey-spray-protector-solar-purskiklis-saugantis-nuo-saules-poveikio-300-ml\\\/\"]}]},{\"@type\":\"ImageObject\",\"inLanguage\":\"en-GB\",\"@id\":\"https:\\\/\\\/www.malinashop.lt\\\/shop\\\/yunsey-spray-protector-solar-purskiklis-saugantis-nuo-saules-poveikio-300-ml\\\/#primaryimage\",\"url\":\"https:\\\/\\\/www.malinashop.lt\\\/wp-content\\\/uploads\\\/2024\\\/11\\\/yunsey-kauke-saugantis-nuo-saules-poveikio-solar-mask-200-ml-kopija-1.png\",\"contentUrl\":\"https:\\\/\\\/www.malinashop.lt\\\/wp-content\\\/uploads\\\/2024\\\/11\\\/yunsey-kauke-saugantis-nuo-saules-poveikio-solar-mask-200-ml-kopija-1.png\",\"width\":388,\"height\":388},{\"@type\":\"BreadcrumbList\",\"@id\":\"https:\\\/\\\/www.malinashop.lt\\\/shop\\\/yunsey-spray-protector-solar-purskiklis-saugantis-nuo-saules-poveikio-300-ml\\\/#breadcrumb\",\"itemListElement\":[{\"@type\":\"ListItem\",\"position\":1,\"name\":\"Pagrindinis\",\"item\":\"https:\\\/\\\/www.malinashop.lt\\\/\"},{\"@type\":\"ListItem\",\"position\":2,\"name\":\"Parduotuv\u0117\",\"item\":\"https:\\\/\\\/www.malinashop.lt\\\/en\\\/parduotuve\\\/\"},{\"@type\":\"ListItem\",\"position\":3,\"name\":\"YUNSEY SPRAY PROTECTOR SOLAR pur\u0161kiklis saugantis nuo saul\u0117s poveikio, 300 ml\"}]},{\"@type\":\"WebSite\",\"@id\":\"https:\\\/\\\/www.malinashop.lt\\\/#website\",\"url\":\"https:\\\/\\\/www.malinashop.lt\\\/\",\"name\":\"COM Group Ecommerce\",\"description\":\"MalinaShop.lt - Gro\u017eio ir sveikatos produktai i\u0161 patikim\u0173 preki\u0173 \u017eenkl\u0173. Atraskite auk\u0161tos kokyb\u0117s kosmetik\u0105 u\u017e puiki\u0105 kain\u0105.\",\"publisher\":{\"@id\":\"https:\\\/\\\/www.malinashop.lt\\\/#organization\"},\"potentialAction\":[{\"@type\":\"SearchAction\",\"target\":{\"@type\":\"EntryPoint\",\"urlTemplate\":\"https:\\\/\\\/www.malinashop.lt\\\/?s={search_term_string}\"},\"query-input\":{\"@type\":\"PropertyValueSpecification\",\"valueRequired\":true,\"valueName\":\"search_term_string\"}}],\"inLanguage\":\"en-GB\"},{\"@type\":\"Organization\",\"@id\":\"https:\\\/\\\/www.malinashop.lt\\\/#organization\",\"name\":\"COM Group Ecommerce\",\"url\":\"https:\\\/\\\/www.malinashop.lt\\\/\",\"logo\":{\"@type\":\"ImageObject\",\"inLanguage\":\"en-GB\",\"@id\":\"https:\\\/\\\/www.malinashop.lt\\\/#\\\/schema\\\/logo\\\/image\\\/\",\"url\":\"https:\\\/\\\/www.malinashop.lt\\\/wp-content\\\/uploads\\\/2024\\\/08\\\/462559670_3787732518133670_9795632669273463_n-e1731525914575.png\",\"contentUrl\":\"https:\\\/\\\/www.malinashop.lt\\\/wp-content\\\/uploads\\\/2024\\\/08\\\/462559670_3787732518133670_9795632669273463_n-e1731525914575.png\",\"width\":180,\"height\":60,\"caption\":\"COM Group Ecommerce\"},\"image\":{\"@id\":\"https:\\\/\\\/www.malinashop.lt\\\/#\\\/schema\\\/logo\\\/image\\\/\"}}]}<\/script>\n<!-- \/ Yoast SEO plugin. -->","yoast_head_json":{"title":"YUNSEY SPRAY PROTECTOR SOLAR pur\u0161kiklis saugantis nuo saul\u0117s poveikio, 300 ml - MalinaShop.lt J\u016bs\u0173 sveikatai ir gro\u017eiui.","description":"YUNSEY SOLAR pur\u0161kiklis: momentin\u0117 apsauga nuo UV spinduli\u0173, dr\u0117gm\u0117s palaikymas ir lengvas i\u0161\u0161ukavimas. Saugo nuo saul\u0117s kaitros ir saus\u0117jimo.","robots":{"index":"index","follow":"follow","max-snippet":"max-snippet:-1","max-image-preview":"max-image-preview:large","max-video-preview":"max-video-preview:-1"},"canonical":"https:\/\/www.malinashop.lt\/en\/shop\/yunsey-spray-protector-solar-purskiklis-saugantis-nuo-saules-poveikio-300-ml\/","og_locale":"en_GB","og_type":"article","og_title":"YUNSEY SPRAY PROTECTOR SOLAR pur\u0161kiklis saugantis nuo saul\u0117s poveikio, 300 ml - MalinaShop.lt J\u016bs\u0173 sveikatai ir gro\u017eiui.","og_description":"YUNSEY SOLAR pur\u0161kiklis: momentin\u0117 apsauga nuo UV spinduli\u0173, dr\u0117gm\u0117s palaikymas ir lengvas i\u0161\u0161ukavimas. Saugo nuo saul\u0117s kaitros ir saus\u0117jimo.","og_url":"https:\/\/www.malinashop.lt\/en\/shop\/yunsey-spray-protector-solar-purskiklis-saugantis-nuo-saules-poveikio-300-ml\/","og_site_name":"MalinaShop.lt J\u016bs\u0173 sveikatai ir gro\u017eiui.","article_modified_time":"2026-03-03T21:22:18+00:00","og_image":[{"width":388,"height":388,"url":"https:\/\/www.malinashop.lt\/wp-content\/uploads\/2024\/11\/yunsey-kauke-saugantis-nuo-saules-poveikio-solar-mask-200-ml-kopija-1.png","type":"image\/png"}],"twitter_card":"summary_large_image","schema":{"@context":"https:\/\/schema.org","@graph":[{"@type":"WebPage","@id":"https:\/\/www.malinashop.lt\/shop\/yunsey-spray-protector-solar-purskiklis-saugantis-nuo-saules-poveikio-300-ml\/","url":"https:\/\/www.malinashop.lt\/shop\/yunsey-spray-protector-solar-purskiklis-saugantis-nuo-saules-poveikio-300-ml\/","name":"YUNSEY SPRAY PROTECTOR SOLAR pur\u0161kiklis saugantis nuo saul\u0117s poveikio, 300 ml - MalinaShop.lt J\u016bs\u0173 sveikatai ir gro\u017eiui.","isPartOf":{"@id":"https:\/\/www.malinashop.lt\/#website"},"primaryImageOfPage":{"@id":"https:\/\/www.malinashop.lt\/shop\/yunsey-spray-protector-solar-purskiklis-saugantis-nuo-saules-poveikio-300-ml\/#primaryimage"},"image":{"@id":"https:\/\/www.malinashop.lt\/shop\/yunsey-spray-protector-solar-purskiklis-saugantis-nuo-saules-poveikio-300-ml\/#primaryimage"},"thumbnailUrl":"https:\/\/www.malinashop.lt\/wp-content\/uploads\/2024\/11\/yunsey-kauke-saugantis-nuo-saules-poveikio-solar-mask-200-ml-kopija-1.png","datePublished":"2024-11-06T12:51:40+00:00","dateModified":"2026-03-03T21:22:18+00:00","description":"YUNSEY SOLAR pur\u0161kiklis: momentin\u0117 apsauga nuo UV spinduli\u0173, dr\u0117gm\u0117s palaikymas ir lengvas i\u0161\u0161ukavimas. Saugo nuo saul\u0117s kaitros ir saus\u0117jimo.","breadcrumb":{"@id":"https:\/\/www.malinashop.lt\/shop\/yunsey-spray-protector-solar-purskiklis-saugantis-nuo-saules-poveikio-300-ml\/#breadcrumb"},"inLanguage":"en-GB","potentialAction":[{"@type":"ReadAction","target":["https:\/\/www.malinashop.lt\/shop\/yunsey-spray-protector-solar-purskiklis-saugantis-nuo-saules-poveikio-300-ml\/"]}]},{"@type":"ImageObject","inLanguage":"en-GB","@id":"https:\/\/www.malinashop.lt\/shop\/yunsey-spray-protector-solar-purskiklis-saugantis-nuo-saules-poveikio-300-ml\/#primaryimage","url":"https:\/\/www.malinashop.lt\/wp-content\/uploads\/2024\/11\/yunsey-kauke-saugantis-nuo-saules-poveikio-solar-mask-200-ml-kopija-1.png","contentUrl":"https:\/\/www.malinashop.lt\/wp-content\/uploads\/2024\/11\/yunsey-kauke-saugantis-nuo-saules-poveikio-solar-mask-200-ml-kopija-1.png","width":388,"height":388},{"@type":"BreadcrumbList","@id":"https:\/\/www.malinashop.lt\/shop\/yunsey-spray-protector-solar-purskiklis-saugantis-nuo-saules-poveikio-300-ml\/#breadcrumb","itemListElement":[{"@type":"ListItem","position":1,"name":"Pagrindinis","item":"https:\/\/www.malinashop.lt\/"},{"@type":"ListItem","position":2,"name":"Parduotuv\u0117","item":"https:\/\/www.malinashop.lt\/en\/parduotuve\/"},{"@type":"ListItem","position":3,"name":"YUNSEY SPRAY PROTECTOR SOLAR pur\u0161kiklis saugantis nuo saul\u0117s poveikio, 300 ml"}]},{"@type":"WebSite","@id":"https:\/\/www.malinashop.lt\/#website","url":"https:\/\/www.malinashop.lt\/","name":"COM Group Ecommerce","description":"MalinaShop.lt - Gro\u017eio ir sveikatos produktai i\u0161 patikim\u0173 preki\u0173 \u017eenkl\u0173. Atraskite auk\u0161tos kokyb\u0117s kosmetik\u0105 u\u017e puiki\u0105 kain\u0105.","publisher":{"@id":"https:\/\/www.malinashop.lt\/#organization"},"potentialAction":[{"@type":"SearchAction","target":{"@type":"EntryPoint","urlTemplate":"https:\/\/www.malinashop.lt\/?s={search_term_string}"},"query-input":{"@type":"PropertyValueSpecification","valueRequired":true,"valueName":"search_term_string"}}],"inLanguage":"en-GB"},{"@type":"Organization","@id":"https:\/\/www.malinashop.lt\/#organization","name":"COM Group Ecommerce","url":"https:\/\/www.malinashop.lt\/","logo":{"@type":"ImageObject","inLanguage":"en-GB","@id":"https:\/\/www.malinashop.lt\/#\/schema\/logo\/image\/","url":"https:\/\/www.malinashop.lt\/wp-content\/uploads\/2024\/08\/462559670_3787732518133670_9795632669273463_n-e1731525914575.png","contentUrl":"https:\/\/www.malinashop.lt\/wp-content\/uploads\/2024\/08\/462559670_3787732518133670_9795632669273463_n-e1731525914575.png","width":180,"height":60,"caption":"COM Group Ecommerce"},"image":{"@id":"https:\/\/www.malinashop.lt\/#\/schema\/logo\/image\/"}}]}},"jetpack_sharing_enabled":true,"_links":{"self":[{"href":"https:\/\/www.malinashop.lt\/en\/wp-json\/wp\/v2\/product\/19298","targetHints":{"allow":["GET"]}}],"collection":[{"href":"https:\/\/www.malinashop.lt\/en\/wp-json\/wp\/v2\/product"}],"about":[{"href":"https:\/\/www.malinashop.lt\/en\/wp-json\/wp\/v2\/types\/product"}],"version-history":[{"count":2,"href":"https:\/\/www.malinashop.lt\/en\/wp-json\/wp\/v2\/product\/19298\/revisions"}],"predecessor-version":[{"id":75369,"href":"https:\/\/www.malinashop.lt\/en\/wp-json\/wp\/v2\/product\/19298\/revisions\/75369"}],"wp:featuredmedia":[{"embeddable":true,"href":"https:\/\/www.malinashop.lt\/en\/wp-json\/wp\/v2\/media\/21340"}],"wp:attachment":[{"href":"https:\/\/www.malinashop.lt\/en\/wp-json\/wp\/v2\/media?parent=19298"}],"wp:term":[{"taxonomy":"product_brand","embeddable":true,"href":"https:\/\/www.malinashop.lt\/en\/wp-json\/wp\/v2\/product_brand?post=19298"},{"taxonomy":"product_cat","embeddable":true,"href":"https:\/\/www.malinashop.lt\/en\/wp-json\/wp\/v2\/product_cat?post=19298"},{"taxonomy":"product_tag","embeddable":true,"href":"https:\/\/www.malinashop.lt\/en\/wp-json\/wp\/v2\/product_tag?post=19298"}],"curies":[{"name":"wp","href":"https:\/\/api.w.org\/{rel}","templated":true}]}}