{"id":19288,"date":"2024-11-06T15:51:36","date_gmt":"2024-11-06T12:51:36","guid":{"rendered":"https:\/\/malinashop.lt\/produktas\/yunsey-plauku-kauke-neutralizuojanti-geltonus-atspalvius-neutralizing-mask-bye-bye-yellow-200-ml\/"},"modified":"2026-03-04T00:43:47","modified_gmt":"2026-03-03T21:43:47","slug":"yunsey-plauku-kauke-neutralizuojanti-geltonus-atspalvius-neutralizing-mask-bye-bye-yellow-200-ml","status":"publish","type":"product","link":"https:\/\/www.malinashop.lt\/en\/shop\/yunsey-plauku-kauke-neutralizuojanti-geltonus-atspalvius-neutralizing-mask-bye-bye-yellow-200-ml\/","title":{"rendered":"YUNSEY plauk\u0173 kauk\u0117 neutralizuojanti geltonus atspalvius NEUTRALIZING MASK BYE BYE YELLOW, 200 ml"},"content":{"rendered":"<p>YUNSEY \u201eBye Bye Yellow\u201c neutralizuojanti kauk\u0117 \u0161viesiems plaukams yra skirta pa\u0161alinti nepageidaujamus geltonus atspalvius i\u0161 \u0161viesint\u0173, pilk\u0173j\u0173 ir \u017eil\u0173 plauk\u0173. Ji veiksmingai mink\u0161tina ir atkuria plaukus, kurie buvo pa\u017eeisti d\u0117l da\u017eymo ar \u0161viesinimo, nesunkindama j\u0173 strukt\u016bros. Kauk\u0117 suteikia plaukams \u0161alt\u0105 atspalv\u012f, pad\u0117dama i\u0161laikyti norim\u0105 \u0161ukuosenos ton\u0105. Rekomenduojama naudoti kauk\u0119 1\u20132 kartus per savait\u0119, kad i\u0161laikytum\u0117te nuosekl\u0173 plauk\u0173 atspalv\u012f. D\u0117v\u0117kite pir\u0161tines, kad apsisaugotum\u0117te nuo nereikalingo da\u017eymo.<\/p>\n<p><span style=\"color: var(--rz-text-color); font-family: var(--rz-font-family-primary);\">Siuntas i\u0161siun\u010diame antradieniais ir ketvirtadieniais. Jei d\u0117l koki\u0173 nors prie\u017eas\u010di\u0173 siunta negali b\u016bti i\u0161si\u0173sta \u0161iomis dienomis ir ji yra perkeliama \u012f kit\u0105 dien\u0105, apie tai informuosime jus svetain\u0117je arba el. pa\u0161tu.<\/span><\/p>\n<div class=\"text-tab text-tab-id-10\">\n<p>\u201eJei turite klausim\u0173, pra\u0161ome susisiekti el. pa\u0161tu info@malinashop.lt arba telefonu +37065444002 darbo dienomis nuo 10:00 iki 16:00 val.\u201c<\/p>\n<\/div>\n<div class=\"text-tab text-tab-id-11\">\n<p>Perkant u\u017e daugiau nei 50\u20ac &#8211; pristatymas nemokamas.<\/p>\n<p>Pristatymas \u012f LPexpress pa\u0161tomat\u0105\u00a0(visoje Lietuvoje, i\u0161skyrus Kur\u0161i\u0173 Nerij\u0105).<\/p>\n<\/div>\n","protected":false},"excerpt":{"rendered":"<p>YUNSEY \u201eBye Bye Yellow\u201c neutralizuojanti kauk\u0117 \u0161viesiems plaukams yra skirta pa\u0161alinti nepageidaujamus geltonus atspalvius i\u0161 \u0161viesint\u0173, pilk\u0173j\u0173 ir \u017eil\u0173 plauk\u0173. Ji veiksmingai&hellip;<\/p>\n","protected":false},"featured_media":18651,"template":"","meta":[],"product_brand":[513],"product_cat":[517],"product_tag":[1143],"class_list":{"0":"post-19288","1":"product","2":"type-product","3":"status-publish","4":"has-post-thumbnail","6":"product_brand-yunsey","7":"product_cat-plauku-kaukes-ir-kremai-ampules","8":"product_tag-yunsey","10":"first","11":"outofstock","12":"sale","13":"taxable","14":"shipping-taxable","15":"purchasable","16":"product-type-simple"},"yoast_head":"<!-- This site is optimized with the Yoast SEO plugin v27.4 - https:\/\/yoast.com\/product\/yoast-seo-wordpress\/ -->\n<title>YUNSEY plauk\u0173 kauk\u0117 neutralizuojanti geltonus atspalvius NEUTRALIZING MASK BYE BYE YELLOW, 200 ml - MalinaShop.lt J\u016bs\u0173 sveikatai ir gro\u017eiui.<\/title>\n<meta name=\"robots\" content=\"index, follow, max-snippet:-1, max-image-preview:large, max-video-preview:-1\" \/>\n<link rel=\"canonical\" href=\"https:\/\/www.malinashop.lt\/en\/shop\/yunsey-plauku-kauke-neutralizuojanti-geltonus-atspalvius-neutralizing-mask-bye-bye-yellow-200-ml\/\" \/>\n<meta property=\"og:locale\" content=\"en_GB\" \/>\n<meta property=\"og:type\" content=\"article\" \/>\n<meta property=\"og:title\" content=\"YUNSEY plauk\u0173 kauk\u0117 neutralizuojanti geltonus atspalvius NEUTRALIZING MASK BYE BYE YELLOW, 200 ml - MalinaShop.lt J\u016bs\u0173 sveikatai ir gro\u017eiui.\" \/>\n<meta property=\"og:url\" content=\"https:\/\/www.malinashop.lt\/en\/shop\/yunsey-plauku-kauke-neutralizuojanti-geltonus-atspalvius-neutralizing-mask-bye-bye-yellow-200-ml\/\" \/>\n<meta property=\"og:site_name\" content=\"MalinaShop.lt J\u016bs\u0173 sveikatai ir gro\u017eiui.\" \/>\n<meta property=\"article:modified_time\" content=\"2026-03-03T21:43:47+00:00\" \/>\n<meta property=\"og:image\" content=\"https:\/\/www.malinashop.lt\/wp-content\/uploads\/2024\/11\/YUNSEY-plauku-kauke-neutralizuojanti-geltonus-atspalvius-NEUTRALIZING-MASK-BYE-BYE-YELLOW-200-ml.jpg\" \/>\n\t<meta property=\"og:image:width\" content=\"1000\" \/>\n\t<meta property=\"og:image:height\" content=\"1000\" \/>\n\t<meta property=\"og:image:type\" content=\"image\/jpeg\" \/>\n<meta name=\"twitter:card\" content=\"summary_large_image\" \/>\n<script type=\"application\/ld+json\" class=\"yoast-schema-graph\">{\"@context\":\"https:\\\/\\\/schema.org\",\"@graph\":[{\"@type\":\"WebPage\",\"@id\":\"https:\\\/\\\/www.malinashop.lt\\\/lt_lt\\\/shop\\\/yunsey-plauku-kauke-neutralizuojanti-geltonus-atspalvius-neutralizing-mask-bye-bye-yellow-200-ml\\\/\",\"url\":\"https:\\\/\\\/www.malinashop.lt\\\/lt_lt\\\/shop\\\/yunsey-plauku-kauke-neutralizuojanti-geltonus-atspalvius-neutralizing-mask-bye-bye-yellow-200-ml\\\/\",\"name\":\"YUNSEY plauk\u0173 kauk\u0117 neutralizuojanti geltonus atspalvius NEUTRALIZING MASK BYE BYE YELLOW, 200 ml - MalinaShop.lt J\u016bs\u0173 sveikatai ir gro\u017eiui.\",\"isPartOf\":{\"@id\":\"https:\\\/\\\/www.malinashop.lt\\\/#website\"},\"primaryImageOfPage\":{\"@id\":\"https:\\\/\\\/www.malinashop.lt\\\/lt_lt\\\/shop\\\/yunsey-plauku-kauke-neutralizuojanti-geltonus-atspalvius-neutralizing-mask-bye-bye-yellow-200-ml\\\/#primaryimage\"},\"image\":{\"@id\":\"https:\\\/\\\/www.malinashop.lt\\\/lt_lt\\\/shop\\\/yunsey-plauku-kauke-neutralizuojanti-geltonus-atspalvius-neutralizing-mask-bye-bye-yellow-200-ml\\\/#primaryimage\"},\"thumbnailUrl\":\"https:\\\/\\\/www.malinashop.lt\\\/wp-content\\\/uploads\\\/2024\\\/11\\\/YUNSEY-plauku-kauke-neutralizuojanti-geltonus-atspalvius-NEUTRALIZING-MASK-BYE-BYE-YELLOW-200-ml.jpg\",\"datePublished\":\"2024-11-06T12:51:36+00:00\",\"dateModified\":\"2026-03-03T21:43:47+00:00\",\"breadcrumb\":{\"@id\":\"https:\\\/\\\/www.malinashop.lt\\\/lt_lt\\\/shop\\\/yunsey-plauku-kauke-neutralizuojanti-geltonus-atspalvius-neutralizing-mask-bye-bye-yellow-200-ml\\\/#breadcrumb\"},\"inLanguage\":\"en-GB\",\"potentialAction\":[{\"@type\":\"ReadAction\",\"target\":[\"https:\\\/\\\/www.malinashop.lt\\\/lt_lt\\\/shop\\\/yunsey-plauku-kauke-neutralizuojanti-geltonus-atspalvius-neutralizing-mask-bye-bye-yellow-200-ml\\\/\"]}]},{\"@type\":\"ImageObject\",\"inLanguage\":\"en-GB\",\"@id\":\"https:\\\/\\\/www.malinashop.lt\\\/lt_lt\\\/shop\\\/yunsey-plauku-kauke-neutralizuojanti-geltonus-atspalvius-neutralizing-mask-bye-bye-yellow-200-ml\\\/#primaryimage\",\"url\":\"https:\\\/\\\/www.malinashop.lt\\\/wp-content\\\/uploads\\\/2024\\\/11\\\/YUNSEY-plauku-kauke-neutralizuojanti-geltonus-atspalvius-NEUTRALIZING-MASK-BYE-BYE-YELLOW-200-ml.jpg\",\"contentUrl\":\"https:\\\/\\\/www.malinashop.lt\\\/wp-content\\\/uploads\\\/2024\\\/11\\\/YUNSEY-plauku-kauke-neutralizuojanti-geltonus-atspalvius-NEUTRALIZING-MASK-BYE-BYE-YELLOW-200-ml.jpg\",\"width\":1000,\"height\":1000},{\"@type\":\"BreadcrumbList\",\"@id\":\"https:\\\/\\\/www.malinashop.lt\\\/lt_lt\\\/shop\\\/yunsey-plauku-kauke-neutralizuojanti-geltonus-atspalvius-neutralizing-mask-bye-bye-yellow-200-ml\\\/#breadcrumb\",\"itemListElement\":[{\"@type\":\"ListItem\",\"position\":1,\"name\":\"Pagrindinis\",\"item\":\"https:\\\/\\\/www.malinashop.lt\\\/\"},{\"@type\":\"ListItem\",\"position\":2,\"name\":\"Parduotuv\u0117\",\"item\":\"https:\\\/\\\/www.malinashop.lt\\\/en\\\/parduotuve\\\/\"},{\"@type\":\"ListItem\",\"position\":3,\"name\":\"YUNSEY plauk\u0173 kauk\u0117 neutralizuojanti geltonus atspalvius NEUTRALIZING MASK BYE BYE YELLOW, 200 ml\"}]},{\"@type\":\"WebSite\",\"@id\":\"https:\\\/\\\/www.malinashop.lt\\\/#website\",\"url\":\"https:\\\/\\\/www.malinashop.lt\\\/\",\"name\":\"COM Group Ecommerce\",\"description\":\"MalinaShop.lt - Gro\u017eio ir sveikatos produktai i\u0161 patikim\u0173 preki\u0173 \u017eenkl\u0173. Atraskite auk\u0161tos kokyb\u0117s kosmetik\u0105 u\u017e puiki\u0105 kain\u0105.\",\"publisher\":{\"@id\":\"https:\\\/\\\/www.malinashop.lt\\\/#organization\"},\"potentialAction\":[{\"@type\":\"SearchAction\",\"target\":{\"@type\":\"EntryPoint\",\"urlTemplate\":\"https:\\\/\\\/www.malinashop.lt\\\/?s={search_term_string}\"},\"query-input\":{\"@type\":\"PropertyValueSpecification\",\"valueRequired\":true,\"valueName\":\"search_term_string\"}}],\"inLanguage\":\"en-GB\"},{\"@type\":\"Organization\",\"@id\":\"https:\\\/\\\/www.malinashop.lt\\\/#organization\",\"name\":\"COM Group Ecommerce\",\"url\":\"https:\\\/\\\/www.malinashop.lt\\\/\",\"logo\":{\"@type\":\"ImageObject\",\"inLanguage\":\"en-GB\",\"@id\":\"https:\\\/\\\/www.malinashop.lt\\\/#\\\/schema\\\/logo\\\/image\\\/\",\"url\":\"https:\\\/\\\/www.malinashop.lt\\\/wp-content\\\/uploads\\\/2024\\\/08\\\/462559670_3787732518133670_9795632669273463_n-e1731525914575.png\",\"contentUrl\":\"https:\\\/\\\/www.malinashop.lt\\\/wp-content\\\/uploads\\\/2024\\\/08\\\/462559670_3787732518133670_9795632669273463_n-e1731525914575.png\",\"width\":180,\"height\":60,\"caption\":\"COM Group Ecommerce\"},\"image\":{\"@id\":\"https:\\\/\\\/www.malinashop.lt\\\/#\\\/schema\\\/logo\\\/image\\\/\"}}]}<\/script>\n<!-- \/ Yoast SEO plugin. -->","yoast_head_json":{"title":"YUNSEY plauk\u0173 kauk\u0117 neutralizuojanti geltonus atspalvius NEUTRALIZING MASK BYE BYE YELLOW, 200 ml - MalinaShop.lt J\u016bs\u0173 sveikatai ir gro\u017eiui.","robots":{"index":"index","follow":"follow","max-snippet":"max-snippet:-1","max-image-preview":"max-image-preview:large","max-video-preview":"max-video-preview:-1"},"canonical":"https:\/\/www.malinashop.lt\/en\/shop\/yunsey-plauku-kauke-neutralizuojanti-geltonus-atspalvius-neutralizing-mask-bye-bye-yellow-200-ml\/","og_locale":"en_GB","og_type":"article","og_title":"YUNSEY plauk\u0173 kauk\u0117 neutralizuojanti geltonus atspalvius NEUTRALIZING MASK BYE BYE YELLOW, 200 ml - MalinaShop.lt J\u016bs\u0173 sveikatai ir gro\u017eiui.","og_url":"https:\/\/www.malinashop.lt\/en\/shop\/yunsey-plauku-kauke-neutralizuojanti-geltonus-atspalvius-neutralizing-mask-bye-bye-yellow-200-ml\/","og_site_name":"MalinaShop.lt J\u016bs\u0173 sveikatai ir gro\u017eiui.","article_modified_time":"2026-03-03T21:43:47+00:00","og_image":[{"width":1000,"height":1000,"url":"https:\/\/www.malinashop.lt\/wp-content\/uploads\/2024\/11\/YUNSEY-plauku-kauke-neutralizuojanti-geltonus-atspalvius-NEUTRALIZING-MASK-BYE-BYE-YELLOW-200-ml.jpg","type":"image\/jpeg"}],"twitter_card":"summary_large_image","schema":{"@context":"https:\/\/schema.org","@graph":[{"@type":"WebPage","@id":"https:\/\/www.malinashop.lt\/lt_lt\/shop\/yunsey-plauku-kauke-neutralizuojanti-geltonus-atspalvius-neutralizing-mask-bye-bye-yellow-200-ml\/","url":"https:\/\/www.malinashop.lt\/lt_lt\/shop\/yunsey-plauku-kauke-neutralizuojanti-geltonus-atspalvius-neutralizing-mask-bye-bye-yellow-200-ml\/","name":"YUNSEY plauk\u0173 kauk\u0117 neutralizuojanti geltonus atspalvius NEUTRALIZING MASK BYE BYE YELLOW, 200 ml - MalinaShop.lt J\u016bs\u0173 sveikatai ir gro\u017eiui.","isPartOf":{"@id":"https:\/\/www.malinashop.lt\/#website"},"primaryImageOfPage":{"@id":"https:\/\/www.malinashop.lt\/lt_lt\/shop\/yunsey-plauku-kauke-neutralizuojanti-geltonus-atspalvius-neutralizing-mask-bye-bye-yellow-200-ml\/#primaryimage"},"image":{"@id":"https:\/\/www.malinashop.lt\/lt_lt\/shop\/yunsey-plauku-kauke-neutralizuojanti-geltonus-atspalvius-neutralizing-mask-bye-bye-yellow-200-ml\/#primaryimage"},"thumbnailUrl":"https:\/\/www.malinashop.lt\/wp-content\/uploads\/2024\/11\/YUNSEY-plauku-kauke-neutralizuojanti-geltonus-atspalvius-NEUTRALIZING-MASK-BYE-BYE-YELLOW-200-ml.jpg","datePublished":"2024-11-06T12:51:36+00:00","dateModified":"2026-03-03T21:43:47+00:00","breadcrumb":{"@id":"https:\/\/www.malinashop.lt\/lt_lt\/shop\/yunsey-plauku-kauke-neutralizuojanti-geltonus-atspalvius-neutralizing-mask-bye-bye-yellow-200-ml\/#breadcrumb"},"inLanguage":"en-GB","potentialAction":[{"@type":"ReadAction","target":["https:\/\/www.malinashop.lt\/lt_lt\/shop\/yunsey-plauku-kauke-neutralizuojanti-geltonus-atspalvius-neutralizing-mask-bye-bye-yellow-200-ml\/"]}]},{"@type":"ImageObject","inLanguage":"en-GB","@id":"https:\/\/www.malinashop.lt\/lt_lt\/shop\/yunsey-plauku-kauke-neutralizuojanti-geltonus-atspalvius-neutralizing-mask-bye-bye-yellow-200-ml\/#primaryimage","url":"https:\/\/www.malinashop.lt\/wp-content\/uploads\/2024\/11\/YUNSEY-plauku-kauke-neutralizuojanti-geltonus-atspalvius-NEUTRALIZING-MASK-BYE-BYE-YELLOW-200-ml.jpg","contentUrl":"https:\/\/www.malinashop.lt\/wp-content\/uploads\/2024\/11\/YUNSEY-plauku-kauke-neutralizuojanti-geltonus-atspalvius-NEUTRALIZING-MASK-BYE-BYE-YELLOW-200-ml.jpg","width":1000,"height":1000},{"@type":"BreadcrumbList","@id":"https:\/\/www.malinashop.lt\/lt_lt\/shop\/yunsey-plauku-kauke-neutralizuojanti-geltonus-atspalvius-neutralizing-mask-bye-bye-yellow-200-ml\/#breadcrumb","itemListElement":[{"@type":"ListItem","position":1,"name":"Pagrindinis","item":"https:\/\/www.malinashop.lt\/"},{"@type":"ListItem","position":2,"name":"Parduotuv\u0117","item":"https:\/\/www.malinashop.lt\/en\/parduotuve\/"},{"@type":"ListItem","position":3,"name":"YUNSEY plauk\u0173 kauk\u0117 neutralizuojanti geltonus atspalvius NEUTRALIZING MASK BYE BYE YELLOW, 200 ml"}]},{"@type":"WebSite","@id":"https:\/\/www.malinashop.lt\/#website","url":"https:\/\/www.malinashop.lt\/","name":"COM Group Ecommerce","description":"MalinaShop.lt - Gro\u017eio ir sveikatos produktai i\u0161 patikim\u0173 preki\u0173 \u017eenkl\u0173. Atraskite auk\u0161tos kokyb\u0117s kosmetik\u0105 u\u017e puiki\u0105 kain\u0105.","publisher":{"@id":"https:\/\/www.malinashop.lt\/#organization"},"potentialAction":[{"@type":"SearchAction","target":{"@type":"EntryPoint","urlTemplate":"https:\/\/www.malinashop.lt\/?s={search_term_string}"},"query-input":{"@type":"PropertyValueSpecification","valueRequired":true,"valueName":"search_term_string"}}],"inLanguage":"en-GB"},{"@type":"Organization","@id":"https:\/\/www.malinashop.lt\/#organization","name":"COM Group Ecommerce","url":"https:\/\/www.malinashop.lt\/","logo":{"@type":"ImageObject","inLanguage":"en-GB","@id":"https:\/\/www.malinashop.lt\/#\/schema\/logo\/image\/","url":"https:\/\/www.malinashop.lt\/wp-content\/uploads\/2024\/08\/462559670_3787732518133670_9795632669273463_n-e1731525914575.png","contentUrl":"https:\/\/www.malinashop.lt\/wp-content\/uploads\/2024\/08\/462559670_3787732518133670_9795632669273463_n-e1731525914575.png","width":180,"height":60,"caption":"COM Group Ecommerce"},"image":{"@id":"https:\/\/www.malinashop.lt\/#\/schema\/logo\/image\/"}}]}},"jetpack_sharing_enabled":true,"_links":{"self":[{"href":"https:\/\/www.malinashop.lt\/en\/wp-json\/wp\/v2\/product\/19288","targetHints":{"allow":["GET"]}}],"collection":[{"href":"https:\/\/www.malinashop.lt\/en\/wp-json\/wp\/v2\/product"}],"about":[{"href":"https:\/\/www.malinashop.lt\/en\/wp-json\/wp\/v2\/types\/product"}],"version-history":[{"count":1,"href":"https:\/\/www.malinashop.lt\/en\/wp-json\/wp\/v2\/product\/19288\/revisions"}],"predecessor-version":[{"id":33193,"href":"https:\/\/www.malinashop.lt\/en\/wp-json\/wp\/v2\/product\/19288\/revisions\/33193"}],"wp:featuredmedia":[{"embeddable":true,"href":"https:\/\/www.malinashop.lt\/en\/wp-json\/wp\/v2\/media\/18651"}],"wp:attachment":[{"href":"https:\/\/www.malinashop.lt\/en\/wp-json\/wp\/v2\/media?parent=19288"}],"wp:term":[{"taxonomy":"product_brand","embeddable":true,"href":"https:\/\/www.malinashop.lt\/en\/wp-json\/wp\/v2\/product_brand?post=19288"},{"taxonomy":"product_cat","embeddable":true,"href":"https:\/\/www.malinashop.lt\/en\/wp-json\/wp\/v2\/product_cat?post=19288"},{"taxonomy":"product_tag","embeddable":true,"href":"https:\/\/www.malinashop.lt\/en\/wp-json\/wp\/v2\/product_tag?post=19288"}],"curies":[{"name":"wp","href":"https:\/\/api.w.org\/{rel}","templated":true}]}}