{"id":19272,"date":"2024-11-06T15:51:36","date_gmt":"2024-11-06T12:51:36","guid":{"rendered":"https:\/\/malinashop.lt\/produktas\/yunsey-sausas-sampunas-suteikiantis-plaukams-apimties-volume-up-dry-200-ml\/"},"modified":"2026-02-12T21:57:58","modified_gmt":"2026-02-12T18:57:58","slug":"yunsey-sausas-sampunas-suteikiantis-plaukams-apimties-volume-up-dry-200-ml","status":"publish","type":"product","link":"https:\/\/www.malinashop.lt\/en\/shop\/yunsey-sausas-sampunas-suteikiantis-plaukams-apimties-volume-up-dry-200-ml\/","title":{"rendered":"YUNSEY sausas \u0161amp\u016bnas suteikiantis plaukams apimties VOLUME UP DRY, 200 ml"},"content":{"rendered":"<p>YUNSEY \u201eVolume Up\u201c sausas \u0161amp\u016bnas efektyviai atgaivina plaukus, pakelia juos nuo \u0161akn\u0173, suteikiant papildomos apimties. Jis puikiai sugeria riebalus bei perteklinius formavimo produktus, palikdamas plaukus \u0161varius ir gaivius. \u0160is sausasis \u0161amp\u016bnas yra idealus pasirinkimas vis\u0173 tip\u0173 plaukams, ypa\u010d tiems, kurie link\u0119 greitai riebaluotis. Jo sud\u0117tyje esantis ry\u017ei\u0173 krakmolas padeda efektyviai sugerti riebalus ir suteikia plaukams \u0161varos bei \u0161velnumo jausm\u0105.<\/p>\n<p>Naudojimas:<br \/>\nPrie\u0161 naudojim\u0105 kruop\u0161\u010diai suplakite buteliuk\u0105. Purk\u0161kite produkt\u0105 i\u0161 ma\u017edaug 20 cm atstumo tiesiai ant plauk\u0173 \u0161akn\u0173 arba, jei reikia, tolygiai per vis\u0105 plauk\u0173 ilg\u012f. Lengvai pamasa\u017euokite galvos od\u0105 pir\u0161t\u0173 galiukais, kad produktas tolygiai pasiskirstyt\u0173. Praleiskite minut\u0119, o tada \u0161ukuokite plaukus arba sud\u0117liokite juos \u012f norim\u0105 \u0161ukuosen\u0105.<\/p>\n<p>YUNSEY \u201eVolume Up\u201c sausas \u0161amp\u016bnas \u2013 puikus pasirinkimas norintiems greitai atgaivinti plaukus ir suteikti jiems papildomos apimties be vandens. Tai ypa\u010d patogu tada, kai reikia skubiai pasitvarkyti plaukus arba esant aktyviam gyvenimo b\u016bdui.<\/p>\n<div class=\"text-tab text-tab-id-10\">\n<p>Siuntas i\u0161siun\u010diame antradieniais ir ketvirtadieniais. Jei d\u0117l koki\u0173 nors prie\u017eas\u010di\u0173 siunta negali b\u016bti i\u0161si\u0173sta \u0161iomis dienomis ir ji yra perkeliama \u012f kit\u0105 dien\u0105, apie tai informuosime jus svetain\u0117je arba el. pa\u0161tu.<\/p>\n<p>\u201eJei turite klausim\u0173, pra\u0161ome susisiekti el. pa\u0161tu info@malinashop.lt arba telefonu +37065444002 darbo dienomis nuo 10:00 iki 16:00 val.\u201c<\/p>\n<\/div>\n<div class=\"text-tab text-tab-id-11\">\n<p>Perkant u\u017e daugiau nei 50\u20ac &#8211; pristatymas nemokamas.<\/p>\n<p>Pristatymas \u012f LPexpress pa\u0161tomat\u0105\u00a0(visoje Lietuvoje, i\u0161skyrus Kur\u0161i\u0173 Nerij\u0105).<\/p>\n<\/div>\n","protected":false},"excerpt":{"rendered":"<p>YUNSEY \u201eVolume Up\u201c sausas \u0161amp\u016bnas efektyviai atgaivina plaukus, pakelia juos nuo \u0161akn\u0173, suteikiant papildomos apimties. Jis puikiai sugeria riebalus bei perteklinius formavimo&hellip;<\/p>\n","protected":false},"featured_media":21338,"template":"","meta":[],"product_brand":[513],"product_cat":[185],"product_tag":[1143],"class_list":{"0":"post-19272","1":"product","2":"type-product","3":"status-publish","4":"has-post-thumbnail","6":"product_brand-yunsey","7":"product_cat-plauku-sampunai","8":"product_tag-yunsey","10":"first","11":"outofstock","12":"sale","13":"taxable","14":"shipping-taxable","15":"purchasable","16":"product-type-simple"},"yoast_head":"<!-- This site is optimized with the Yoast SEO plugin v27.4 - https:\/\/yoast.com\/product\/yoast-seo-wordpress\/ -->\n<title>YUNSEY sausas \u0161amp\u016bnas suteikiantis plaukams apimties VOLUME UP DRY, 200 ml - MalinaShop.lt J\u016bs\u0173 sveikatai ir gro\u017eiui.<\/title>\n<meta name=\"robots\" content=\"index, follow, max-snippet:-1, max-image-preview:large, max-video-preview:-1\" \/>\n<link rel=\"canonical\" href=\"https:\/\/www.malinashop.lt\/en\/shop\/yunsey-sausas-sampunas-suteikiantis-plaukams-apimties-volume-up-dry-200-ml\/\" \/>\n<meta property=\"og:locale\" content=\"en_GB\" \/>\n<meta property=\"og:type\" content=\"article\" \/>\n<meta property=\"og:title\" content=\"YUNSEY sausas \u0161amp\u016bnas suteikiantis plaukams apimties VOLUME UP DRY, 200 ml - MalinaShop.lt J\u016bs\u0173 sveikatai ir gro\u017eiui.\" \/>\n<meta property=\"og:url\" content=\"https:\/\/www.malinashop.lt\/en\/shop\/yunsey-sausas-sampunas-suteikiantis-plaukams-apimties-volume-up-dry-200-ml\/\" \/>\n<meta property=\"og:site_name\" content=\"MalinaShop.lt J\u016bs\u0173 sveikatai ir gro\u017eiui.\" \/>\n<meta property=\"article:modified_time\" content=\"2026-02-12T18:57:58+00:00\" \/>\n<meta property=\"og:image\" content=\"https:\/\/www.malinashop.lt\/wp-content\/uploads\/2024\/11\/yunsey-anti-frizz-sampunas-nepaklusniems-plaukams-300-ml-kopija-1.jpg\" \/>\n\t<meta property=\"og:image:width\" content=\"388\" \/>\n\t<meta property=\"og:image:height\" content=\"388\" \/>\n\t<meta property=\"og:image:type\" content=\"image\/jpeg\" \/>\n<meta name=\"twitter:card\" content=\"summary_large_image\" \/>\n<script type=\"application\/ld+json\" class=\"yoast-schema-graph\">{\"@context\":\"https:\\\/\\\/schema.org\",\"@graph\":[{\"@type\":\"WebPage\",\"@id\":\"https:\\\/\\\/www.malinashop.lt\\\/lt_lt\\\/shop\\\/yunsey-sausas-sampunas-suteikiantis-plaukams-apimties-volume-up-dry-200-ml\\\/\",\"url\":\"https:\\\/\\\/www.malinashop.lt\\\/lt_lt\\\/shop\\\/yunsey-sausas-sampunas-suteikiantis-plaukams-apimties-volume-up-dry-200-ml\\\/\",\"name\":\"YUNSEY sausas \u0161amp\u016bnas suteikiantis plaukams apimties VOLUME UP DRY, 200 ml - MalinaShop.lt J\u016bs\u0173 sveikatai ir gro\u017eiui.\",\"isPartOf\":{\"@id\":\"https:\\\/\\\/www.malinashop.lt\\\/#website\"},\"primaryImageOfPage\":{\"@id\":\"https:\\\/\\\/www.malinashop.lt\\\/lt_lt\\\/shop\\\/yunsey-sausas-sampunas-suteikiantis-plaukams-apimties-volume-up-dry-200-ml\\\/#primaryimage\"},\"image\":{\"@id\":\"https:\\\/\\\/www.malinashop.lt\\\/lt_lt\\\/shop\\\/yunsey-sausas-sampunas-suteikiantis-plaukams-apimties-volume-up-dry-200-ml\\\/#primaryimage\"},\"thumbnailUrl\":\"https:\\\/\\\/www.malinashop.lt\\\/wp-content\\\/uploads\\\/2024\\\/11\\\/yunsey-anti-frizz-sampunas-nepaklusniems-plaukams-300-ml-kopija-1.jpg\",\"datePublished\":\"2024-11-06T12:51:36+00:00\",\"dateModified\":\"2026-02-12T18:57:58+00:00\",\"breadcrumb\":{\"@id\":\"https:\\\/\\\/www.malinashop.lt\\\/lt_lt\\\/shop\\\/yunsey-sausas-sampunas-suteikiantis-plaukams-apimties-volume-up-dry-200-ml\\\/#breadcrumb\"},\"inLanguage\":\"en-GB\",\"potentialAction\":[{\"@type\":\"ReadAction\",\"target\":[\"https:\\\/\\\/www.malinashop.lt\\\/lt_lt\\\/shop\\\/yunsey-sausas-sampunas-suteikiantis-plaukams-apimties-volume-up-dry-200-ml\\\/\"]}]},{\"@type\":\"ImageObject\",\"inLanguage\":\"en-GB\",\"@id\":\"https:\\\/\\\/www.malinashop.lt\\\/lt_lt\\\/shop\\\/yunsey-sausas-sampunas-suteikiantis-plaukams-apimties-volume-up-dry-200-ml\\\/#primaryimage\",\"url\":\"https:\\\/\\\/www.malinashop.lt\\\/wp-content\\\/uploads\\\/2024\\\/11\\\/yunsey-anti-frizz-sampunas-nepaklusniems-plaukams-300-ml-kopija-1.jpg\",\"contentUrl\":\"https:\\\/\\\/www.malinashop.lt\\\/wp-content\\\/uploads\\\/2024\\\/11\\\/yunsey-anti-frizz-sampunas-nepaklusniems-plaukams-300-ml-kopija-1.jpg\",\"width\":388,\"height\":388},{\"@type\":\"BreadcrumbList\",\"@id\":\"https:\\\/\\\/www.malinashop.lt\\\/lt_lt\\\/shop\\\/yunsey-sausas-sampunas-suteikiantis-plaukams-apimties-volume-up-dry-200-ml\\\/#breadcrumb\",\"itemListElement\":[{\"@type\":\"ListItem\",\"position\":1,\"name\":\"Pagrindinis\",\"item\":\"https:\\\/\\\/www.malinashop.lt\\\/\"},{\"@type\":\"ListItem\",\"position\":2,\"name\":\"Parduotuv\u0117\",\"item\":\"https:\\\/\\\/www.malinashop.lt\\\/en\\\/parduotuve\\\/\"},{\"@type\":\"ListItem\",\"position\":3,\"name\":\"YUNSEY sausas \u0161amp\u016bnas suteikiantis plaukams apimties VOLUME UP DRY, 200 ml\"}]},{\"@type\":\"WebSite\",\"@id\":\"https:\\\/\\\/www.malinashop.lt\\\/#website\",\"url\":\"https:\\\/\\\/www.malinashop.lt\\\/\",\"name\":\"COM Group Ecommerce\",\"description\":\"MalinaShop.lt - Gro\u017eio ir sveikatos produktai i\u0161 patikim\u0173 preki\u0173 \u017eenkl\u0173. Atraskite auk\u0161tos kokyb\u0117s kosmetik\u0105 u\u017e puiki\u0105 kain\u0105.\",\"publisher\":{\"@id\":\"https:\\\/\\\/www.malinashop.lt\\\/#organization\"},\"potentialAction\":[{\"@type\":\"SearchAction\",\"target\":{\"@type\":\"EntryPoint\",\"urlTemplate\":\"https:\\\/\\\/www.malinashop.lt\\\/?s={search_term_string}\"},\"query-input\":{\"@type\":\"PropertyValueSpecification\",\"valueRequired\":true,\"valueName\":\"search_term_string\"}}],\"inLanguage\":\"en-GB\"},{\"@type\":\"Organization\",\"@id\":\"https:\\\/\\\/www.malinashop.lt\\\/#organization\",\"name\":\"COM Group Ecommerce\",\"url\":\"https:\\\/\\\/www.malinashop.lt\\\/\",\"logo\":{\"@type\":\"ImageObject\",\"inLanguage\":\"en-GB\",\"@id\":\"https:\\\/\\\/www.malinashop.lt\\\/#\\\/schema\\\/logo\\\/image\\\/\",\"url\":\"https:\\\/\\\/www.malinashop.lt\\\/wp-content\\\/uploads\\\/2024\\\/08\\\/462559670_3787732518133670_9795632669273463_n-e1731525914575.png\",\"contentUrl\":\"https:\\\/\\\/www.malinashop.lt\\\/wp-content\\\/uploads\\\/2024\\\/08\\\/462559670_3787732518133670_9795632669273463_n-e1731525914575.png\",\"width\":180,\"height\":60,\"caption\":\"COM Group Ecommerce\"},\"image\":{\"@id\":\"https:\\\/\\\/www.malinashop.lt\\\/#\\\/schema\\\/logo\\\/image\\\/\"}}]}<\/script>\n<!-- \/ Yoast SEO plugin. -->","yoast_head_json":{"title":"YUNSEY sausas \u0161amp\u016bnas suteikiantis plaukams apimties VOLUME UP DRY, 200 ml - MalinaShop.lt J\u016bs\u0173 sveikatai ir gro\u017eiui.","robots":{"index":"index","follow":"follow","max-snippet":"max-snippet:-1","max-image-preview":"max-image-preview:large","max-video-preview":"max-video-preview:-1"},"canonical":"https:\/\/www.malinashop.lt\/en\/shop\/yunsey-sausas-sampunas-suteikiantis-plaukams-apimties-volume-up-dry-200-ml\/","og_locale":"en_GB","og_type":"article","og_title":"YUNSEY sausas \u0161amp\u016bnas suteikiantis plaukams apimties VOLUME UP DRY, 200 ml - MalinaShop.lt J\u016bs\u0173 sveikatai ir gro\u017eiui.","og_url":"https:\/\/www.malinashop.lt\/en\/shop\/yunsey-sausas-sampunas-suteikiantis-plaukams-apimties-volume-up-dry-200-ml\/","og_site_name":"MalinaShop.lt J\u016bs\u0173 sveikatai ir gro\u017eiui.","article_modified_time":"2026-02-12T18:57:58+00:00","og_image":[{"width":388,"height":388,"url":"https:\/\/www.malinashop.lt\/wp-content\/uploads\/2024\/11\/yunsey-anti-frizz-sampunas-nepaklusniems-plaukams-300-ml-kopija-1.jpg","type":"image\/jpeg"}],"twitter_card":"summary_large_image","schema":{"@context":"https:\/\/schema.org","@graph":[{"@type":"WebPage","@id":"https:\/\/www.malinashop.lt\/lt_lt\/shop\/yunsey-sausas-sampunas-suteikiantis-plaukams-apimties-volume-up-dry-200-ml\/","url":"https:\/\/www.malinashop.lt\/lt_lt\/shop\/yunsey-sausas-sampunas-suteikiantis-plaukams-apimties-volume-up-dry-200-ml\/","name":"YUNSEY sausas \u0161amp\u016bnas suteikiantis plaukams apimties VOLUME UP DRY, 200 ml - MalinaShop.lt J\u016bs\u0173 sveikatai ir gro\u017eiui.","isPartOf":{"@id":"https:\/\/www.malinashop.lt\/#website"},"primaryImageOfPage":{"@id":"https:\/\/www.malinashop.lt\/lt_lt\/shop\/yunsey-sausas-sampunas-suteikiantis-plaukams-apimties-volume-up-dry-200-ml\/#primaryimage"},"image":{"@id":"https:\/\/www.malinashop.lt\/lt_lt\/shop\/yunsey-sausas-sampunas-suteikiantis-plaukams-apimties-volume-up-dry-200-ml\/#primaryimage"},"thumbnailUrl":"https:\/\/www.malinashop.lt\/wp-content\/uploads\/2024\/11\/yunsey-anti-frizz-sampunas-nepaklusniems-plaukams-300-ml-kopija-1.jpg","datePublished":"2024-11-06T12:51:36+00:00","dateModified":"2026-02-12T18:57:58+00:00","breadcrumb":{"@id":"https:\/\/www.malinashop.lt\/lt_lt\/shop\/yunsey-sausas-sampunas-suteikiantis-plaukams-apimties-volume-up-dry-200-ml\/#breadcrumb"},"inLanguage":"en-GB","potentialAction":[{"@type":"ReadAction","target":["https:\/\/www.malinashop.lt\/lt_lt\/shop\/yunsey-sausas-sampunas-suteikiantis-plaukams-apimties-volume-up-dry-200-ml\/"]}]},{"@type":"ImageObject","inLanguage":"en-GB","@id":"https:\/\/www.malinashop.lt\/lt_lt\/shop\/yunsey-sausas-sampunas-suteikiantis-plaukams-apimties-volume-up-dry-200-ml\/#primaryimage","url":"https:\/\/www.malinashop.lt\/wp-content\/uploads\/2024\/11\/yunsey-anti-frizz-sampunas-nepaklusniems-plaukams-300-ml-kopija-1.jpg","contentUrl":"https:\/\/www.malinashop.lt\/wp-content\/uploads\/2024\/11\/yunsey-anti-frizz-sampunas-nepaklusniems-plaukams-300-ml-kopija-1.jpg","width":388,"height":388},{"@type":"BreadcrumbList","@id":"https:\/\/www.malinashop.lt\/lt_lt\/shop\/yunsey-sausas-sampunas-suteikiantis-plaukams-apimties-volume-up-dry-200-ml\/#breadcrumb","itemListElement":[{"@type":"ListItem","position":1,"name":"Pagrindinis","item":"https:\/\/www.malinashop.lt\/"},{"@type":"ListItem","position":2,"name":"Parduotuv\u0117","item":"https:\/\/www.malinashop.lt\/en\/parduotuve\/"},{"@type":"ListItem","position":3,"name":"YUNSEY sausas \u0161amp\u016bnas suteikiantis plaukams apimties VOLUME UP DRY, 200 ml"}]},{"@type":"WebSite","@id":"https:\/\/www.malinashop.lt\/#website","url":"https:\/\/www.malinashop.lt\/","name":"COM Group Ecommerce","description":"MalinaShop.lt - Gro\u017eio ir sveikatos produktai i\u0161 patikim\u0173 preki\u0173 \u017eenkl\u0173. Atraskite auk\u0161tos kokyb\u0117s kosmetik\u0105 u\u017e puiki\u0105 kain\u0105.","publisher":{"@id":"https:\/\/www.malinashop.lt\/#organization"},"potentialAction":[{"@type":"SearchAction","target":{"@type":"EntryPoint","urlTemplate":"https:\/\/www.malinashop.lt\/?s={search_term_string}"},"query-input":{"@type":"PropertyValueSpecification","valueRequired":true,"valueName":"search_term_string"}}],"inLanguage":"en-GB"},{"@type":"Organization","@id":"https:\/\/www.malinashop.lt\/#organization","name":"COM Group Ecommerce","url":"https:\/\/www.malinashop.lt\/","logo":{"@type":"ImageObject","inLanguage":"en-GB","@id":"https:\/\/www.malinashop.lt\/#\/schema\/logo\/image\/","url":"https:\/\/www.malinashop.lt\/wp-content\/uploads\/2024\/08\/462559670_3787732518133670_9795632669273463_n-e1731525914575.png","contentUrl":"https:\/\/www.malinashop.lt\/wp-content\/uploads\/2024\/08\/462559670_3787732518133670_9795632669273463_n-e1731525914575.png","width":180,"height":60,"caption":"COM Group Ecommerce"},"image":{"@id":"https:\/\/www.malinashop.lt\/#\/schema\/logo\/image\/"}}]}},"jetpack_sharing_enabled":true,"_links":{"self":[{"href":"https:\/\/www.malinashop.lt\/en\/wp-json\/wp\/v2\/product\/19272","targetHints":{"allow":["GET"]}}],"collection":[{"href":"https:\/\/www.malinashop.lt\/en\/wp-json\/wp\/v2\/product"}],"about":[{"href":"https:\/\/www.malinashop.lt\/en\/wp-json\/wp\/v2\/types\/product"}],"version-history":[{"count":1,"href":"https:\/\/www.malinashop.lt\/en\/wp-json\/wp\/v2\/product\/19272\/revisions"}],"predecessor-version":[{"id":33210,"href":"https:\/\/www.malinashop.lt\/en\/wp-json\/wp\/v2\/product\/19272\/revisions\/33210"}],"wp:featuredmedia":[{"embeddable":true,"href":"https:\/\/www.malinashop.lt\/en\/wp-json\/wp\/v2\/media\/21338"}],"wp:attachment":[{"href":"https:\/\/www.malinashop.lt\/en\/wp-json\/wp\/v2\/media?parent=19272"}],"wp:term":[{"taxonomy":"product_brand","embeddable":true,"href":"https:\/\/www.malinashop.lt\/en\/wp-json\/wp\/v2\/product_brand?post=19272"},{"taxonomy":"product_cat","embeddable":true,"href":"https:\/\/www.malinashop.lt\/en\/wp-json\/wp\/v2\/product_cat?post=19272"},{"taxonomy":"product_tag","embeddable":true,"href":"https:\/\/www.malinashop.lt\/en\/wp-json\/wp\/v2\/product_tag?post=19272"}],"curies":[{"name":"wp","href":"https:\/\/api.w.org\/{rel}","templated":true}]}}