{"id":19266,"date":"2024-11-06T15:51:36","date_gmt":"2024-11-06T12:51:36","guid":{"rendered":"https:\/\/malinashop.lt\/produktas\/yunsey-braskiu-ir-grietineles-kvapo-aromatinis-sampunas-400-ml\/"},"modified":"2026-03-03T17:47:43","modified_gmt":"2026-03-03T14:47:43","slug":"yunsey-braskiu-ir-grietineles-kvapo-aromatinis-sampunas-400-ml","status":"publish","type":"product","link":"https:\/\/www.malinashop.lt\/en\/shop\/yunsey-braskiu-ir-grietineles-kvapo-aromatinis-sampunas-400-ml\/","title":{"rendered":"YUNSEY bra\u0161ki\u0173 ir grietin\u0117l\u0117s kvapo aromatinis \u0161amp\u016bnas, 400 ml"},"content":{"rendered":"<p data-path-to-node=\"2\"><b data-path-to-node=\"2\" data-index-in-node=\"0\">YUNSEY bra\u0161ki\u0173 ir grietin\u0117l\u0117s \u0161amp\u016bnas \u2013 saldus d\u017eiaugsmas plaukams<\/b><\/p>\n<p data-path-to-node=\"3\">Paverskite plauk\u0173 plovim\u0105 malonumu su sald\u017eiu bra\u0161ki\u0173 ir grietin\u0117l\u0117s aromatu. \u0160is <b data-path-to-node=\"3\" data-index-in-node=\"82\">YUNSEY<\/b> \u0161amp\u016bnas, turintis neutral\u0173 pH, yra sukurtas saugiam naudojimui vaikams nuo 3 met\u0173 bei visai \u0161eimai. Jo itin \u0161velni formul\u0117 ne tik efektyviai valo galvos od\u0105, bet ir suteikia plaukams i\u0161skirtinio mink\u0161tumo.<\/p>\n<p data-path-to-node=\"4\"><b data-path-to-node=\"4\" data-index-in-node=\"0\">Aktyviosios med\u017eiagos:<\/b><\/p>\n<ul data-path-to-node=\"5\">\n<li>\n<p data-path-to-node=\"5,0,0\"><b data-path-to-node=\"5,0,0\" data-index-in-node=\"0\">Glicerinas:<\/b> veikia kaip dr\u0117gm\u0117s magnetas \u2013 sulaiko vanden\u012f plauko viduje, saugo nuo i\u0161saus\u0117jimo ir suteikia sruogoms elastingumo.<\/p>\n<\/li>\n<li>\n<p data-path-to-node=\"5,1,0\"><b data-path-to-node=\"5,1,0\" data-index-in-node=\"0\">Citrinos r\u016bg\u0161tis:<\/b> nat\u016bralus ingredientas, kuris subalansuoja pH, suteikia plaukams sveiko \u017evilgesio ir neutralizuoja ne\u0161varumus.<\/p>\n<\/li>\n<\/ul>\n<p data-path-to-node=\"6\"><b data-path-to-node=\"6\" data-index-in-node=\"0\">Naudojimas:<\/b> Paskirstykite nedidel\u012f kiek\u012f ant dr\u0117gn\u0173 plauk\u0173, \u0161velniai \u012fmasa\u017euokite ir kruop\u0161\u010diai nuskalaukite. \u0160amp\u016bnas yra pakankamai \u0161velnus, kad b\u016bt\u0173 naudojamas kasdien.<\/p>\n<p data-path-to-node=\"7\"><b data-path-to-node=\"7\" data-index-in-node=\"0\">Apie YUNSEY Professionals:<\/b> Tai Ispanijos prek\u0117s \u017eenklas, si\u016blantis auk\u0161\u010diausios kokyb\u0117s profesionali\u0105 kosmetik\u0105. Priemon\u0117s giliai maitina plaukus, atkuria j\u0173 nat\u016bral\u0173 balans\u0105 ir suteikia \u201ek\u0105 tik i\u0161 kirpyklos\u201c efekt\u0105, kuriuo galite m\u0117gautis namuose.<\/p>\n<ul data-path-to-node=\"8\">\n<li>\n<p data-path-to-node=\"8,0,0\"><b data-path-to-node=\"8,0,0\" data-index-in-node=\"0\">T\u016bris:<\/b> 400 ml.<\/p>\n<\/li>\n<li>\n<p data-path-to-node=\"8,1,0\"><b data-path-to-node=\"8,1,0\" data-index-in-node=\"0\">Kilm\u0117s \u0161alis:<\/b> Ispanija.<\/p>\n<\/li>\n<\/ul>\n","protected":false},"excerpt":{"rendered":"<p>Mink\u0161ti, kvepiantys ir sveiki plaukai su <b data-path-to-node=\"10\" data-index-in-node=\"67\">YUNSEY<\/b> bra\u0161ki\u0173 ir grietin\u0117l\u0117s aromato \u0161amp\u016bnu. Neutralus pH ir dr\u0117kinantis glicerinas u\u017etikrina \u0161veln\u0173 valym\u0105, kuris tinka net jautriai vaik\u0173 (nuo 3 m.) galvos odai. Profesionalus rezultatas kasdieniam naudojimui.<\/p>\n","protected":false},"featured_media":18603,"template":"","meta":[],"product_brand":[513],"product_cat":[185],"product_tag":[1143],"class_list":{"0":"post-19266","1":"product","2":"type-product","3":"status-publish","4":"has-post-thumbnail","6":"product_brand-yunsey","7":"product_cat-plauku-sampunai","8":"product_tag-yunsey","10":"first","11":"outofstock","12":"sale","13":"taxable","14":"shipping-taxable","15":"purchasable","16":"product-type-simple"},"yoast_head":"<!-- This site is optimized with the Yoast SEO plugin v27.4 - https:\/\/yoast.com\/product\/yoast-seo-wordpress\/ -->\n<title>YUNSEY bra\u0161ki\u0173 ir grietin\u0117l\u0117s kvapo aromatinis \u0161amp\u016bnas, 400 ml - MalinaShop.lt J\u016bs\u0173 sveikatai ir gro\u017eiui.<\/title>\n<meta name=\"description\" content=\"YUNSEY bra\u0161ki\u0173 ir grietin\u0117l\u0117s \u0161amp\u016bnas: neutralus pH, intensyvus dr\u0117kinimas ir \u0161velnumas. Saugus vaikams nuo 3 met\u0173.M\u0117gaukit\u0117s kvepian\u010diais plaukais.\" \/>\n<meta name=\"robots\" content=\"index, follow, max-snippet:-1, max-image-preview:large, max-video-preview:-1\" \/>\n<link rel=\"canonical\" href=\"https:\/\/www.malinashop.lt\/en\/shop\/yunsey-braskiu-ir-grietineles-kvapo-aromatinis-sampunas-400-ml\/\" \/>\n<meta property=\"og:locale\" content=\"en_GB\" \/>\n<meta property=\"og:type\" content=\"article\" \/>\n<meta property=\"og:title\" content=\"YUNSEY bra\u0161ki\u0173 ir grietin\u0117l\u0117s kvapo aromatinis \u0161amp\u016bnas, 400 ml - MalinaShop.lt J\u016bs\u0173 sveikatai ir gro\u017eiui.\" \/>\n<meta property=\"og:description\" content=\"YUNSEY bra\u0161ki\u0173 ir grietin\u0117l\u0117s \u0161amp\u016bnas: neutralus pH, intensyvus dr\u0117kinimas ir \u0161velnumas. Saugus vaikams nuo 3 met\u0173.M\u0117gaukit\u0117s kvepian\u010diais plaukais.\" \/>\n<meta property=\"og:url\" content=\"https:\/\/www.malinashop.lt\/en\/shop\/yunsey-braskiu-ir-grietineles-kvapo-aromatinis-sampunas-400-ml\/\" \/>\n<meta property=\"og:site_name\" content=\"MalinaShop.lt J\u016bs\u0173 sveikatai ir gro\u017eiui.\" \/>\n<meta property=\"article:modified_time\" content=\"2026-03-03T14:47:43+00:00\" \/>\n<meta property=\"og:image\" content=\"https:\/\/www.malinashop.lt\/wp-content\/uploads\/2024\/11\/YUNSEY-braskiu-ir-grietineles-kvapo-aromatinis-sampunas-400-ml.jpg\" \/>\n\t<meta property=\"og:image:width\" content=\"800\" \/>\n\t<meta property=\"og:image:height\" content=\"800\" \/>\n\t<meta property=\"og:image:type\" content=\"image\/jpeg\" \/>\n<meta name=\"twitter:card\" content=\"summary_large_image\" \/>\n<script type=\"application\/ld+json\" class=\"yoast-schema-graph\">{\"@context\":\"https:\\\/\\\/schema.org\",\"@graph\":[{\"@type\":\"WebPage\",\"@id\":\"https:\\\/\\\/www.malinashop.lt\\\/lt_lt\\\/shop\\\/yunsey-braskiu-ir-grietineles-kvapo-aromatinis-sampunas-400-ml\\\/\",\"url\":\"https:\\\/\\\/www.malinashop.lt\\\/lt_lt\\\/shop\\\/yunsey-braskiu-ir-grietineles-kvapo-aromatinis-sampunas-400-ml\\\/\",\"name\":\"YUNSEY bra\u0161ki\u0173 ir grietin\u0117l\u0117s kvapo aromatinis \u0161amp\u016bnas, 400 ml - MalinaShop.lt J\u016bs\u0173 sveikatai ir gro\u017eiui.\",\"isPartOf\":{\"@id\":\"https:\\\/\\\/www.malinashop.lt\\\/#website\"},\"primaryImageOfPage\":{\"@id\":\"https:\\\/\\\/www.malinashop.lt\\\/lt_lt\\\/shop\\\/yunsey-braskiu-ir-grietineles-kvapo-aromatinis-sampunas-400-ml\\\/#primaryimage\"},\"image\":{\"@id\":\"https:\\\/\\\/www.malinashop.lt\\\/lt_lt\\\/shop\\\/yunsey-braskiu-ir-grietineles-kvapo-aromatinis-sampunas-400-ml\\\/#primaryimage\"},\"thumbnailUrl\":\"https:\\\/\\\/www.malinashop.lt\\\/wp-content\\\/uploads\\\/2024\\\/11\\\/YUNSEY-braskiu-ir-grietineles-kvapo-aromatinis-sampunas-400-ml.jpg\",\"datePublished\":\"2024-11-06T12:51:36+00:00\",\"dateModified\":\"2026-03-03T14:47:43+00:00\",\"description\":\"YUNSEY bra\u0161ki\u0173 ir grietin\u0117l\u0117s \u0161amp\u016bnas: neutralus pH, intensyvus dr\u0117kinimas ir \u0161velnumas. Saugus vaikams nuo 3 met\u0173.M\u0117gaukit\u0117s kvepian\u010diais plaukais.\",\"breadcrumb\":{\"@id\":\"https:\\\/\\\/www.malinashop.lt\\\/lt_lt\\\/shop\\\/yunsey-braskiu-ir-grietineles-kvapo-aromatinis-sampunas-400-ml\\\/#breadcrumb\"},\"inLanguage\":\"en-GB\",\"potentialAction\":[{\"@type\":\"ReadAction\",\"target\":[\"https:\\\/\\\/www.malinashop.lt\\\/lt_lt\\\/shop\\\/yunsey-braskiu-ir-grietineles-kvapo-aromatinis-sampunas-400-ml\\\/\"]}]},{\"@type\":\"ImageObject\",\"inLanguage\":\"en-GB\",\"@id\":\"https:\\\/\\\/www.malinashop.lt\\\/lt_lt\\\/shop\\\/yunsey-braskiu-ir-grietineles-kvapo-aromatinis-sampunas-400-ml\\\/#primaryimage\",\"url\":\"https:\\\/\\\/www.malinashop.lt\\\/wp-content\\\/uploads\\\/2024\\\/11\\\/YUNSEY-braskiu-ir-grietineles-kvapo-aromatinis-sampunas-400-ml.jpg\",\"contentUrl\":\"https:\\\/\\\/www.malinashop.lt\\\/wp-content\\\/uploads\\\/2024\\\/11\\\/YUNSEY-braskiu-ir-grietineles-kvapo-aromatinis-sampunas-400-ml.jpg\",\"width\":800,\"height\":800},{\"@type\":\"BreadcrumbList\",\"@id\":\"https:\\\/\\\/www.malinashop.lt\\\/lt_lt\\\/shop\\\/yunsey-braskiu-ir-grietineles-kvapo-aromatinis-sampunas-400-ml\\\/#breadcrumb\",\"itemListElement\":[{\"@type\":\"ListItem\",\"position\":1,\"name\":\"Pagrindinis\",\"item\":\"https:\\\/\\\/www.malinashop.lt\\\/\"},{\"@type\":\"ListItem\",\"position\":2,\"name\":\"Parduotuv\u0117\",\"item\":\"https:\\\/\\\/www.malinashop.lt\\\/en\\\/parduotuve\\\/\"},{\"@type\":\"ListItem\",\"position\":3,\"name\":\"YUNSEY bra\u0161ki\u0173 ir grietin\u0117l\u0117s kvapo aromatinis \u0161amp\u016bnas, 400 ml\"}]},{\"@type\":\"WebSite\",\"@id\":\"https:\\\/\\\/www.malinashop.lt\\\/#website\",\"url\":\"https:\\\/\\\/www.malinashop.lt\\\/\",\"name\":\"COM Group Ecommerce\",\"description\":\"MalinaShop.lt - Gro\u017eio ir sveikatos produktai i\u0161 patikim\u0173 preki\u0173 \u017eenkl\u0173. Atraskite auk\u0161tos kokyb\u0117s kosmetik\u0105 u\u017e puiki\u0105 kain\u0105.\",\"publisher\":{\"@id\":\"https:\\\/\\\/www.malinashop.lt\\\/#organization\"},\"potentialAction\":[{\"@type\":\"SearchAction\",\"target\":{\"@type\":\"EntryPoint\",\"urlTemplate\":\"https:\\\/\\\/www.malinashop.lt\\\/?s={search_term_string}\"},\"query-input\":{\"@type\":\"PropertyValueSpecification\",\"valueRequired\":true,\"valueName\":\"search_term_string\"}}],\"inLanguage\":\"en-GB\"},{\"@type\":\"Organization\",\"@id\":\"https:\\\/\\\/www.malinashop.lt\\\/#organization\",\"name\":\"COM Group Ecommerce\",\"url\":\"https:\\\/\\\/www.malinashop.lt\\\/\",\"logo\":{\"@type\":\"ImageObject\",\"inLanguage\":\"en-GB\",\"@id\":\"https:\\\/\\\/www.malinashop.lt\\\/#\\\/schema\\\/logo\\\/image\\\/\",\"url\":\"https:\\\/\\\/www.malinashop.lt\\\/wp-content\\\/uploads\\\/2024\\\/08\\\/462559670_3787732518133670_9795632669273463_n-e1731525914575.png\",\"contentUrl\":\"https:\\\/\\\/www.malinashop.lt\\\/wp-content\\\/uploads\\\/2024\\\/08\\\/462559670_3787732518133670_9795632669273463_n-e1731525914575.png\",\"width\":180,\"height\":60,\"caption\":\"COM Group Ecommerce\"},\"image\":{\"@id\":\"https:\\\/\\\/www.malinashop.lt\\\/#\\\/schema\\\/logo\\\/image\\\/\"}}]}<\/script>\n<!-- \/ Yoast SEO plugin. -->","yoast_head_json":{"title":"YUNSEY bra\u0161ki\u0173 ir grietin\u0117l\u0117s kvapo aromatinis \u0161amp\u016bnas, 400 ml - MalinaShop.lt J\u016bs\u0173 sveikatai ir gro\u017eiui.","description":"YUNSEY bra\u0161ki\u0173 ir grietin\u0117l\u0117s \u0161amp\u016bnas: neutralus pH, intensyvus dr\u0117kinimas ir \u0161velnumas. Saugus vaikams nuo 3 met\u0173.M\u0117gaukit\u0117s kvepian\u010diais plaukais.","robots":{"index":"index","follow":"follow","max-snippet":"max-snippet:-1","max-image-preview":"max-image-preview:large","max-video-preview":"max-video-preview:-1"},"canonical":"https:\/\/www.malinashop.lt\/en\/shop\/yunsey-braskiu-ir-grietineles-kvapo-aromatinis-sampunas-400-ml\/","og_locale":"en_GB","og_type":"article","og_title":"YUNSEY bra\u0161ki\u0173 ir grietin\u0117l\u0117s kvapo aromatinis \u0161amp\u016bnas, 400 ml - MalinaShop.lt J\u016bs\u0173 sveikatai ir gro\u017eiui.","og_description":"YUNSEY bra\u0161ki\u0173 ir grietin\u0117l\u0117s \u0161amp\u016bnas: neutralus pH, intensyvus dr\u0117kinimas ir \u0161velnumas. Saugus vaikams nuo 3 met\u0173.M\u0117gaukit\u0117s kvepian\u010diais plaukais.","og_url":"https:\/\/www.malinashop.lt\/en\/shop\/yunsey-braskiu-ir-grietineles-kvapo-aromatinis-sampunas-400-ml\/","og_site_name":"MalinaShop.lt J\u016bs\u0173 sveikatai ir gro\u017eiui.","article_modified_time":"2026-03-03T14:47:43+00:00","og_image":[{"width":800,"height":800,"url":"https:\/\/www.malinashop.lt\/wp-content\/uploads\/2024\/11\/YUNSEY-braskiu-ir-grietineles-kvapo-aromatinis-sampunas-400-ml.jpg","type":"image\/jpeg"}],"twitter_card":"summary_large_image","schema":{"@context":"https:\/\/schema.org","@graph":[{"@type":"WebPage","@id":"https:\/\/www.malinashop.lt\/lt_lt\/shop\/yunsey-braskiu-ir-grietineles-kvapo-aromatinis-sampunas-400-ml\/","url":"https:\/\/www.malinashop.lt\/lt_lt\/shop\/yunsey-braskiu-ir-grietineles-kvapo-aromatinis-sampunas-400-ml\/","name":"YUNSEY bra\u0161ki\u0173 ir grietin\u0117l\u0117s kvapo aromatinis \u0161amp\u016bnas, 400 ml - MalinaShop.lt J\u016bs\u0173 sveikatai ir gro\u017eiui.","isPartOf":{"@id":"https:\/\/www.malinashop.lt\/#website"},"primaryImageOfPage":{"@id":"https:\/\/www.malinashop.lt\/lt_lt\/shop\/yunsey-braskiu-ir-grietineles-kvapo-aromatinis-sampunas-400-ml\/#primaryimage"},"image":{"@id":"https:\/\/www.malinashop.lt\/lt_lt\/shop\/yunsey-braskiu-ir-grietineles-kvapo-aromatinis-sampunas-400-ml\/#primaryimage"},"thumbnailUrl":"https:\/\/www.malinashop.lt\/wp-content\/uploads\/2024\/11\/YUNSEY-braskiu-ir-grietineles-kvapo-aromatinis-sampunas-400-ml.jpg","datePublished":"2024-11-06T12:51:36+00:00","dateModified":"2026-03-03T14:47:43+00:00","description":"YUNSEY bra\u0161ki\u0173 ir grietin\u0117l\u0117s \u0161amp\u016bnas: neutralus pH, intensyvus dr\u0117kinimas ir \u0161velnumas. Saugus vaikams nuo 3 met\u0173.M\u0117gaukit\u0117s kvepian\u010diais plaukais.","breadcrumb":{"@id":"https:\/\/www.malinashop.lt\/lt_lt\/shop\/yunsey-braskiu-ir-grietineles-kvapo-aromatinis-sampunas-400-ml\/#breadcrumb"},"inLanguage":"en-GB","potentialAction":[{"@type":"ReadAction","target":["https:\/\/www.malinashop.lt\/lt_lt\/shop\/yunsey-braskiu-ir-grietineles-kvapo-aromatinis-sampunas-400-ml\/"]}]},{"@type":"ImageObject","inLanguage":"en-GB","@id":"https:\/\/www.malinashop.lt\/lt_lt\/shop\/yunsey-braskiu-ir-grietineles-kvapo-aromatinis-sampunas-400-ml\/#primaryimage","url":"https:\/\/www.malinashop.lt\/wp-content\/uploads\/2024\/11\/YUNSEY-braskiu-ir-grietineles-kvapo-aromatinis-sampunas-400-ml.jpg","contentUrl":"https:\/\/www.malinashop.lt\/wp-content\/uploads\/2024\/11\/YUNSEY-braskiu-ir-grietineles-kvapo-aromatinis-sampunas-400-ml.jpg","width":800,"height":800},{"@type":"BreadcrumbList","@id":"https:\/\/www.malinashop.lt\/lt_lt\/shop\/yunsey-braskiu-ir-grietineles-kvapo-aromatinis-sampunas-400-ml\/#breadcrumb","itemListElement":[{"@type":"ListItem","position":1,"name":"Pagrindinis","item":"https:\/\/www.malinashop.lt\/"},{"@type":"ListItem","position":2,"name":"Parduotuv\u0117","item":"https:\/\/www.malinashop.lt\/en\/parduotuve\/"},{"@type":"ListItem","position":3,"name":"YUNSEY bra\u0161ki\u0173 ir grietin\u0117l\u0117s kvapo aromatinis \u0161amp\u016bnas, 400 ml"}]},{"@type":"WebSite","@id":"https:\/\/www.malinashop.lt\/#website","url":"https:\/\/www.malinashop.lt\/","name":"COM Group Ecommerce","description":"MalinaShop.lt - Gro\u017eio ir sveikatos produktai i\u0161 patikim\u0173 preki\u0173 \u017eenkl\u0173. Atraskite auk\u0161tos kokyb\u0117s kosmetik\u0105 u\u017e puiki\u0105 kain\u0105.","publisher":{"@id":"https:\/\/www.malinashop.lt\/#organization"},"potentialAction":[{"@type":"SearchAction","target":{"@type":"EntryPoint","urlTemplate":"https:\/\/www.malinashop.lt\/?s={search_term_string}"},"query-input":{"@type":"PropertyValueSpecification","valueRequired":true,"valueName":"search_term_string"}}],"inLanguage":"en-GB"},{"@type":"Organization","@id":"https:\/\/www.malinashop.lt\/#organization","name":"COM Group Ecommerce","url":"https:\/\/www.malinashop.lt\/","logo":{"@type":"ImageObject","inLanguage":"en-GB","@id":"https:\/\/www.malinashop.lt\/#\/schema\/logo\/image\/","url":"https:\/\/www.malinashop.lt\/wp-content\/uploads\/2024\/08\/462559670_3787732518133670_9795632669273463_n-e1731525914575.png","contentUrl":"https:\/\/www.malinashop.lt\/wp-content\/uploads\/2024\/08\/462559670_3787732518133670_9795632669273463_n-e1731525914575.png","width":180,"height":60,"caption":"COM Group Ecommerce"},"image":{"@id":"https:\/\/www.malinashop.lt\/#\/schema\/logo\/image\/"}}]}},"jetpack_sharing_enabled":true,"_links":{"self":[{"href":"https:\/\/www.malinashop.lt\/en\/wp-json\/wp\/v2\/product\/19266","targetHints":{"allow":["GET"]}}],"collection":[{"href":"https:\/\/www.malinashop.lt\/en\/wp-json\/wp\/v2\/product"}],"about":[{"href":"https:\/\/www.malinashop.lt\/en\/wp-json\/wp\/v2\/types\/product"}],"version-history":[{"count":3,"href":"https:\/\/www.malinashop.lt\/en\/wp-json\/wp\/v2\/product\/19266\/revisions"}],"predecessor-version":[{"id":75308,"href":"https:\/\/www.malinashop.lt\/en\/wp-json\/wp\/v2\/product\/19266\/revisions\/75308"}],"wp:featuredmedia":[{"embeddable":true,"href":"https:\/\/www.malinashop.lt\/en\/wp-json\/wp\/v2\/media\/18603"}],"wp:attachment":[{"href":"https:\/\/www.malinashop.lt\/en\/wp-json\/wp\/v2\/media?parent=19266"}],"wp:term":[{"taxonomy":"product_brand","embeddable":true,"href":"https:\/\/www.malinashop.lt\/en\/wp-json\/wp\/v2\/product_brand?post=19266"},{"taxonomy":"product_cat","embeddable":true,"href":"https:\/\/www.malinashop.lt\/en\/wp-json\/wp\/v2\/product_cat?post=19266"},{"taxonomy":"product_tag","embeddable":true,"href":"https:\/\/www.malinashop.lt\/en\/wp-json\/wp\/v2\/product_tag?post=19266"}],"curies":[{"name":"wp","href":"https:\/\/api.w.org\/{rel}","templated":true}]}}