{"id":19234,"date":"2024-11-06T15:51:32","date_gmt":"2024-11-06T12:51:32","guid":{"rendered":"https:\/\/malinashop.lt\/produktas\/yunsey-vigorance-shampoo-for-dry-ends-oily-roots-sampunas-riebiems-plaukams-ir-sausiems-ju-galiukams-300-ml\/"},"modified":"2026-02-27T10:00:06","modified_gmt":"2026-02-27T07:00:06","slug":"yunsey-vigorance-shampoo-for-dry-ends-oily-roots-sampunas-riebiems-plaukams-ir-sausiems-ju-galiukams-300-ml","status":"publish","type":"product","link":"https:\/\/www.malinashop.lt\/en\/shop\/yunsey-vigorance-shampoo-for-dry-ends-oily-roots-sampunas-riebiems-plaukams-ir-sausiems-ju-galiukams-300-ml\/","title":{"rendered":"YUNSEY VIGORANCE SHAMPOO FOR DRY ENDS &amp; OILY ROOTS \u0161amp\u016bnas riebiems plaukams ir sausiems j\u0173 galiukams, 300 ml"},"content":{"rendered":"<p data-start=\"327\" data-end=\"679\"><span style=\"color: #000000\"><strong data-start=\"327\" data-end=\"383\">YUNSEY \u201eVigorance Shampoo for Dry Ends &amp; Oily Roots\u201c<\/strong> \u2013 tai profesionalus \u0161amp\u016bnas, sukurtas specialiai <strong data-start=\"434\" data-end=\"504\">plaukams, kuri\u0173 \u0161aknys linkusios riebaluotis, o galiukai \u2013 saus\u0117ti<\/strong>. \u0160is \u0161amp\u016bnas veiksmingai <strong data-start=\"531\" data-end=\"565\">reguliuoja riebal\u0173 i\u0161siskyrim\u0105<\/strong>, tuo pat metu <strong data-start=\"580\" data-end=\"623\">dr\u0117kindamas ir maitindamas plauk\u0173 galus<\/strong>, tod\u0117l plaukai tampa <strong data-start=\"645\" data-end=\"676\">\u0161var\u016bs, lengvi ir elastingi<\/strong>.<\/span><\/p>\n<p data-start=\"681\" data-end=\"952\"><span style=\"color: #000000\">Formul\u0117je esantys <strong data-start=\"699\" data-end=\"726\">granatmed\u017eio ekstraktai<\/strong> ir <strong data-start=\"730\" data-end=\"758\">multivitamin\u0173 kompleksas<\/strong> atkuria plauk\u0173 pusiausvyr\u0105 bei maitina galvos od\u0105, suteikdami gaivumo poj\u016bt\u012f.<\/span><br data-start=\"836\" data-end=\"839\" \/><span style=\"color: #000000\"><strong data-start=\"839\" data-end=\"851\">Betainas<\/strong> giliai dr\u0117kina plaukus, apsaugo juos nuo l\u016b\u017ein\u0117jimo ir suteikia nat\u016bralaus lankstumo bei stiprumo.<\/span><\/p>\n<p data-start=\"954\" data-end=\"1069\"><span style=\"color: #000000\">Naudojant \u0161\u012f \u0161amp\u016bn\u0105, plauk\u0173 \u0161aknys ilgiau i\u0161lieka \u0161varios, o sausi galiukai \u2013 \u0161veln\u016bs, \u017evilgantys ir sudr\u0117kinti.<\/span><\/p>\n<p data-start=\"1071\" data-end=\"1101\"><span style=\"color: #000000\"><strong data-start=\"1071\" data-end=\"1099\">Pagrindiniai privalumai:<\/strong><\/span><\/p>\n<ul data-start=\"1102\" data-end=\"1348\">\n<li data-start=\"1102\" data-end=\"1160\">\n<p data-start=\"1104\" data-end=\"1160\"><span style=\"color: #000000\">Subalansuoja riebius plauk\u0173 \u0161aknis ir sausus galiukus.<\/span><\/p>\n<\/li>\n<li data-start=\"1161\" data-end=\"1202\">\n<p data-start=\"1163\" data-end=\"1202\"><span style=\"color: #000000\">Dr\u0117kina, maitina ir stiprina plaukus.<\/span><\/p>\n<\/li>\n<li data-start=\"1203\" data-end=\"1238\">\n<p data-start=\"1205\" data-end=\"1238\"><span style=\"color: #000000\">Reguliuoja riebal\u0173 i\u0161siskyrim\u0105.<\/span><\/p>\n<\/li>\n<li data-start=\"1239\" data-end=\"1287\">\n<p data-start=\"1241\" data-end=\"1287\"><span style=\"color: #000000\">Suma\u017eina l\u016b\u017ein\u0117jim\u0105 ir suteikia elastingumo.<\/span><\/p>\n<\/li>\n<li data-start=\"1288\" data-end=\"1348\">\n<p data-start=\"1290\" data-end=\"1348\"><span style=\"color: #000000\">Atgaivina plaukus, suteikia jiems \u0161velnumo ir blizgesio.<\/span><\/p>\n<\/li>\n<\/ul>\n<p data-start=\"1350\" data-end=\"1553\"><span style=\"color: #000000\"><strong data-start=\"1350\" data-end=\"1365\">Naudojimas:<\/strong><\/span><br data-start=\"1365\" data-end=\"1368\" \/><span style=\"color: #000000\">Nedidel\u012f kiek\u012f \u0161amp\u016bno \u012fmasa\u017euokite \u012f dr\u0117gnus plaukus ir galvos od\u0105.<\/span><br data-start=\"1436\" data-end=\"1439\" \/><span style=\"color: #000000\">Palikite veikti <strong data-start=\"1455\" data-end=\"1470\">2\u20133 minutes<\/strong>, tuomet gerai i\u0161skalaukite \u0161altu vandeniu.<\/span><br data-start=\"1513\" data-end=\"1516\" \/><span style=\"color: #000000\">Rekomenduojama naudoti reguliariai.<\/span><\/p>\n<p data-start=\"1555\" data-end=\"1885\"><span style=\"color: #000000\"><strong data-start=\"1555\" data-end=\"1574\">Apie gamintoj\u0105:<\/strong><\/span><br data-start=\"1574\" data-end=\"1577\" \/><span style=\"color: #000000\"><strong data-start=\"1577\" data-end=\"1600\">YUNSEY Professional<\/strong> \u2013 Ispanijos prek\u0117s \u017eenklas, kuriantis <strong data-start=\"1639\" data-end=\"1701\">auk\u0161tos kokyb\u0117s profesionalias plauk\u0173 prie\u017ei\u016bros priemones<\/strong>, skirtas tiek kasdieniam, tiek saloniniam naudojimui. Visi produktai sukurti taip, kad atkurt\u0173 plauk\u0173 elastingum\u0105, suteikt\u0173 jiems <strong data-start=\"1832\" data-end=\"1882\">blizgesio, mink\u0161tumo ir ilgalaikio gyvybingumo<\/strong>.<\/span><\/p>\n","protected":false},"excerpt":{"rendered":"<p>YUNSEY \u201eVigorance\u201c \u0161amp\u016bnas balansuoja riebius plauk\u0173 \u0161aknis ir maitina sausus galiukus \u2013 \u0161var\u016bs, gyvybingi ir dr\u0117kinami plaukai kiekvien\u0105 dien\u0105.<\/p>\n","protected":false},"featured_media":21346,"template":"","meta":[],"product_brand":[513],"product_cat":[185],"product_tag":[1143],"class_list":{"0":"post-19234","1":"product","2":"type-product","3":"status-publish","4":"has-post-thumbnail","6":"product_brand-yunsey","7":"product_cat-plauku-sampunai","8":"product_tag-yunsey","10":"first","11":"outofstock","12":"sale","13":"taxable","14":"shipping-taxable","15":"purchasable","16":"product-type-simple"},"yoast_head":"<!-- This site is optimized with the Yoast SEO plugin v27.4 - https:\/\/yoast.com\/product\/yoast-seo-wordpress\/ -->\n<title>YUNSEY VIGORANCE SHAMPOO FOR DRY ENDS &amp; OILY ROOTS \u0161amp\u016bnas riebiems plaukams ir sausiems j\u0173 galiukams, 300 ml - MalinaShop.lt J\u016bs\u0173 sveikatai ir gro\u017eiui.<\/title>\n<meta name=\"description\" content=\"YUNSEY \u201eVigorance\u201c \u0161amp\u016bnas balansuoja riebius \u0161aknis ir sausus galiukus, maitina, dr\u0117kina ir suteikia plaukams \u0161velnumo bei spindesio.\" \/>\n<meta name=\"robots\" content=\"index, follow, max-snippet:-1, max-image-preview:large, max-video-preview:-1\" \/>\n<link rel=\"canonical\" href=\"https:\/\/www.malinashop.lt\/en\/shop\/yunsey-vigorance-shampoo-for-dry-ends-oily-roots-sampunas-riebiems-plaukams-ir-sausiems-ju-galiukams-300-ml\/\" \/>\n<meta property=\"og:locale\" content=\"en_GB\" \/>\n<meta property=\"og:type\" content=\"article\" \/>\n<meta property=\"og:title\" content=\"YUNSEY VIGORANCE SHAMPOO FOR DRY ENDS &amp; OILY ROOTS \u0161amp\u016bnas riebiems plaukams ir sausiems j\u0173 galiukams, 300 ml - MalinaShop.lt J\u016bs\u0173 sveikatai ir gro\u017eiui.\" \/>\n<meta property=\"og:description\" content=\"YUNSEY \u201eVigorance\u201c \u0161amp\u016bnas balansuoja riebius \u0161aknis ir sausus galiukus, maitina, dr\u0117kina ir suteikia plaukams \u0161velnumo bei spindesio.\" \/>\n<meta property=\"og:url\" content=\"https:\/\/www.malinashop.lt\/en\/shop\/yunsey-vigorance-shampoo-for-dry-ends-oily-roots-sampunas-riebiems-plaukams-ir-sausiems-ju-galiukams-300-ml\/\" \/>\n<meta property=\"og:site_name\" content=\"MalinaShop.lt J\u016bs\u0173 sveikatai ir gro\u017eiui.\" \/>\n<meta property=\"article:modified_time\" content=\"2026-02-27T07:00:06+00:00\" \/>\n<meta property=\"og:image\" content=\"https:\/\/www.malinashop.lt\/wp-content\/uploads\/2024\/11\/yunsey-sampunas-riebiems-plaukams-ir-sausiems-ju-galiukams-vigorance-300-ml-1.jpg\" \/>\n\t<meta property=\"og:image:width\" content=\"388\" \/>\n\t<meta property=\"og:image:height\" content=\"388\" \/>\n\t<meta property=\"og:image:type\" content=\"image\/jpeg\" \/>\n<meta name=\"twitter:card\" content=\"summary_large_image\" \/>\n<script type=\"application\/ld+json\" class=\"yoast-schema-graph\">{\"@context\":\"https:\\\/\\\/schema.org\",\"@graph\":[{\"@type\":\"WebPage\",\"@id\":\"https:\\\/\\\/www.malinashop.lt\\\/lt_lt\\\/shop\\\/yunsey-vigorance-shampoo-for-dry-ends-oily-roots-sampunas-riebiems-plaukams-ir-sausiems-ju-galiukams-300-ml\\\/\",\"url\":\"https:\\\/\\\/www.malinashop.lt\\\/lt_lt\\\/shop\\\/yunsey-vigorance-shampoo-for-dry-ends-oily-roots-sampunas-riebiems-plaukams-ir-sausiems-ju-galiukams-300-ml\\\/\",\"name\":\"YUNSEY VIGORANCE SHAMPOO FOR DRY ENDS &amp; OILY ROOTS \u0161amp\u016bnas riebiems plaukams ir sausiems j\u0173 galiukams, 300 ml - MalinaShop.lt J\u016bs\u0173 sveikatai ir gro\u017eiui.\",\"isPartOf\":{\"@id\":\"https:\\\/\\\/www.malinashop.lt\\\/#website\"},\"primaryImageOfPage\":{\"@id\":\"https:\\\/\\\/www.malinashop.lt\\\/lt_lt\\\/shop\\\/yunsey-vigorance-shampoo-for-dry-ends-oily-roots-sampunas-riebiems-plaukams-ir-sausiems-ju-galiukams-300-ml\\\/#primaryimage\"},\"image\":{\"@id\":\"https:\\\/\\\/www.malinashop.lt\\\/lt_lt\\\/shop\\\/yunsey-vigorance-shampoo-for-dry-ends-oily-roots-sampunas-riebiems-plaukams-ir-sausiems-ju-galiukams-300-ml\\\/#primaryimage\"},\"thumbnailUrl\":\"https:\\\/\\\/www.malinashop.lt\\\/wp-content\\\/uploads\\\/2024\\\/11\\\/yunsey-sampunas-riebiems-plaukams-ir-sausiems-ju-galiukams-vigorance-300-ml-1.jpg\",\"datePublished\":\"2024-11-06T12:51:32+00:00\",\"dateModified\":\"2026-02-27T07:00:06+00:00\",\"description\":\"YUNSEY \u201eVigorance\u201c \u0161amp\u016bnas balansuoja riebius \u0161aknis ir sausus galiukus, maitina, dr\u0117kina ir suteikia plaukams \u0161velnumo bei spindesio.\",\"breadcrumb\":{\"@id\":\"https:\\\/\\\/www.malinashop.lt\\\/lt_lt\\\/shop\\\/yunsey-vigorance-shampoo-for-dry-ends-oily-roots-sampunas-riebiems-plaukams-ir-sausiems-ju-galiukams-300-ml\\\/#breadcrumb\"},\"inLanguage\":\"en-GB\",\"potentialAction\":[{\"@type\":\"ReadAction\",\"target\":[\"https:\\\/\\\/www.malinashop.lt\\\/lt_lt\\\/shop\\\/yunsey-vigorance-shampoo-for-dry-ends-oily-roots-sampunas-riebiems-plaukams-ir-sausiems-ju-galiukams-300-ml\\\/\"]}]},{\"@type\":\"ImageObject\",\"inLanguage\":\"en-GB\",\"@id\":\"https:\\\/\\\/www.malinashop.lt\\\/lt_lt\\\/shop\\\/yunsey-vigorance-shampoo-for-dry-ends-oily-roots-sampunas-riebiems-plaukams-ir-sausiems-ju-galiukams-300-ml\\\/#primaryimage\",\"url\":\"https:\\\/\\\/www.malinashop.lt\\\/wp-content\\\/uploads\\\/2024\\\/11\\\/yunsey-sampunas-riebiems-plaukams-ir-sausiems-ju-galiukams-vigorance-300-ml-1.jpg\",\"contentUrl\":\"https:\\\/\\\/www.malinashop.lt\\\/wp-content\\\/uploads\\\/2024\\\/11\\\/yunsey-sampunas-riebiems-plaukams-ir-sausiems-ju-galiukams-vigorance-300-ml-1.jpg\",\"width\":388,\"height\":388},{\"@type\":\"BreadcrumbList\",\"@id\":\"https:\\\/\\\/www.malinashop.lt\\\/lt_lt\\\/shop\\\/yunsey-vigorance-shampoo-for-dry-ends-oily-roots-sampunas-riebiems-plaukams-ir-sausiems-ju-galiukams-300-ml\\\/#breadcrumb\",\"itemListElement\":[{\"@type\":\"ListItem\",\"position\":1,\"name\":\"Pagrindinis\",\"item\":\"https:\\\/\\\/www.malinashop.lt\\\/\"},{\"@type\":\"ListItem\",\"position\":2,\"name\":\"Parduotuv\u0117\",\"item\":\"https:\\\/\\\/www.malinashop.lt\\\/en\\\/parduotuve\\\/\"},{\"@type\":\"ListItem\",\"position\":3,\"name\":\"YUNSEY VIGORANCE SHAMPOO FOR DRY ENDS &amp; OILY ROOTS \u0161amp\u016bnas riebiems plaukams ir sausiems j\u0173 galiukams, 300 ml\"}]},{\"@type\":\"WebSite\",\"@id\":\"https:\\\/\\\/www.malinashop.lt\\\/#website\",\"url\":\"https:\\\/\\\/www.malinashop.lt\\\/\",\"name\":\"COM Group Ecommerce\",\"description\":\"MalinaShop.lt - Gro\u017eio ir sveikatos produktai i\u0161 patikim\u0173 preki\u0173 \u017eenkl\u0173. Atraskite auk\u0161tos kokyb\u0117s kosmetik\u0105 u\u017e puiki\u0105 kain\u0105.\",\"publisher\":{\"@id\":\"https:\\\/\\\/www.malinashop.lt\\\/#organization\"},\"potentialAction\":[{\"@type\":\"SearchAction\",\"target\":{\"@type\":\"EntryPoint\",\"urlTemplate\":\"https:\\\/\\\/www.malinashop.lt\\\/?s={search_term_string}\"},\"query-input\":{\"@type\":\"PropertyValueSpecification\",\"valueRequired\":true,\"valueName\":\"search_term_string\"}}],\"inLanguage\":\"en-GB\"},{\"@type\":\"Organization\",\"@id\":\"https:\\\/\\\/www.malinashop.lt\\\/#organization\",\"name\":\"COM Group Ecommerce\",\"url\":\"https:\\\/\\\/www.malinashop.lt\\\/\",\"logo\":{\"@type\":\"ImageObject\",\"inLanguage\":\"en-GB\",\"@id\":\"https:\\\/\\\/www.malinashop.lt\\\/#\\\/schema\\\/logo\\\/image\\\/\",\"url\":\"https:\\\/\\\/www.malinashop.lt\\\/wp-content\\\/uploads\\\/2024\\\/08\\\/462559670_3787732518133670_9795632669273463_n-e1731525914575.png\",\"contentUrl\":\"https:\\\/\\\/www.malinashop.lt\\\/wp-content\\\/uploads\\\/2024\\\/08\\\/462559670_3787732518133670_9795632669273463_n-e1731525914575.png\",\"width\":180,\"height\":60,\"caption\":\"COM Group Ecommerce\"},\"image\":{\"@id\":\"https:\\\/\\\/www.malinashop.lt\\\/#\\\/schema\\\/logo\\\/image\\\/\"}}]}<\/script>\n<!-- \/ Yoast SEO plugin. -->","yoast_head_json":{"title":"YUNSEY VIGORANCE SHAMPOO FOR DRY ENDS &amp; OILY ROOTS \u0161amp\u016bnas riebiems plaukams ir sausiems j\u0173 galiukams, 300 ml - MalinaShop.lt J\u016bs\u0173 sveikatai ir gro\u017eiui.","description":"YUNSEY \u201eVigorance\u201c \u0161amp\u016bnas balansuoja riebius \u0161aknis ir sausus galiukus, maitina, dr\u0117kina ir suteikia plaukams \u0161velnumo bei spindesio.","robots":{"index":"index","follow":"follow","max-snippet":"max-snippet:-1","max-image-preview":"max-image-preview:large","max-video-preview":"max-video-preview:-1"},"canonical":"https:\/\/www.malinashop.lt\/en\/shop\/yunsey-vigorance-shampoo-for-dry-ends-oily-roots-sampunas-riebiems-plaukams-ir-sausiems-ju-galiukams-300-ml\/","og_locale":"en_GB","og_type":"article","og_title":"YUNSEY VIGORANCE SHAMPOO FOR DRY ENDS &amp; OILY ROOTS \u0161amp\u016bnas riebiems plaukams ir sausiems j\u0173 galiukams, 300 ml - MalinaShop.lt J\u016bs\u0173 sveikatai ir gro\u017eiui.","og_description":"YUNSEY \u201eVigorance\u201c \u0161amp\u016bnas balansuoja riebius \u0161aknis ir sausus galiukus, maitina, dr\u0117kina ir suteikia plaukams \u0161velnumo bei spindesio.","og_url":"https:\/\/www.malinashop.lt\/en\/shop\/yunsey-vigorance-shampoo-for-dry-ends-oily-roots-sampunas-riebiems-plaukams-ir-sausiems-ju-galiukams-300-ml\/","og_site_name":"MalinaShop.lt J\u016bs\u0173 sveikatai ir gro\u017eiui.","article_modified_time":"2026-02-27T07:00:06+00:00","og_image":[{"width":388,"height":388,"url":"https:\/\/www.malinashop.lt\/wp-content\/uploads\/2024\/11\/yunsey-sampunas-riebiems-plaukams-ir-sausiems-ju-galiukams-vigorance-300-ml-1.jpg","type":"image\/jpeg"}],"twitter_card":"summary_large_image","schema":{"@context":"https:\/\/schema.org","@graph":[{"@type":"WebPage","@id":"https:\/\/www.malinashop.lt\/lt_lt\/shop\/yunsey-vigorance-shampoo-for-dry-ends-oily-roots-sampunas-riebiems-plaukams-ir-sausiems-ju-galiukams-300-ml\/","url":"https:\/\/www.malinashop.lt\/lt_lt\/shop\/yunsey-vigorance-shampoo-for-dry-ends-oily-roots-sampunas-riebiems-plaukams-ir-sausiems-ju-galiukams-300-ml\/","name":"YUNSEY VIGORANCE SHAMPOO FOR DRY ENDS &amp; OILY ROOTS \u0161amp\u016bnas riebiems plaukams ir sausiems j\u0173 galiukams, 300 ml - MalinaShop.lt J\u016bs\u0173 sveikatai ir gro\u017eiui.","isPartOf":{"@id":"https:\/\/www.malinashop.lt\/#website"},"primaryImageOfPage":{"@id":"https:\/\/www.malinashop.lt\/lt_lt\/shop\/yunsey-vigorance-shampoo-for-dry-ends-oily-roots-sampunas-riebiems-plaukams-ir-sausiems-ju-galiukams-300-ml\/#primaryimage"},"image":{"@id":"https:\/\/www.malinashop.lt\/lt_lt\/shop\/yunsey-vigorance-shampoo-for-dry-ends-oily-roots-sampunas-riebiems-plaukams-ir-sausiems-ju-galiukams-300-ml\/#primaryimage"},"thumbnailUrl":"https:\/\/www.malinashop.lt\/wp-content\/uploads\/2024\/11\/yunsey-sampunas-riebiems-plaukams-ir-sausiems-ju-galiukams-vigorance-300-ml-1.jpg","datePublished":"2024-11-06T12:51:32+00:00","dateModified":"2026-02-27T07:00:06+00:00","description":"YUNSEY \u201eVigorance\u201c \u0161amp\u016bnas balansuoja riebius \u0161aknis ir sausus galiukus, maitina, dr\u0117kina ir suteikia plaukams \u0161velnumo bei spindesio.","breadcrumb":{"@id":"https:\/\/www.malinashop.lt\/lt_lt\/shop\/yunsey-vigorance-shampoo-for-dry-ends-oily-roots-sampunas-riebiems-plaukams-ir-sausiems-ju-galiukams-300-ml\/#breadcrumb"},"inLanguage":"en-GB","potentialAction":[{"@type":"ReadAction","target":["https:\/\/www.malinashop.lt\/lt_lt\/shop\/yunsey-vigorance-shampoo-for-dry-ends-oily-roots-sampunas-riebiems-plaukams-ir-sausiems-ju-galiukams-300-ml\/"]}]},{"@type":"ImageObject","inLanguage":"en-GB","@id":"https:\/\/www.malinashop.lt\/lt_lt\/shop\/yunsey-vigorance-shampoo-for-dry-ends-oily-roots-sampunas-riebiems-plaukams-ir-sausiems-ju-galiukams-300-ml\/#primaryimage","url":"https:\/\/www.malinashop.lt\/wp-content\/uploads\/2024\/11\/yunsey-sampunas-riebiems-plaukams-ir-sausiems-ju-galiukams-vigorance-300-ml-1.jpg","contentUrl":"https:\/\/www.malinashop.lt\/wp-content\/uploads\/2024\/11\/yunsey-sampunas-riebiems-plaukams-ir-sausiems-ju-galiukams-vigorance-300-ml-1.jpg","width":388,"height":388},{"@type":"BreadcrumbList","@id":"https:\/\/www.malinashop.lt\/lt_lt\/shop\/yunsey-vigorance-shampoo-for-dry-ends-oily-roots-sampunas-riebiems-plaukams-ir-sausiems-ju-galiukams-300-ml\/#breadcrumb","itemListElement":[{"@type":"ListItem","position":1,"name":"Pagrindinis","item":"https:\/\/www.malinashop.lt\/"},{"@type":"ListItem","position":2,"name":"Parduotuv\u0117","item":"https:\/\/www.malinashop.lt\/en\/parduotuve\/"},{"@type":"ListItem","position":3,"name":"YUNSEY VIGORANCE SHAMPOO FOR DRY ENDS &amp; OILY ROOTS \u0161amp\u016bnas riebiems plaukams ir sausiems j\u0173 galiukams, 300 ml"}]},{"@type":"WebSite","@id":"https:\/\/www.malinashop.lt\/#website","url":"https:\/\/www.malinashop.lt\/","name":"COM Group Ecommerce","description":"MalinaShop.lt - Gro\u017eio ir sveikatos produktai i\u0161 patikim\u0173 preki\u0173 \u017eenkl\u0173. Atraskite auk\u0161tos kokyb\u0117s kosmetik\u0105 u\u017e puiki\u0105 kain\u0105.","publisher":{"@id":"https:\/\/www.malinashop.lt\/#organization"},"potentialAction":[{"@type":"SearchAction","target":{"@type":"EntryPoint","urlTemplate":"https:\/\/www.malinashop.lt\/?s={search_term_string}"},"query-input":{"@type":"PropertyValueSpecification","valueRequired":true,"valueName":"search_term_string"}}],"inLanguage":"en-GB"},{"@type":"Organization","@id":"https:\/\/www.malinashop.lt\/#organization","name":"COM Group Ecommerce","url":"https:\/\/www.malinashop.lt\/","logo":{"@type":"ImageObject","inLanguage":"en-GB","@id":"https:\/\/www.malinashop.lt\/#\/schema\/logo\/image\/","url":"https:\/\/www.malinashop.lt\/wp-content\/uploads\/2024\/08\/462559670_3787732518133670_9795632669273463_n-e1731525914575.png","contentUrl":"https:\/\/www.malinashop.lt\/wp-content\/uploads\/2024\/08\/462559670_3787732518133670_9795632669273463_n-e1731525914575.png","width":180,"height":60,"caption":"COM Group Ecommerce"},"image":{"@id":"https:\/\/www.malinashop.lt\/#\/schema\/logo\/image\/"}}]}},"jetpack_sharing_enabled":true,"_links":{"self":[{"href":"https:\/\/www.malinashop.lt\/en\/wp-json\/wp\/v2\/product\/19234","targetHints":{"allow":["GET"]}}],"collection":[{"href":"https:\/\/www.malinashop.lt\/en\/wp-json\/wp\/v2\/product"}],"about":[{"href":"https:\/\/www.malinashop.lt\/en\/wp-json\/wp\/v2\/types\/product"}],"version-history":[{"count":4,"href":"https:\/\/www.malinashop.lt\/en\/wp-json\/wp\/v2\/product\/19234\/revisions"}],"predecessor-version":[{"id":75238,"href":"https:\/\/www.malinashop.lt\/en\/wp-json\/wp\/v2\/product\/19234\/revisions\/75238"}],"wp:featuredmedia":[{"embeddable":true,"href":"https:\/\/www.malinashop.lt\/en\/wp-json\/wp\/v2\/media\/21346"}],"wp:attachment":[{"href":"https:\/\/www.malinashop.lt\/en\/wp-json\/wp\/v2\/media?parent=19234"}],"wp:term":[{"taxonomy":"product_brand","embeddable":true,"href":"https:\/\/www.malinashop.lt\/en\/wp-json\/wp\/v2\/product_brand?post=19234"},{"taxonomy":"product_cat","embeddable":true,"href":"https:\/\/www.malinashop.lt\/en\/wp-json\/wp\/v2\/product_cat?post=19234"},{"taxonomy":"product_tag","embeddable":true,"href":"https:\/\/www.malinashop.lt\/en\/wp-json\/wp\/v2\/product_tag?post=19234"}],"curies":[{"name":"wp","href":"https:\/\/api.w.org\/{rel}","templated":true}]}}