{"id":19204,"date":"2024-11-06T15:51:28","date_gmt":"2024-11-06T12:51:28","guid":{"rendered":"https:\/\/malinashop.lt\/produktas\/yunsey-purskiamas-dvifazis-kondicionierius-plaukams-misko-uogu-aromato-500-ml\/"},"modified":"2026-04-13T23:06:04","modified_gmt":"2026-04-13T20:06:04","slug":"yunsey-purskiamas-dvifazis-kondicionierius-plaukams-misko-uogu-aromato-500-ml","status":"publish","type":"product","link":"https:\/\/www.malinashop.lt\/en\/shop\/yunsey-purskiamas-dvifazis-kondicionierius-plaukams-misko-uogu-aromato-500-ml\/","title":{"rendered":"YUNSEY pur\u0161kiamas dvifazis kondicionierius plaukams mi\u0161ko uog\u0173 aromato, 500 ml"},"content":{"rendered":"<p data-start=\"283\" data-end=\"517\"><span style=\"color: #000000\"><strong data-start=\"283\" data-end=\"349\">YUNSEY dvifazis pur\u0161kiamas kondicionierius su apelsin\u0173 aromatu<\/strong> \u2013 tai profesionali plauk\u0173 prie\u017ei\u016bros priemon\u0117, skirta <strong data-start=\"404\" data-end=\"426\">vis\u0173 tip\u0173 plaukams<\/strong>. Ji intensyviai maitina, atkuria ir apsaugo plaukus nuo i\u0161saus\u0117jimo bei saul\u0117s poveikio.<\/span><\/p>\n<p data-start=\"519\" data-end=\"578\"><span style=\"color: #000000\">Dvigubos formul\u0117s veikimas u\u017etikrina maksimal\u0173 rezultat\u0105:<\/span><\/p>\n<ul data-start=\"579\" data-end=\"825\">\n<li data-start=\"579\" data-end=\"700\">\n<p data-start=\"581\" data-end=\"700\"><span style=\"color: #000000\"><strong data-start=\"581\" data-end=\"599\">Vir\u0161utin\u0117 faz\u0117<\/strong> glotnina plauk\u0173 pavir\u0161i\u0173, suteikia jiems <strong data-start=\"641\" data-end=\"676\">blizgesio, \u0161velnumo ir lengvumo<\/strong>, palengvina \u0161ukavim\u0105.<\/span><\/p>\n<\/li>\n<li data-start=\"701\" data-end=\"825\">\n<p data-start=\"703\" data-end=\"825\"><span style=\"color: #000000\"><strong data-start=\"703\" data-end=\"719\">Apatin\u0117 faz\u0117<\/strong> giliai <strong data-start=\"727\" data-end=\"755\">maitina plauko strukt\u016br\u0105<\/strong>, suteikia elastingumo, apsaug\u0105 ir padeda atkurti pa\u017eeistus plaukus.<\/span><\/p>\n<\/li>\n<\/ul>\n<p data-start=\"827\" data-end=\"1249\"><span style=\"color: #000000\">Sud\u0117tyje esantys <strong data-start=\"844\" data-end=\"909\">augaliniai aliejai, aminor\u016bg\u0161tys, keratinas ir argano aliejus<\/strong> dr\u0117kina, stiprina ir maitina plaukus nuo \u0161akn\u0173 iki galiuk\u0173.<\/span><br data-start=\"969\" data-end=\"972\" \/><span style=\"color: #000000\"><strong data-start=\"972\" data-end=\"985\">Keratinas<\/strong> padeda atkurti plauk\u0173 strukt\u016br\u0105, ma\u017eina l\u016b\u017ein\u0117jim\u0105 ir \u0161akojim\u0105si.<\/span><br data-start=\"1051\" data-end=\"1054\" \/><span style=\"color: #000000\"><strong data-start=\"1054\" data-end=\"1072\">Argano aliejus<\/strong>, praturtintas <strong data-start=\"1087\" data-end=\"1101\">vitaminu E<\/strong>, suteikia plaukams gyvybingumo ir apsaugo nuo pleiskan\u0173.<\/span><br data-start=\"1158\" data-end=\"1161\" \/><span style=\"color: #000000\"><strong data-start=\"1161\" data-end=\"1182\">Apelsin\u0173 aromatas<\/strong> suteikia gaiv\u0173, energizuojant\u012f poj\u016bt\u012f, kuris i\u0161lieka vis\u0105 dien\u0105.<\/span><\/p>\n<p data-start=\"1251\" data-end=\"1329\"><span style=\"color: #000000\">Rezultatas \u2013 <strong data-start=\"1264\" data-end=\"1326\">\u0161veln\u016bs, glotn\u016bs, \u017evilgantys ir gaiviai kvepiantys plaukai<\/strong>.<\/span><\/p>\n<p data-start=\"1331\" data-end=\"1361\"><span style=\"color: #000000\"><strong data-start=\"1331\" data-end=\"1359\">Pagrindiniai privalumai:<\/strong><\/span><\/p>\n<ul data-start=\"1362\" data-end=\"1638\">\n<li data-start=\"1362\" data-end=\"1417\">\n<p data-start=\"1364\" data-end=\"1417\"><span style=\"color: #000000\">Dvifaz\u0117 formul\u0117 \u2013 \u0161velnumas, maitinimas ir apsauga.<\/span><\/p>\n<\/li>\n<li data-start=\"1418\" data-end=\"1484\">\n<p data-start=\"1420\" data-end=\"1484\"><span style=\"color: #000000\">Sud\u0117tyje \u2013 keratinas, argano aliejus ir augaliniai ekstraktai.<\/span><\/p>\n<\/li>\n<li data-start=\"1485\" data-end=\"1533\">\n<p data-start=\"1487\" data-end=\"1533\"><span style=\"color: #000000\">Saugo nuo UV spinduli\u0173 ir aplinkos poveikio.<\/span><\/p>\n<\/li>\n<li data-start=\"1534\" data-end=\"1587\">\n<p data-start=\"1536\" data-end=\"1587\"><span style=\"color: #000000\">Lengvina \u0161ukavim\u0105 ir suteikia plaukams \u017evilgesio.<\/span><\/p>\n<\/li>\n<li data-start=\"1588\" data-end=\"1638\">\n<p data-start=\"1590\" data-end=\"1638\"><span style=\"color: #000000\">Gaivus, ilgai i\u0161liekantis <strong data-start=\"1616\" data-end=\"1635\">apelsin\u0173 kvapas<\/strong>.<\/span><\/p>\n<\/li>\n<\/ul>\n<p data-start=\"1640\" data-end=\"1879\"><span style=\"color: #000000\"><strong data-start=\"1640\" data-end=\"1655\">Naudojimas:<\/strong><\/span><br data-start=\"1655\" data-end=\"1658\" \/><span style=\"color: #000000\">Prie\u0161 naudojim\u0105 gerai suplakite, kad susimai\u0161yt\u0173 abi faz\u0117s.<\/span><br data-start=\"1717\" data-end=\"1720\" \/><span style=\"color: #000000\">Purk\u0161kite ant dr\u0117gn\u0173 ar saus\u0173 plauk\u0173 ir tolygiai paskirstykite per vis\u0105 ilg\u012f.<\/span><br data-start=\"1797\" data-end=\"1800\" \/><span style=\"color: #000000\">Nenuskalaukite. Naudokite kasdien, kad plaukai i\u0161likt\u0173 \u0161veln\u016bs ir spindintys.<\/span><\/p>\n<p data-start=\"1881\" data-end=\"2077\"><span style=\"color: #000000\"><strong data-start=\"1881\" data-end=\"1900\">Apie gamintoj\u0105:<\/strong><\/span><br data-start=\"1900\" data-end=\"1903\" \/><span style=\"color: #000000\"><strong data-start=\"1903\" data-end=\"1926\">YUNSEY Professional<\/strong> \u2013 Ispanijos plauk\u0173 prie\u017ei\u016bros ekspertai, kuriantys profesionalius produktus, u\u017etikrinan\u010dius <strong data-start=\"2019\" data-end=\"2074\">stiprius, elastingus ir sveikai \u017evilgan\u010dius plaukus<\/strong>.<\/span><\/p>\n","protected":false},"excerpt":{"rendered":"<p>YUNSEY dvifazis kondicionierius su apelsin\u0173 aromatu maitina, glotnina ir suteikia plaukams \u017evilgesio bei gaiv\u0173 citrusin\u012f kvap\u0105 be skalavimo.<\/p>\n","protected":false},"featured_media":18664,"template":"","meta":[],"product_brand":[513],"product_cat":[514],"product_tag":[1143],"class_list":{"0":"post-19204","1":"product","2":"type-product","3":"status-publish","4":"has-post-thumbnail","6":"product_brand-yunsey","7":"product_cat-plauku-kondicionieriai-ir-balzamai","8":"product_tag-yunsey","10":"first","11":"outofstock","12":"sale","13":"taxable","14":"shipping-taxable","15":"purchasable","16":"product-type-simple"},"yoast_head":"<!-- This site is optimized with the Yoast SEO plugin v27.4 - https:\/\/yoast.com\/product\/yoast-seo-wordpress\/ -->\n<title>YUNSEY pur\u0161kiamas dvifazis kondicionierius plaukams mi\u0161ko uog\u0173 aromato, 500 ml - MalinaShop.lt J\u016bs\u0173 sveikatai ir gro\u017eiui.<\/title>\n<meta name=\"description\" content=\"YUNSEY dvifazis kondicionierius su apelsin\u0173 aromatu maitina, glotnina ir suteikia plaukams \u017evilgesio bei ilgai i\u0161liekant\u012f gaiv\u0173 kvap\u0105 be skalavimo.\" \/>\n<meta name=\"robots\" content=\"index, follow, max-snippet:-1, max-image-preview:large, max-video-preview:-1\" \/>\n<link rel=\"canonical\" href=\"https:\/\/www.malinashop.lt\/en\/shop\/yunsey-purskiamas-dvifazis-kondicionierius-plaukams-misko-uogu-aromato-500-ml\/\" \/>\n<meta property=\"og:locale\" content=\"en_GB\" \/>\n<meta property=\"og:type\" content=\"article\" \/>\n<meta property=\"og:title\" content=\"YUNSEY pur\u0161kiamas dvifazis kondicionierius plaukams mi\u0161ko uog\u0173 aromato, 500 ml - MalinaShop.lt J\u016bs\u0173 sveikatai ir gro\u017eiui.\" \/>\n<meta property=\"og:description\" content=\"YUNSEY dvifazis kondicionierius su apelsin\u0173 aromatu maitina, glotnina ir suteikia plaukams \u017evilgesio bei ilgai i\u0161liekant\u012f gaiv\u0173 kvap\u0105 be skalavimo.\" \/>\n<meta property=\"og:url\" content=\"https:\/\/www.malinashop.lt\/en\/shop\/yunsey-purskiamas-dvifazis-kondicionierius-plaukams-misko-uogu-aromato-500-ml\/\" \/>\n<meta property=\"og:site_name\" content=\"MalinaShop.lt J\u016bs\u0173 sveikatai ir gro\u017eiui.\" \/>\n<meta property=\"article:modified_time\" content=\"2026-04-13T20:06:04+00:00\" \/>\n<meta property=\"og:image\" content=\"https:\/\/www.malinashop.lt\/wp-content\/uploads\/2024\/11\/YUNSEY-purskiamas-dvifazis-kondicionierius-plaukams-misko-uogu-aromato-500-ml.jpg\" \/>\n\t<meta property=\"og:image:width\" content=\"800\" \/>\n\t<meta property=\"og:image:height\" content=\"800\" \/>\n\t<meta property=\"og:image:type\" content=\"image\/jpeg\" \/>\n<meta name=\"twitter:card\" content=\"summary_large_image\" \/>\n<script type=\"application\/ld+json\" class=\"yoast-schema-graph\">{\"@context\":\"https:\\\/\\\/schema.org\",\"@graph\":[{\"@type\":\"WebPage\",\"@id\":\"https:\\\/\\\/www.malinashop.lt\\\/lt_lt\\\/shop\\\/yunsey-purskiamas-dvifazis-kondicionierius-plaukams-misko-uogu-aromato-500-ml\\\/\",\"url\":\"https:\\\/\\\/www.malinashop.lt\\\/lt_lt\\\/shop\\\/yunsey-purskiamas-dvifazis-kondicionierius-plaukams-misko-uogu-aromato-500-ml\\\/\",\"name\":\"YUNSEY pur\u0161kiamas dvifazis kondicionierius plaukams mi\u0161ko uog\u0173 aromato, 500 ml - MalinaShop.lt J\u016bs\u0173 sveikatai ir gro\u017eiui.\",\"isPartOf\":{\"@id\":\"https:\\\/\\\/www.malinashop.lt\\\/#website\"},\"primaryImageOfPage\":{\"@id\":\"https:\\\/\\\/www.malinashop.lt\\\/lt_lt\\\/shop\\\/yunsey-purskiamas-dvifazis-kondicionierius-plaukams-misko-uogu-aromato-500-ml\\\/#primaryimage\"},\"image\":{\"@id\":\"https:\\\/\\\/www.malinashop.lt\\\/lt_lt\\\/shop\\\/yunsey-purskiamas-dvifazis-kondicionierius-plaukams-misko-uogu-aromato-500-ml\\\/#primaryimage\"},\"thumbnailUrl\":\"https:\\\/\\\/www.malinashop.lt\\\/wp-content\\\/uploads\\\/2024\\\/11\\\/YUNSEY-purskiamas-dvifazis-kondicionierius-plaukams-misko-uogu-aromato-500-ml.jpg\",\"datePublished\":\"2024-11-06T12:51:28+00:00\",\"dateModified\":\"2026-04-13T20:06:04+00:00\",\"description\":\"YUNSEY dvifazis kondicionierius su apelsin\u0173 aromatu maitina, glotnina ir suteikia plaukams \u017evilgesio bei ilgai i\u0161liekant\u012f gaiv\u0173 kvap\u0105 be skalavimo.\",\"breadcrumb\":{\"@id\":\"https:\\\/\\\/www.malinashop.lt\\\/lt_lt\\\/shop\\\/yunsey-purskiamas-dvifazis-kondicionierius-plaukams-misko-uogu-aromato-500-ml\\\/#breadcrumb\"},\"inLanguage\":\"en-GB\",\"potentialAction\":[{\"@type\":\"ReadAction\",\"target\":[\"https:\\\/\\\/www.malinashop.lt\\\/lt_lt\\\/shop\\\/yunsey-purskiamas-dvifazis-kondicionierius-plaukams-misko-uogu-aromato-500-ml\\\/\"]}]},{\"@type\":\"ImageObject\",\"inLanguage\":\"en-GB\",\"@id\":\"https:\\\/\\\/www.malinashop.lt\\\/lt_lt\\\/shop\\\/yunsey-purskiamas-dvifazis-kondicionierius-plaukams-misko-uogu-aromato-500-ml\\\/#primaryimage\",\"url\":\"https:\\\/\\\/www.malinashop.lt\\\/wp-content\\\/uploads\\\/2024\\\/11\\\/YUNSEY-purskiamas-dvifazis-kondicionierius-plaukams-misko-uogu-aromato-500-ml.jpg\",\"contentUrl\":\"https:\\\/\\\/www.malinashop.lt\\\/wp-content\\\/uploads\\\/2024\\\/11\\\/YUNSEY-purskiamas-dvifazis-kondicionierius-plaukams-misko-uogu-aromato-500-ml.jpg\",\"width\":800,\"height\":800},{\"@type\":\"BreadcrumbList\",\"@id\":\"https:\\\/\\\/www.malinashop.lt\\\/lt_lt\\\/shop\\\/yunsey-purskiamas-dvifazis-kondicionierius-plaukams-misko-uogu-aromato-500-ml\\\/#breadcrumb\",\"itemListElement\":[{\"@type\":\"ListItem\",\"position\":1,\"name\":\"Pagrindinis\",\"item\":\"https:\\\/\\\/www.malinashop.lt\\\/\"},{\"@type\":\"ListItem\",\"position\":2,\"name\":\"Parduotuv\u0117\",\"item\":\"https:\\\/\\\/www.malinashop.lt\\\/en\\\/parduotuve\\\/\"},{\"@type\":\"ListItem\",\"position\":3,\"name\":\"YUNSEY pur\u0161kiamas dvifazis kondicionierius plaukams mi\u0161ko uog\u0173 aromato, 500 ml\"}]},{\"@type\":\"WebSite\",\"@id\":\"https:\\\/\\\/www.malinashop.lt\\\/#website\",\"url\":\"https:\\\/\\\/www.malinashop.lt\\\/\",\"name\":\"COM Group Ecommerce\",\"description\":\"MalinaShop.lt - Gro\u017eio ir sveikatos produktai i\u0161 patikim\u0173 preki\u0173 \u017eenkl\u0173. Atraskite auk\u0161tos kokyb\u0117s kosmetik\u0105 u\u017e puiki\u0105 kain\u0105.\",\"publisher\":{\"@id\":\"https:\\\/\\\/www.malinashop.lt\\\/#organization\"},\"potentialAction\":[{\"@type\":\"SearchAction\",\"target\":{\"@type\":\"EntryPoint\",\"urlTemplate\":\"https:\\\/\\\/www.malinashop.lt\\\/?s={search_term_string}\"},\"query-input\":{\"@type\":\"PropertyValueSpecification\",\"valueRequired\":true,\"valueName\":\"search_term_string\"}}],\"inLanguage\":\"en-GB\"},{\"@type\":\"Organization\",\"@id\":\"https:\\\/\\\/www.malinashop.lt\\\/#organization\",\"name\":\"COM Group Ecommerce\",\"url\":\"https:\\\/\\\/www.malinashop.lt\\\/\",\"logo\":{\"@type\":\"ImageObject\",\"inLanguage\":\"en-GB\",\"@id\":\"https:\\\/\\\/www.malinashop.lt\\\/#\\\/schema\\\/logo\\\/image\\\/\",\"url\":\"https:\\\/\\\/www.malinashop.lt\\\/wp-content\\\/uploads\\\/2024\\\/08\\\/462559670_3787732518133670_9795632669273463_n-e1731525914575.png\",\"contentUrl\":\"https:\\\/\\\/www.malinashop.lt\\\/wp-content\\\/uploads\\\/2024\\\/08\\\/462559670_3787732518133670_9795632669273463_n-e1731525914575.png\",\"width\":180,\"height\":60,\"caption\":\"COM Group Ecommerce\"},\"image\":{\"@id\":\"https:\\\/\\\/www.malinashop.lt\\\/#\\\/schema\\\/logo\\\/image\\\/\"}}]}<\/script>\n<!-- \/ Yoast SEO plugin. -->","yoast_head_json":{"title":"YUNSEY pur\u0161kiamas dvifazis kondicionierius plaukams mi\u0161ko uog\u0173 aromato, 500 ml - MalinaShop.lt J\u016bs\u0173 sveikatai ir gro\u017eiui.","description":"YUNSEY dvifazis kondicionierius su apelsin\u0173 aromatu maitina, glotnina ir suteikia plaukams \u017evilgesio bei ilgai i\u0161liekant\u012f gaiv\u0173 kvap\u0105 be skalavimo.","robots":{"index":"index","follow":"follow","max-snippet":"max-snippet:-1","max-image-preview":"max-image-preview:large","max-video-preview":"max-video-preview:-1"},"canonical":"https:\/\/www.malinashop.lt\/en\/shop\/yunsey-purskiamas-dvifazis-kondicionierius-plaukams-misko-uogu-aromato-500-ml\/","og_locale":"en_GB","og_type":"article","og_title":"YUNSEY pur\u0161kiamas dvifazis kondicionierius plaukams mi\u0161ko uog\u0173 aromato, 500 ml - MalinaShop.lt J\u016bs\u0173 sveikatai ir gro\u017eiui.","og_description":"YUNSEY dvifazis kondicionierius su apelsin\u0173 aromatu maitina, glotnina ir suteikia plaukams \u017evilgesio bei ilgai i\u0161liekant\u012f gaiv\u0173 kvap\u0105 be skalavimo.","og_url":"https:\/\/www.malinashop.lt\/en\/shop\/yunsey-purskiamas-dvifazis-kondicionierius-plaukams-misko-uogu-aromato-500-ml\/","og_site_name":"MalinaShop.lt J\u016bs\u0173 sveikatai ir gro\u017eiui.","article_modified_time":"2026-04-13T20:06:04+00:00","og_image":[{"width":800,"height":800,"url":"https:\/\/www.malinashop.lt\/wp-content\/uploads\/2024\/11\/YUNSEY-purskiamas-dvifazis-kondicionierius-plaukams-misko-uogu-aromato-500-ml.jpg","type":"image\/jpeg"}],"twitter_card":"summary_large_image","schema":{"@context":"https:\/\/schema.org","@graph":[{"@type":"WebPage","@id":"https:\/\/www.malinashop.lt\/lt_lt\/shop\/yunsey-purskiamas-dvifazis-kondicionierius-plaukams-misko-uogu-aromato-500-ml\/","url":"https:\/\/www.malinashop.lt\/lt_lt\/shop\/yunsey-purskiamas-dvifazis-kondicionierius-plaukams-misko-uogu-aromato-500-ml\/","name":"YUNSEY pur\u0161kiamas dvifazis kondicionierius plaukams mi\u0161ko uog\u0173 aromato, 500 ml - MalinaShop.lt J\u016bs\u0173 sveikatai ir gro\u017eiui.","isPartOf":{"@id":"https:\/\/www.malinashop.lt\/#website"},"primaryImageOfPage":{"@id":"https:\/\/www.malinashop.lt\/lt_lt\/shop\/yunsey-purskiamas-dvifazis-kondicionierius-plaukams-misko-uogu-aromato-500-ml\/#primaryimage"},"image":{"@id":"https:\/\/www.malinashop.lt\/lt_lt\/shop\/yunsey-purskiamas-dvifazis-kondicionierius-plaukams-misko-uogu-aromato-500-ml\/#primaryimage"},"thumbnailUrl":"https:\/\/www.malinashop.lt\/wp-content\/uploads\/2024\/11\/YUNSEY-purskiamas-dvifazis-kondicionierius-plaukams-misko-uogu-aromato-500-ml.jpg","datePublished":"2024-11-06T12:51:28+00:00","dateModified":"2026-04-13T20:06:04+00:00","description":"YUNSEY dvifazis kondicionierius su apelsin\u0173 aromatu maitina, glotnina ir suteikia plaukams \u017evilgesio bei ilgai i\u0161liekant\u012f gaiv\u0173 kvap\u0105 be skalavimo.","breadcrumb":{"@id":"https:\/\/www.malinashop.lt\/lt_lt\/shop\/yunsey-purskiamas-dvifazis-kondicionierius-plaukams-misko-uogu-aromato-500-ml\/#breadcrumb"},"inLanguage":"en-GB","potentialAction":[{"@type":"ReadAction","target":["https:\/\/www.malinashop.lt\/lt_lt\/shop\/yunsey-purskiamas-dvifazis-kondicionierius-plaukams-misko-uogu-aromato-500-ml\/"]}]},{"@type":"ImageObject","inLanguage":"en-GB","@id":"https:\/\/www.malinashop.lt\/lt_lt\/shop\/yunsey-purskiamas-dvifazis-kondicionierius-plaukams-misko-uogu-aromato-500-ml\/#primaryimage","url":"https:\/\/www.malinashop.lt\/wp-content\/uploads\/2024\/11\/YUNSEY-purskiamas-dvifazis-kondicionierius-plaukams-misko-uogu-aromato-500-ml.jpg","contentUrl":"https:\/\/www.malinashop.lt\/wp-content\/uploads\/2024\/11\/YUNSEY-purskiamas-dvifazis-kondicionierius-plaukams-misko-uogu-aromato-500-ml.jpg","width":800,"height":800},{"@type":"BreadcrumbList","@id":"https:\/\/www.malinashop.lt\/lt_lt\/shop\/yunsey-purskiamas-dvifazis-kondicionierius-plaukams-misko-uogu-aromato-500-ml\/#breadcrumb","itemListElement":[{"@type":"ListItem","position":1,"name":"Pagrindinis","item":"https:\/\/www.malinashop.lt\/"},{"@type":"ListItem","position":2,"name":"Parduotuv\u0117","item":"https:\/\/www.malinashop.lt\/en\/parduotuve\/"},{"@type":"ListItem","position":3,"name":"YUNSEY pur\u0161kiamas dvifazis kondicionierius plaukams mi\u0161ko uog\u0173 aromato, 500 ml"}]},{"@type":"WebSite","@id":"https:\/\/www.malinashop.lt\/#website","url":"https:\/\/www.malinashop.lt\/","name":"COM Group Ecommerce","description":"MalinaShop.lt - Gro\u017eio ir sveikatos produktai i\u0161 patikim\u0173 preki\u0173 \u017eenkl\u0173. Atraskite auk\u0161tos kokyb\u0117s kosmetik\u0105 u\u017e puiki\u0105 kain\u0105.","publisher":{"@id":"https:\/\/www.malinashop.lt\/#organization"},"potentialAction":[{"@type":"SearchAction","target":{"@type":"EntryPoint","urlTemplate":"https:\/\/www.malinashop.lt\/?s={search_term_string}"},"query-input":{"@type":"PropertyValueSpecification","valueRequired":true,"valueName":"search_term_string"}}],"inLanguage":"en-GB"},{"@type":"Organization","@id":"https:\/\/www.malinashop.lt\/#organization","name":"COM Group Ecommerce","url":"https:\/\/www.malinashop.lt\/","logo":{"@type":"ImageObject","inLanguage":"en-GB","@id":"https:\/\/www.malinashop.lt\/#\/schema\/logo\/image\/","url":"https:\/\/www.malinashop.lt\/wp-content\/uploads\/2024\/08\/462559670_3787732518133670_9795632669273463_n-e1731525914575.png","contentUrl":"https:\/\/www.malinashop.lt\/wp-content\/uploads\/2024\/08\/462559670_3787732518133670_9795632669273463_n-e1731525914575.png","width":180,"height":60,"caption":"COM Group Ecommerce"},"image":{"@id":"https:\/\/www.malinashop.lt\/#\/schema\/logo\/image\/"}}]}},"jetpack_sharing_enabled":true,"_links":{"self":[{"href":"https:\/\/www.malinashop.lt\/en\/wp-json\/wp\/v2\/product\/19204","targetHints":{"allow":["GET"]}}],"collection":[{"href":"https:\/\/www.malinashop.lt\/en\/wp-json\/wp\/v2\/product"}],"about":[{"href":"https:\/\/www.malinashop.lt\/en\/wp-json\/wp\/v2\/types\/product"}],"version-history":[{"count":4,"href":"https:\/\/www.malinashop.lt\/en\/wp-json\/wp\/v2\/product\/19204\/revisions"}],"predecessor-version":[{"id":74006,"href":"https:\/\/www.malinashop.lt\/en\/wp-json\/wp\/v2\/product\/19204\/revisions\/74006"}],"wp:featuredmedia":[{"embeddable":true,"href":"https:\/\/www.malinashop.lt\/en\/wp-json\/wp\/v2\/media\/18664"}],"wp:attachment":[{"href":"https:\/\/www.malinashop.lt\/en\/wp-json\/wp\/v2\/media?parent=19204"}],"wp:term":[{"taxonomy":"product_brand","embeddable":true,"href":"https:\/\/www.malinashop.lt\/en\/wp-json\/wp\/v2\/product_brand?post=19204"},{"taxonomy":"product_cat","embeddable":true,"href":"https:\/\/www.malinashop.lt\/en\/wp-json\/wp\/v2\/product_cat?post=19204"},{"taxonomy":"product_tag","embeddable":true,"href":"https:\/\/www.malinashop.lt\/en\/wp-json\/wp\/v2\/product_tag?post=19204"}],"curies":[{"name":"wp","href":"https:\/\/api.w.org\/{rel}","templated":true}]}}